{"id":904,"date":"2022-09-27T14:03:22","date_gmt":"2022-09-27T14:03:22","guid":{"rendered":"http:\/\/iscavets.designproject.be\/?page_id=904"},"modified":"2023-06-01T15:00:14","modified_gmt":"2023-06-01T15:00:14","slug":"dierenarts-frederic","status":"publish","type":"page","link":"https:\/\/iscavets.be\/fr\/dierenarts-frederic\/","title":{"rendered":"V\u00e9t\u00e9rinaire Frederic"},"content":{"rendered":"\r\n<div class=\"wp-block-media-text alignwide is-stacked-on-mobile is-image-fill\"><figure class=\"wp-block-media-text__media\" style=\"background-image:url(https:\/\/iscavets.be\/wp-content\/uploads\/2023\/01\/fre-1-678x1024.jpg);background-position:4% 50%\"><img loading=\"lazy\" decoding=\"async\" width=\"678\" height=\"1024\" src=\"https:\/\/iscavets.be\/wp-content\/uploads\/2023\/01\/fre-1-678x1024.jpg\" alt=\"\" class=\"wp-image-2169 size-full\" srcset=\"https:\/\/iscavets.be\/wp-content\/uploads\/2023\/01\/fre-1-678x1024.jpg 678w, https:\/\/iscavets.be\/wp-content\/uploads\/2023\/01\/fre-1-199x300.jpg 199w, https:\/\/iscavets.be\/wp-content\/uploads\/2023\/01\/fre-1-768x1160.jpg 768w, https:\/\/iscavets.be\/wp-content\/uploads\/2023\/01\/fre-1-1017x1536.jpg 1017w, https:\/\/iscavets.be\/wp-content\/uploads\/2023\/01\/fre-1-1356x2048.jpg 1356w, https:\/\/iscavets.be\/wp-content\/uploads\/2023\/01\/fre-1-77x116.jpg 77w, https:\/\/iscavets.be\/wp-content\/uploads\/2023\/01\/fre-1-scaled.jpg 1696w\" sizes=\"auto, (max-width: 678px) 100vw, 678px\" \/><\/figure><div class=\"wp-block-media-text__content\">\r\n<p>Frederic Bouvez a obtenu son dipl\u00f4me de v\u00e9t\u00e9rinaire en 2002. Il a commenc\u00e9 \u00e0 travailler presque imm\u00e9diatement \u00e0 la clinique v\u00e9t\u00e9rinaire Anubis \u00e0 Aartselaar. Deux ans plus tard, il a commenc\u00e9 \u00e0 \u00e9tudier l&#8217;imagerie m\u00e9dicale (radiologie, \u00e9chographie, endoscopie et tomodensitom\u00e9trie).<\/p>\r\n\r\n\r\n\r\n<p>Depuis 2009, Frederic travaille dans son propre cabinet, Artemis, \u00e0 Malines, et travaille en tant qu&#8217;\u00e9chographiste ind\u00e9pendant avec un \u00e9chographe transportable.<\/p>\r\n\r\n\r\n\r\n<p>Outre des cours de perfectionnement r\u00e9guliers, il a effectu\u00e9 un stage au service de radiologie de l&#8217;Universit\u00e9 d&#8217;Utrecht et a suivi divers cours \u00e0 l&#8217;European School for Advanced Veterinary Studies (Advanced Ultrasound, Veterinary Cardiology, Internal Medicine).<\/p>\r\n\r\n\r\n\r\n<p>Fr\u00e9d\u00e9ric vient sur place, chez Iscavets une fois par mois, le mardi entre 10h et 12h, pour assurer le suivi des patients cardiaques par \u00e9chographie et \u00e9lectrocardiographie.<\/p>\r\n<\/div><\/div>\r\n","protected":false},"excerpt":{"rendered":"<p>Frederic Bouvez a obtenu son dipl\u00f4me de v\u00e9t\u00e9rinaire en 2002. Il a commenc\u00e9 \u00e0 travailler presque imm\u00e9diatement \u00e0 la clinique v\u00e9t\u00e9rinaire Anubis \u00e0 Aartselaar. Deux ans plus tard, il a commenc\u00e9 \u00e0 \u00e9tudier l&#8217;imagerie m\u00e9dicale (radiologie, \u00e9chographie, endoscopie et tomodensitom\u00e9trie). Depuis 2009, Frederic travaille dans son propre cabinet, Artemis, \u00e0 Malines, et travaille en tant&hellip;&nbsp;<a href=\"https:\/\/iscavets.be\/fr\/dierenarts-frederic\/\" rel=\"bookmark\">Read More &raquo;<span class=\"screen-reader-text\">V\u00e9t\u00e9rinaire Frederic<\/span><\/a><\/p>\n","protected":false},"author":2,"featured_media":0,"parent":0,"menu_order":0,"comment_status":"closed","ping_status":"closed","template":"","meta":{"neve_meta_sidebar":"","neve_meta_container":"","neve_meta_enable_content_width":"","neve_meta_content_width":0,"neve_meta_title_alignment":"","neve_meta_author_avatar":"","neve_post_elements_order":"","neve_meta_disable_header":"","neve_meta_disable_footer":"","neve_meta_disable_title":"","footnotes":""},"class_list":["post-904","page","type-page","status-publish","hentry"],"jetpack_sharing_enabled":true,"_links":{"self":[{"href":"https:\/\/iscavets.be\/fr\/wp-json\/wp\/v2\/pages\/904","targetHints":{"allow":["GET"]}}],"collection":[{"href":"https:\/\/iscavets.be\/fr\/wp-json\/wp\/v2\/pages"}],"about":[{"href":"https:\/\/iscavets.be\/fr\/wp-json\/wp\/v2\/types\/page"}],"author":[{"embeddable":true,"href":"https:\/\/iscavets.be\/fr\/wp-json\/wp\/v2\/users\/2"}],"replies":[{"embeddable":true,"href":"https:\/\/iscavets.be\/fr\/wp-json\/wp\/v2\/comments?post=904"}],"version-history":[{"count":10,"href":"https:\/\/iscavets.be\/fr\/wp-json\/wp\/v2\/pages\/904\/revisions"}],"predecessor-version":[{"id":2377,"href":"https:\/\/iscavets.be\/fr\/wp-json\/wp\/v2\/pages\/904\/revisions\/2377"}],"wp:attachment":[{"href":"https:\/\/iscavets.be\/fr\/wp-json\/wp\/v2\/media?parent=904"}],"curies":[{"name":"wp","href":"https:\/\/api.w.org\/{rel}","templated":true}]}}