{"id":902,"date":"2022-09-27T14:00:24","date_gmt":"2022-09-27T14:00:24","guid":{"rendered":"http:\/\/iscavets.designproject.be\/?page_id=902"},"modified":"2023-08-03T14:25:36","modified_gmt":"2023-08-03T12:25:36","slug":"dierenarts-henk","status":"publish","type":"page","link":"https:\/\/iscavets.be\/fr\/dierenarts-henk\/","title":{"rendered":"V\u00e9t\u00e9rinaire Henk"},"content":{"rendered":"\r\n<p><\/p>\r\n\r\n\r\n\r\n<div class=\"wp-block-media-text alignwide is-stacked-on-mobile is-image-fill\"><figure class=\"wp-block-media-text__media\" style=\"background-image:url(https:\/\/iscavets.be\/wp-content\/uploads\/2023\/08\/image00001-576x1024.png);background-position:60% 34%\"><img loading=\"lazy\" decoding=\"async\" width=\"576\" height=\"1024\" src=\"https:\/\/iscavets.be\/wp-content\/uploads\/2023\/08\/image00001-576x1024.png\" alt=\"\" class=\"wp-image-2399 size-full\" srcset=\"https:\/\/iscavets.be\/wp-content\/uploads\/2023\/08\/image00001-576x1024.png 576w, https:\/\/iscavets.be\/wp-content\/uploads\/2023\/08\/image00001-169x300.png 169w, https:\/\/iscavets.be\/wp-content\/uploads\/2023\/08\/image00001-65x116.png 65w, https:\/\/iscavets.be\/wp-content\/uploads\/2023\/08\/image00001.png 750w\" sizes=\"auto, (max-width: 576px) 100vw, 576px\" \/><\/figure><div class=\"wp-block-media-text__content\">\r\n<p>Henk Pardon a obtenu son dipl\u00f4me en 1997. Depuis 2006, il se concentre exclusivement sur l&#8217;orthop\u00e9die et travaille en tant que chirurgien orthop\u00e9dique dans diff\u00e9rents cabinets. <\/p>\r\n\r\n\r\n\r\n<p>Henk r\u00e9alise des interventions orthop\u00e9diques chez nous (y compris la correction chirurgicale de ruptures du ligament crois\u00e9, de luxations de la rotule, de fractures,&#8230;). <\/p>\r\n\r\n\r\n\r\n<p>Il participe \u00e0 de nombreux cours et conf\u00e9rences en Belgique et \u00e0 l&#8217;\u00e9tranger afin de se tenir au courant des derni\u00e8res nouvelles et techniques orthop\u00e9diques. Henk est \u00e9galement membre de l&#8217;ESVOT, la Soci\u00e9t\u00e9 europ\u00e9enne d&#8217;orthop\u00e9die et de traumatologie v\u00e9t\u00e9rinaires.<\/p>\r\n<\/div><\/div>\r\n","protected":false},"excerpt":{"rendered":"<p>Henk Pardon a obtenu son dipl\u00f4me en 1997. Depuis 2006, il se concentre exclusivement sur l&#8217;orthop\u00e9die et travaille en tant que chirurgien orthop\u00e9dique dans diff\u00e9rents cabinets. Henk r\u00e9alise des interventions orthop\u00e9diques chez nous (y compris la correction chirurgicale de ruptures du ligament crois\u00e9, de luxations de la rotule, de fractures,&#8230;). Il participe \u00e0 de nombreux&hellip;&nbsp;<a href=\"https:\/\/iscavets.be\/fr\/dierenarts-henk\/\" rel=\"bookmark\">Read More &raquo;<span class=\"screen-reader-text\">V\u00e9t\u00e9rinaire Henk<\/span><\/a><\/p>\n","protected":false},"author":2,"featured_media":0,"parent":0,"menu_order":0,"comment_status":"closed","ping_status":"closed","template":"","meta":{"neve_meta_sidebar":"","neve_meta_container":"","neve_meta_enable_content_width":"","neve_meta_content_width":0,"neve_meta_title_alignment":"","neve_meta_author_avatar":"","neve_post_elements_order":"","neve_meta_disable_header":"","neve_meta_disable_footer":"","neve_meta_disable_title":"","footnotes":""},"class_list":["post-902","page","type-page","status-publish","hentry"],"jetpack_sharing_enabled":true,"_links":{"self":[{"href":"https:\/\/iscavets.be\/fr\/wp-json\/wp\/v2\/pages\/902","targetHints":{"allow":["GET"]}}],"collection":[{"href":"https:\/\/iscavets.be\/fr\/wp-json\/wp\/v2\/pages"}],"about":[{"href":"https:\/\/iscavets.be\/fr\/wp-json\/wp\/v2\/types\/page"}],"author":[{"embeddable":true,"href":"https:\/\/iscavets.be\/fr\/wp-json\/wp\/v2\/users\/2"}],"replies":[{"embeddable":true,"href":"https:\/\/iscavets.be\/fr\/wp-json\/wp\/v2\/comments?post=902"}],"version-history":[{"count":7,"href":"https:\/\/iscavets.be\/fr\/wp-json\/wp\/v2\/pages\/902\/revisions"}],"predecessor-version":[{"id":2401,"href":"https:\/\/iscavets.be\/fr\/wp-json\/wp\/v2\/pages\/902\/revisions\/2401"}],"wp:attachment":[{"href":"https:\/\/iscavets.be\/fr\/wp-json\/wp\/v2\/media?parent=902"}],"curies":[{"name":"wp","href":"https:\/\/api.w.org\/{rel}","templated":true}]}}