{"id":89,"date":"2021-11-08T09:31:09","date_gmt":"2021-11-08T09:31:09","guid":{"rendered":"http:\/\/iscavets.designproject.be\/?page_id=89"},"modified":"2024-03-08T15:16:19","modified_gmt":"2024-03-08T14:16:19","slug":"iscavets-spoedgevallen","status":"publish","type":"page","link":"https:\/\/iscavets.be\/fr\/iscavets-cas-durgence\/","title":{"rendered":"En cas d'urgence"},"content":{"rendered":"\r\n<p>En cas d&#8217;urgence, vous pouvez toujours nous joindre par t\u00e9l\u00e9phone, de jour comme de nuit, au 02 688 29 61.<br>Une urgence n&#8217;est pas agr\u00e9able. La panique est l\u00e0. N\u00e9anmoins, il est pr\u00e9f\u00e9rable de garder la t\u00eate froide et de nous contacter par t\u00e9l\u00e9phone avant de venir. Si n\u00e9cessaire, nous pouvons reporter un rendez-vous d\u00e9j\u00e0 fix\u00e9 et prendre les dispositions n\u00e9cessaires pour une prise en charge rapide et optimale de votre animal.<br>Pour les week-ends, nous nous relayons avec d&#8217;autres coll\u00e8gues de la r\u00e9gion. Si vous \u00eates confront\u00e9 \u00e0 une urgence pendant le week-end, vous entendrez toujours le num\u00e9ro de t\u00e9l\u00e9phone du coll\u00e8gue de garde sur notre r\u00e9pondeur.<\/p>\r\n\r\n\r\n\r\n<div class=\"wp-block-cover\" style=\"min-height:271px;aspect-ratio:unset;\"><span aria-hidden=\"true\" class=\"wp-block-cover__background has-background-dim-0 has-background-dim\"><\/span><img loading=\"lazy\" decoding=\"async\" width=\"2048\" height=\"1356\" class=\"wp-block-cover__image-background wp-image-841\" alt=\"\" src=\"http:\/\/iscavets.designproject.be\/wp-content\/uploads\/2022\/09\/amber.jpg\" style=\"object-position:48% 13%\" data-object-fit=\"cover\" data-object-position=\"48% 13%\" srcset=\"https:\/\/iscavets.be\/wp-content\/uploads\/2022\/09\/amber.jpg 2048w, https:\/\/iscavets.be\/wp-content\/uploads\/2022\/09\/amber-300x199.jpg 300w, https:\/\/iscavets.be\/wp-content\/uploads\/2022\/09\/amber-1024x678.jpg 1024w, https:\/\/iscavets.be\/wp-content\/uploads\/2022\/09\/amber-768x509.jpg 768w, https:\/\/iscavets.be\/wp-content\/uploads\/2022\/09\/amber-1536x1017.jpg 1536w, https:\/\/iscavets.be\/wp-content\/uploads\/2022\/09\/amber-175x116.jpg 175w\" sizes=\"auto, (max-width: 2048px) 100vw, 2048px\" \/><div class=\"wp-block-cover__inner-container is-layout-flow wp-block-cover-is-layout-flow\">\r\n<p class=\"has-text-align-center has-large-font-size\"><\/p>\r\n<\/div><\/div>\r\n","protected":false},"excerpt":{"rendered":"<p>En cas d&#8217;urgence, vous pouvez toujours nous joindre par t\u00e9l\u00e9phone, de jour comme de nuit, au 02 688 29 61.Une urgence n&#8217;est pas agr\u00e9able. La panique est l\u00e0. N\u00e9anmoins, il est pr\u00e9f\u00e9rable de garder la t\u00eate froide et de nous contacter par t\u00e9l\u00e9phone avant de venir. Si n\u00e9cessaire, nous pouvons reporter un rendez-vous d\u00e9j\u00e0 fix\u00e9&hellip;&nbsp;<a href=\"https:\/\/iscavets.be\/fr\/iscavets-cas-durgence\/\" rel=\"bookmark\">Read More &raquo;<span class=\"screen-reader-text\">En cas d&#8217;urgence<\/span><\/a><\/p>\n","protected":false},"author":1,"featured_media":0,"parent":0,"menu_order":0,"comment_status":"closed","ping_status":"closed","template":"","meta":{"neve_meta_sidebar":"default","neve_meta_container":"","neve_meta_enable_content_width":"","neve_meta_content_width":70,"neve_meta_title_alignment":"","neve_meta_author_avatar":"","neve_post_elements_order":"","neve_meta_disable_header":"","neve_meta_disable_footer":"","neve_meta_disable_title":"","footnotes":""},"class_list":["post-89","page","type-page","status-publish","hentry"],"jetpack_sharing_enabled":true,"_links":{"self":[{"href":"https:\/\/iscavets.be\/fr\/wp-json\/wp\/v2\/pages\/89","targetHints":{"allow":["GET"]}}],"collection":[{"href":"https:\/\/iscavets.be\/fr\/wp-json\/wp\/v2\/pages"}],"about":[{"href":"https:\/\/iscavets.be\/fr\/wp-json\/wp\/v2\/types\/page"}],"author":[{"embeddable":true,"href":"https:\/\/iscavets.be\/fr\/wp-json\/wp\/v2\/users\/1"}],"replies":[{"embeddable":true,"href":"https:\/\/iscavets.be\/fr\/wp-json\/wp\/v2\/comments?post=89"}],"version-history":[{"count":18,"href":"https:\/\/iscavets.be\/fr\/wp-json\/wp\/v2\/pages\/89\/revisions"}],"predecessor-version":[{"id":1731,"href":"https:\/\/iscavets.be\/fr\/wp-json\/wp\/v2\/pages\/89\/revisions\/1731"}],"wp:attachment":[{"href":"https:\/\/iscavets.be\/fr\/wp-json\/wp\/v2\/media?parent=89"}],"curies":[{"name":"wp","href":"https:\/\/api.w.org\/{rel}","templated":true}]}}