{"id":574,"date":"2022-08-01T13:26:29","date_gmt":"2022-08-01T13:26:29","guid":{"rendered":"http:\/\/iscavets.designproject.be\/?page_id=574"},"modified":"2023-06-01T14:54:51","modified_gmt":"2023-06-01T14:54:51","slug":"assistente-sonia","status":"publish","type":"page","link":"https:\/\/iscavets.be\/fr\/assistante-sonia\/","title":{"rendered":"Assistante Sonia"},"content":{"rendered":"\r\n<div class=\"wp-block-media-text alignwide is-stacked-on-mobile is-image-fill\"><figure class=\"wp-block-media-text__media\" style=\"background-image:url(https:\/\/iscavets.be\/wp-content\/uploads\/2022\/11\/Iscavets-19-1024x683.jpg);background-position:50% 50%\"><img loading=\"lazy\" decoding=\"async\" width=\"1024\" height=\"683\" src=\"https:\/\/iscavets.be\/wp-content\/uploads\/2022\/11\/Iscavets-19-1024x683.jpg\" alt=\"\" class=\"wp-image-1330 size-full\" srcset=\"https:\/\/iscavets.be\/wp-content\/uploads\/2022\/11\/Iscavets-19-1024x683.jpg 1024w, https:\/\/iscavets.be\/wp-content\/uploads\/2022\/11\/Iscavets-19-300x200.jpg 300w, https:\/\/iscavets.be\/wp-content\/uploads\/2022\/11\/Iscavets-19-768x512.jpg 768w, https:\/\/iscavets.be\/wp-content\/uploads\/2022\/11\/Iscavets-19-1536x1024.jpg 1536w, https:\/\/iscavets.be\/wp-content\/uploads\/2022\/11\/Iscavets-19-2048x1365.jpg 2048w, https:\/\/iscavets.be\/wp-content\/uploads\/2022\/11\/Iscavets-19-930x620.jpg 930w, https:\/\/iscavets.be\/wp-content\/uploads\/2022\/11\/Iscavets-19-174x116.jpg 174w\" sizes=\"auto, (max-width: 1024px) 100vw, 1024px\" \/><\/figure><div class=\"wp-block-media-text__content\">\r\n<p>Si tout est toujours bien rang\u00e9, c&#8217;est gr\u00e2ce \u00e0 Sonia ! Le matin, c&#8217;est elle qui pr\u00e9pare le cabinet pour la journ\u00e9e. Elle veille \u00e0 ce que les livraisons soient contr\u00f4l\u00e9es et \u00e9tiquet\u00e9es. On la voit aussi r\u00e9guli\u00e8rement dans le cabinet, car elle est dou\u00e9e pour tenir les animaux. Par exemple, elle est toujours l\u00e0 lorsque le v\u00e9t\u00e9rinaire Fr\u00e9d\u00e9ric vient faire les \u00e9chographies cardiaques.<\/p>\r\n\r\n\r\n\r\n<p>Depuis mars 2022, Sonia est \u00e9galement devenue une aide indispensable dans nos salles d&#8217;op\u00e9ration et d&#8217;hospitalisation. Elle donne beaucoup d&#8217;amour et de tendresse \u00e0 nos patients hospitalis\u00e9s et aide Cat et Am\u00e9line \u00e0 s&#8217;occuper de vos loulous.<\/p>\r\n\r\n\r\n\r\n<p>Si vous la voyez, n&#8217;h\u00e9sitez pas \u00e0 discuter avec elle en portugais, fran\u00e7ais ou en anglais. <\/p>\r\n\r\n\r\n\r\n<p>Sonia rentre ensuite chez elle, retouver son mari, son fils et leur chat bien-aim\u00e9 Canelle. Elle a adopt\u00e9 Canelle en 2019 et il est devenu indispensable dans sa vie!<\/p>\r\n\r\n\r\n\r\n<p>Une perle \u00e0 ch\u00e9rir.<\/p>\r\n<\/div><\/div>\r\n\r\n\r\n\r\n<p><\/p>\r\n\r\n\r\n\r\n<p><\/p>\r\n","protected":false},"excerpt":{"rendered":"<p>Si tout est toujours bien rang\u00e9, c&#8217;est gr\u00e2ce \u00e0 Sonia ! Le matin, c&#8217;est elle qui pr\u00e9pare le cabinet pour la journ\u00e9e. Elle veille \u00e0 ce que les livraisons soient contr\u00f4l\u00e9es et \u00e9tiquet\u00e9es. On la voit aussi r\u00e9guli\u00e8rement dans le cabinet, car elle est dou\u00e9e pour tenir les animaux. Par exemple, elle est toujours l\u00e0&hellip;&nbsp;<a href=\"https:\/\/iscavets.be\/fr\/assistante-sonia\/\" rel=\"bookmark\">Read More &raquo;<span class=\"screen-reader-text\">Assistante Sonia<\/span><\/a><\/p>\n","protected":false},"author":2,"featured_media":0,"parent":0,"menu_order":0,"comment_status":"closed","ping_status":"closed","template":"","meta":{"neve_meta_sidebar":"","neve_meta_container":"","neve_meta_enable_content_width":"","neve_meta_content_width":0,"neve_meta_title_alignment":"","neve_meta_author_avatar":"","neve_post_elements_order":"","neve_meta_disable_header":"","neve_meta_disable_footer":"","neve_meta_disable_title":"","footnotes":""},"class_list":["post-574","page","type-page","status-publish","hentry"],"jetpack_sharing_enabled":true,"_links":{"self":[{"href":"https:\/\/iscavets.be\/fr\/wp-json\/wp\/v2\/pages\/574","targetHints":{"allow":["GET"]}}],"collection":[{"href":"https:\/\/iscavets.be\/fr\/wp-json\/wp\/v2\/pages"}],"about":[{"href":"https:\/\/iscavets.be\/fr\/wp-json\/wp\/v2\/types\/page"}],"author":[{"embeddable":true,"href":"https:\/\/iscavets.be\/fr\/wp-json\/wp\/v2\/users\/2"}],"replies":[{"embeddable":true,"href":"https:\/\/iscavets.be\/fr\/wp-json\/wp\/v2\/comments?post=574"}],"version-history":[{"count":19,"href":"https:\/\/iscavets.be\/fr\/wp-json\/wp\/v2\/pages\/574\/revisions"}],"predecessor-version":[{"id":2374,"href":"https:\/\/iscavets.be\/fr\/wp-json\/wp\/v2\/pages\/574\/revisions\/2374"}],"wp:attachment":[{"href":"https:\/\/iscavets.be\/fr\/wp-json\/wp\/v2\/media?parent=574"}],"curies":[{"name":"wp","href":"https:\/\/api.w.org\/{rel}","templated":true}]}}