{"id":370,"date":"2021-11-25T14:10:49","date_gmt":"2021-11-25T14:10:49","guid":{"rendered":"http:\/\/iscavets.designproject.be\/?page_id=370"},"modified":"2026-03-19T13:02:01","modified_gmt":"2026-03-19T12:02:01","slug":"nuttige-links","status":"publish","type":"page","link":"https:\/\/iscavets.be\/fr\/nuttige-links\/","title":{"rendered":"Liens utiles"},"content":{"rendered":"\r\n<p><a href=\"http:\/\/www.europetnet.com\/\" target=\"_blank\" rel=\"noreferrer noopener\">www.europetnet.com<\/a><br>Base de donn\u00e9es europ\u00e9enne d&#8217;enregistrement des puces \u00e9lectroniques : vous pouvez l&#8217;utiliser pour v\u00e9rifier si une puce est enregistr\u00e9e ailleurs qu&#8217;en Belgique.<\/p>\r\n\r\n\r\n\r\n<p><a rel=\"noreferrer noopener\" href=\"http:\/\/www.dogid.be\/\" target=\"_blank\">www.dogid.be<\/a><br>Base de donn\u00e9es officielle belge pour l&#8217;enregistrement des chiens.<\/p>\r\n\r\n\r\n\r\n<p><a rel=\"noreferrer noopener\" href=\"http:\/\/www.dogid.be\/\" target=\"_blank\"><\/a><a rel=\"noreferrer noopener\" href=\"http:\/\/www.catid.be\" target=\"_blank\">www.catid.be<\/a><br>Base de donn\u00e9es officielle belge d&#8217;enregistrement des chats\r\n.<\/p>\r\n\r\n\r\n\r\n<p><a rel=\"noreferrer noopener\" href=\"http:\/\/www.idchips.be\/\" target=\"_blank\">www.idchips.be<\/a><br>Base de donn\u00e9es d&#8217;enregistrement des micropuces pour tous les animaux sauf les chiens : vous y trouverez les chats enregistr\u00e9s avant 2017.<\/p>\r\n\r\n\r\n\r\n<p><a href=\"https:\/\/www.natuurhulpcentrum.be\/andere-opvangcentra-voor-vogels-en-wilde-dieren\/\" target=\"_blank\" rel=\"noreferrer noopener\">www.natuurhulpcentrum.be<\/a><br>Vous cherchez un centre d&#8217;accueil pour la faune sauvage ? Vous trouverez des centres d&#8217;accueil pour les animaux sauvages via le Centre d&#8217;aide \u00e0 la nature.<\/p>\r\n\r\n\r\n\r\n<p><a rel=\"noreferrer noopener\" href=\"http:\/\/www.antigifcentrum.be\/\" target=\"_blank\">www.antigifcentrum.be<\/a><br>Si vous vous demandez si ce que votre animal a mang\u00e9 est toxique.<\/p>\r\n\r\n\r\n\r\n<p><a href=\"http:\/\/www.icatcare.org\/\" target=\"_blank\" rel=\"noreferrer noopener\">www.icatcare.org<\/a><br>Tout sur le chat, en anglais, mais tr\u00e8s fiable.<\/p>\r\n\r\n\r\n\r\n<p><a href=\"http:\/\/www.konijnenbelangen.nl\/\" target=\"_blank\" rel=\"noreferrer noopener\">www.konijnenbelangen.nl<\/a><br>Tout sur les lapins.<\/p>\r\n\r\n\r\n\r\n<p><a href=\"http:\/\/www.huisdierinfo.be\/\" target=\"_blank\" rel=\"noreferrer noopener\">www.huisdierinfo.be<\/a><br>Portail gouvernemental sur les animaux de compagnie.<\/p>\r\n\r\n\r\n\r\n<p> <a href=\"http:\/\/animalrescueservice.be\" data-type=\"URL\" data-id=\"animalrescueservice.be\">www.animalrescueservice.be<\/a> <br>Organisation d&#8217;aide aux animaux sauvages dans le besoin en Belgique. <\/p>\r\n\r\n\r\n\r\n<p><a href=\"http:\/\/www.kruidvat.be\/nl\/blog\/vergiftiging-bij-huisdieren-let-op-met-deze-producten\/\" data-type=\"link\" data-id=\"www.kruidvat.be\/nl\/blog\/vergiftiging-bij-huisdieren-let-op-met-deze-producten\/\" target=\"_blank\" rel=\"noreferrer noopener\">www.kruidvat.be<\/a><br>Sur ce blog de Kruidvat, vous trouverez une liste de diff\u00e9rentes substances toxiques pour les animaux. En cas de doute, contactez le centre antipoison.<\/p>\r\n\r\n\r\n\r\n<div class=\"wp-block-cover is-light\"><img loading=\"lazy\" decoding=\"async\" width=\"2560\" height=\"1696\" class=\"wp-block-cover__image-background wp-image-2209\" alt=\"\" src=\"https:\/\/iscavets.designproject.be\/wp-content\/uploads\/2023\/01\/DSC_0751-scaled.jpg\" style=\"object-position:50% 63%\" data-object-fit=\"cover\" data-object-position=\"50% 63%\" srcset=\"https:\/\/iscavets.be\/wp-content\/uploads\/2023\/01\/DSC_0751-scaled.jpg 2560w, https:\/\/iscavets.be\/wp-content\/uploads\/2023\/01\/DSC_0751-300x199.jpg 300w, https:\/\/iscavets.be\/wp-content\/uploads\/2023\/01\/DSC_0751-1024x678.jpg 1024w, https:\/\/iscavets.be\/wp-content\/uploads\/2023\/01\/DSC_0751-768x509.jpg 768w, https:\/\/iscavets.be\/wp-content\/uploads\/2023\/01\/DSC_0751-1536x1017.jpg 1536w, https:\/\/iscavets.be\/wp-content\/uploads\/2023\/01\/DSC_0751-2048x1356.jpg 2048w, https:\/\/iscavets.be\/wp-content\/uploads\/2023\/01\/DSC_0751-175x116.jpg 175w\" sizes=\"auto, (max-width: 2560px) 100vw, 2560px\" \/><span aria-hidden=\"true\" class=\"wp-block-cover__background has-background-dim-0 has-background-dim\"><\/span><div class=\"wp-block-cover__inner-container is-layout-flow wp-block-cover-is-layout-flow\">\r\n<p class=\"has-text-align-center has-large-font-size\"><\/p>\r\n<\/div><\/div>\r\n","protected":false},"excerpt":{"rendered":"<p>www.europetnet.comBase de donn\u00e9es europ\u00e9enne d&#8217;enregistrement des puces \u00e9lectroniques : vous pouvez l&#8217;utiliser pour v\u00e9rifier si une puce est enregistr\u00e9e ailleurs qu&#8217;en Belgique. www.dogid.beBase de donn\u00e9es officielle belge pour l&#8217;enregistrement des chiens. www.catid.beBase de donn\u00e9es officielle belge d&#8217;enregistrement des chats . www.idchips.beBase de donn\u00e9es d&#8217;enregistrement des micropuces pour tous les animaux sauf les chiens : vous&hellip;&nbsp;<a href=\"https:\/\/iscavets.be\/fr\/nuttige-links\/\" rel=\"bookmark\">Read More &raquo;<span class=\"screen-reader-text\">Liens utiles<\/span><\/a><\/p>\n","protected":false},"author":1,"featured_media":0,"parent":0,"menu_order":0,"comment_status":"closed","ping_status":"closed","template":"","meta":{"neve_meta_sidebar":"","neve_meta_container":"","neve_meta_enable_content_width":"","neve_meta_content_width":0,"neve_meta_title_alignment":"","neve_meta_author_avatar":"","neve_post_elements_order":"","neve_meta_disable_header":"","neve_meta_disable_footer":"","neve_meta_disable_title":"","footnotes":""},"class_list":["post-370","page","type-page","status-publish","hentry"],"jetpack_sharing_enabled":true,"_links":{"self":[{"href":"https:\/\/iscavets.be\/fr\/wp-json\/wp\/v2\/pages\/370","targetHints":{"allow":["GET"]}}],"collection":[{"href":"https:\/\/iscavets.be\/fr\/wp-json\/wp\/v2\/pages"}],"about":[{"href":"https:\/\/iscavets.be\/fr\/wp-json\/wp\/v2\/types\/page"}],"author":[{"embeddable":true,"href":"https:\/\/iscavets.be\/fr\/wp-json\/wp\/v2\/users\/1"}],"replies":[{"embeddable":true,"href":"https:\/\/iscavets.be\/fr\/wp-json\/wp\/v2\/comments?post=370"}],"version-history":[{"count":9,"href":"https:\/\/iscavets.be\/fr\/wp-json\/wp\/v2\/pages\/370\/revisions"}],"predecessor-version":[{"id":2641,"href":"https:\/\/iscavets.be\/fr\/wp-json\/wp\/v2\/pages\/370\/revisions\/2641"}],"wp:attachment":[{"href":"https:\/\/iscavets.be\/fr\/wp-json\/wp\/v2\/media?parent=370"}],"curies":[{"name":"wp","href":"https:\/\/api.w.org\/{rel}","templated":true}]}}