{"id":366,"date":"2021-11-25T14:09:15","date_gmt":"2021-11-25T14:09:15","guid":{"rendered":"http:\/\/iscavets.designproject.be\/?page_id=366"},"modified":"2023-01-20T14:14:41","modified_gmt":"2023-01-20T14:14:41","slug":"katvriendelijk","status":"publish","type":"page","link":"https:\/\/iscavets.be\/fr\/katvriendelijk\/","title":{"rendered":"Cat Friendly: Qu\u2019est-ce que c\u2019est ?"},"content":{"rendered":"\r\n<p>Emmener son chat chez le v\u00e9t\u00e9rinaire est souvent stressant, tant pour le propri\u00e9taire que pour le chat. En cons\u00e9quence, il arrive trop souvent que le contr\u00f4le annuel soit report\u00e9 ind\u00e9finiment. Cependant, un contr\u00f4le r\u00e9gulier est tr\u00e8s important car les chats masquent souvent des probl\u00e8mes de sant\u00e9 pendant longtemps. En cons\u00e9quence, le chat ne se rend pas chez le v\u00e9t\u00e9rinaire ou le fait trop tard et ne re\u00e7oit donc pas les soins m\u00e9dicaux appropri\u00e9s.<\/p>\r\n\r\n\r\n\r\n<h2 class=\"wp-block-heading\">Pourquoi une visite chez le v\u00e9t\u00e9rinaire est-elle stressante pour un chat?<\/h2>\r\n\r\n\r\n\r\n<ul class=\"wp-block-list\">\r\n<li>Les chats n\u2019aiment g\u00e9n\u00e9ralement pas \u00eatre transport\u00e9s dans un panier ou une cage.<\/li>\r\n\r\n\r\n\r\n<li>Les chats ne se sentent souvent pas en s\u00e9curit\u00e9 lorsqu\u2019ils sont retir\u00e9s de leur environnement connu et s\u00fbr.<\/li>\r\n\r\n\r\n\r\n<li>Les chats sont tr\u00e8s sensibles aux bruits et aux odeurs inhabituels.<\/li>\r\n\r\n\r\n\r\n<li>Les chats n\u2019aiment pas la pr\u00e9sence de chiens et de chats \u00e9trangers.<\/li>\r\n\r\n\r\n\r\n<li>Les chats aiment avoir le contr\u00f4le.<\/li>\r\n<\/ul>\r\n\r\n\r\n\r\n<h2 class=\"wp-block-heading\">Comment rendre le voyage chez le v\u00e9t\u00e9rinaire moins stressant?<\/h2>\r\n\r\n\r\n\r\n<ul class=\"wp-block-list\">\r\n<li>Placez toujours votre chat dans une cage de transport.<\/li>\r\n\r\n\r\n\r\n<li>Chaque chat doit avoir sa propre cage, sauf s\u2019ils appartiennent au m\u00eame groupe social.<\/li>\r\n\r\n\r\n\r\n<li>Les meilleures cages s\u2019ouvrent aussi bien par le haut que par l\u2019avant et peuvent \u00eatre facilement d\u00e9mont\u00e9es pour que le chat puisse rester dans le fond de la cage pendant la majeure partie de l\u2019examen s\u2019il le souhaite.<\/li>\r\n\r\n\r\n\r\n<li>Habituez le chat \u00e0 la cage en la laissant ouverte dans l\u2019enclos et en y pla\u00e7ant des jouets, des friandises et de la nourriture.<\/li>\r\n\r\n\r\n\r\n<li>Placez une serviette ou un tapis doux et propre au fond de la cage.<\/li>\r\n\r\n\r\n\r\n<li>Vaporisez des ph\u00e9romones (Feliway) dans la cage 10 \u00e0 15 minutes avant le transport.<\/li>\r\n\r\n\r\n\r\n<li>Placez la cage dans la voiture sur le plancher au niveau des si\u00e8ges arri\u00e8re pour \u00e9viter tout mouvement et toute blessure caus\u00e9e par l\u2019airbag.<\/li>\r\n\r\n\r\n\r\n<li>Soyez particuli\u00e8rement prudent lorsque vous d\u00e9placez la cage : gardez-la aussi horizontale et aussi stable que possible.<\/li>\r\n\r\n\r\n\r\n<li>Placez une serviette au-dessus de la cage : cela apaise votre chat et \u00e9vite le contact visuel avec les autres animaux.<\/li>\r\n<\/ul>\r\n\r\n\r\n\r\n<h2 class=\"wp-block-heading\">Que fait Iscavets pour rendre la visite chez le v\u00e9t\u00e9rinaire de votre chat plus agr\u00e9able?<\/h2>\r\n\r\n\r\n\r\n<ul class=\"wp-block-list\">\r\n<li>Nous travaillons sur rendez-vous : le temps d\u2019attente dans la salle d\u2019attente et le contact avec les autres animaux sont limit\u00e9s.<\/li>\r\n\r\n\r\n\r\n<li>Nous utilisons des ph\u00e9romones dans les salles de consultation, sur les tapis des tables d&#8217;examen et lors de l&#8217;hospitalisation : cela a un effet relaxant sur les chats. Nous n&#8217;utilisons que des vaporisateurs d&#8217;odeurs adapt\u00e9s dans le cabinet.<\/li>\r\n\r\n\r\n\r\n<li>Dans la mesure du possible, nous laissons le chat sortir spontan\u00e9ment de la bo\u00eete de transport.<\/li>\r\n\r\n\r\n\r\n<li>Nous utilisons des tapis sp\u00e9ciaux en microfibres sur la table d\u2019examen \u2013 et avec succ\u00e8s ! Les choupinous adorent \u00e7a et sont beaucoup plus d\u00e9tendus.<\/li>\r\n\r\n\r\n\r\n<li>Nous adoptons une approche conviviale de l\u2019examen et effectuons nos op\u00e9rations avec un minimum contention.<\/li>\r\n\r\n\r\n\r\n<li>Nous adaptons notre approche en fonction du temp\u00e9rament du chat.<\/li>\r\n\r\n\r\n\r\n<li>Nous restons nous-m\u00eames calmes pour que les chats le soient aussi.<\/li>\r\n\r\n\r\n\r\n<li>Nous ne punissons jamais les chats car cela ne les aide pas et les rend plus anxieux.<\/li>\r\n\r\n\r\n\r\n<li>L\u2019\u00e9quipement du cabinet est adapt\u00e9 aux chats dans la mesure du possible : \u00e9quipement d\u2019anesth\u00e9sie moderne, rasoir extra-silencieux, appareil de mesure de la pression sanguine, radiographie dentaire\u2026<\/li>\r\n\r\n\r\n\r\n<li>L\u2019hospitalisation est adapt\u00e9e aux chats, avec des ph\u00e9romones, une surface confortable, la possibilit\u00e9 de se cacher sans contact visuel avec les autres chats, et avec la possibilit\u00e9 de fabriquer un enclos extra-large pour les chats qui doivent rester plus longtemps au cabinet. Le contact avec les chiens est \u00e9vit\u00e9 au maximum. Bient\u00f4t, une hospitalisation s\u00e9par\u00e9e pour les chats sera m\u00eame pr\u00e9vue. <\/li>\r\n\r\n\r\n\r\n<li>Nous suivons r\u00e9guli\u00e8rement des formations continues afin d\u2019adapter constamment notre approche aux derni\u00e8res connaissances.<\/li>\r\n\r\n\r\n\r\n<li>Nous fournissons des informations d\u00e9taill\u00e9es sur les besoins des chats aux diff\u00e9rentes \u00e9tapes de leur vie.<\/li>\r\n<\/ul>\r\n\r\n\r\n\r\n<div class=\"wp-block-cover\"><span aria-hidden=\"true\" class=\"wp-block-cover__background has-background-dim-0 has-background-dim\"><\/span><img loading=\"lazy\" decoding=\"async\" width=\"2560\" height=\"1696\" class=\"wp-block-cover__image-background wp-image-1978\" alt=\"\" src=\"https:\/\/iscavets.designproject.be\/wp-content\/uploads\/2023\/01\/pukkie-1-scaled.jpg\" style=\"object-position:50% 22%\" data-object-fit=\"cover\" data-object-position=\"50% 22%\" srcset=\"https:\/\/iscavets.be\/wp-content\/uploads\/2023\/01\/pukkie-1-scaled.jpg 2560w, https:\/\/iscavets.be\/wp-content\/uploads\/2023\/01\/pukkie-1-300x199.jpg 300w, https:\/\/iscavets.be\/wp-content\/uploads\/2023\/01\/pukkie-1-1024x678.jpg 1024w, https:\/\/iscavets.be\/wp-content\/uploads\/2023\/01\/pukkie-1-768x509.jpg 768w, https:\/\/iscavets.be\/wp-content\/uploads\/2023\/01\/pukkie-1-1536x1017.jpg 1536w, https:\/\/iscavets.be\/wp-content\/uploads\/2023\/01\/pukkie-1-2048x1356.jpg 2048w, https:\/\/iscavets.be\/wp-content\/uploads\/2023\/01\/pukkie-1-175x116.jpg 175w\" sizes=\"auto, (max-width: 2560px) 100vw, 2560px\" \/><div class=\"wp-block-cover__inner-container is-layout-flow wp-block-cover-is-layout-flow\">\r\n<p class=\"has-text-align-center has-large-font-size\"><\/p>\r\n<\/div><\/div>\r\n","protected":false},"excerpt":{"rendered":"<p>Emmener son chat chez le v\u00e9t\u00e9rinaire est souvent stressant, tant pour le propri\u00e9taire que pour le chat. En cons\u00e9quence, il arrive trop souvent que le contr\u00f4le annuel soit report\u00e9 ind\u00e9finiment. Cependant, un contr\u00f4le r\u00e9gulier est tr\u00e8s important car les chats masquent souvent des probl\u00e8mes de sant\u00e9 pendant longtemps. En cons\u00e9quence, le chat ne se rend&hellip;&nbsp;<a href=\"https:\/\/iscavets.be\/fr\/katvriendelijk\/\" rel=\"bookmark\">Read More &raquo;<span class=\"screen-reader-text\">Cat Friendly: Qu\u2019est-ce que c\u2019est ?<\/span><\/a><\/p>\n","protected":false},"author":1,"featured_media":0,"parent":0,"menu_order":0,"comment_status":"closed","ping_status":"closed","template":"","meta":{"neve_meta_sidebar":"","neve_meta_container":"","neve_meta_enable_content_width":"","neve_meta_content_width":0,"neve_meta_title_alignment":"","neve_meta_author_avatar":"","neve_post_elements_order":"","neve_meta_disable_header":"","neve_meta_disable_footer":"","neve_meta_disable_title":"","footnotes":""},"class_list":["post-366","page","type-page","status-publish","hentry"],"jetpack_sharing_enabled":true,"_links":{"self":[{"href":"https:\/\/iscavets.be\/fr\/wp-json\/wp\/v2\/pages\/366","targetHints":{"allow":["GET"]}}],"collection":[{"href":"https:\/\/iscavets.be\/fr\/wp-json\/wp\/v2\/pages"}],"about":[{"href":"https:\/\/iscavets.be\/fr\/wp-json\/wp\/v2\/types\/page"}],"author":[{"embeddable":true,"href":"https:\/\/iscavets.be\/fr\/wp-json\/wp\/v2\/users\/1"}],"replies":[{"embeddable":true,"href":"https:\/\/iscavets.be\/fr\/wp-json\/wp\/v2\/comments?post=366"}],"version-history":[{"count":20,"href":"https:\/\/iscavets.be\/fr\/wp-json\/wp\/v2\/pages\/366\/revisions"}],"predecessor-version":[{"id":1979,"href":"https:\/\/iscavets.be\/fr\/wp-json\/wp\/v2\/pages\/366\/revisions\/1979"}],"wp:attachment":[{"href":"https:\/\/iscavets.be\/fr\/wp-json\/wp\/v2\/media?parent=366"}],"curies":[{"name":"wp","href":"https:\/\/api.w.org\/{rel}","templated":true}]}}