{"id":361,"date":"2021-11-25T14:04:24","date_gmt":"2021-11-25T14:04:24","guid":{"rendered":"http:\/\/iscavets.designproject.be\/?page_id=361"},"modified":"2026-04-16T15:02:44","modified_gmt":"2026-04-16T13:02:44","slug":"nieuwe-poes-introduceren","status":"publish","type":"page","link":"https:\/\/iscavets.be\/fr\/nieuwe-poes-introduceren\/","title":{"rendered":"Introduire un nouveau chat"},"content":{"rendered":"\r\n<p>Contrairement \u00e0 ce que l&#8217;on pense souvent, les chats ne sont pas, par nature, des cr\u00e9atures particuli\u00e8rement sociales et n&#8217;ont g\u00e9n\u00e9ralement pas besoin d&#8217;un nouveau compagnon. Vous ne pouvez donc pas forcer votre chat \u00e0 accueillir le nouveau venu avec enthousiasme.<\/p>\r\n\r\n\r\n\r\n<p>Il arrive que l&#8217;introduction d&#8217;un nouveau chat se passe bien et qu&#8217;ils deviennent imm\u00e9diatement les meilleurs amis du monde. D&#8217;autres chats ne s&#8217;aimeront jamais et il y aura toujours une tr\u00eave tendue, qui peut parfois se muer en conflit incontr\u00f4lable.<\/p>\r\n\r\n\r\n\r\n<p>L&#8217;introduction non pr\u00e9par\u00e9e d&#8217;un nouveau cong\u00e9n\u00e8re est souvent source de stress, ce qui peut entra\u00eener des agressions, un manque de z\u00e9nitude et d&#8217;autres comportements ind\u00e9sirables.<\/p>\r\n\r\n\r\n\r\n<p>Le cabinet v\u00e9t\u00e9rinaire Iscavets a pr\u00e9par\u00e9 une brochure contenant une s\u00e9rie de conseils utiles pour am\u00e9liorer la cohabitation harmonieuse au fil du temps. Une cohabitation harmonieuse ne signifie pas n\u00e9cessairement qu&#8217;ils deviennent les meilleurs amis du monde, mais qu&#8217;ils peuvent passer du temps ensemble de mani\u00e8re paisible et d\u00e9tendue.<\/p>\r\n\r\n\r\n\r\n<h5 class=\"wp-block-heading\"><a href=\"https:\/\/iscavets.be\/wp-content\/uploads\/2026\/04\/Hoe-een-nieuwe-kat-introduceren-FR-Kara.pdf\" data-type=\"URL\" target=\"_blank\" rel=\"noreferrer noopener\">Lire la brochure en PDF ici<\/a><\/h5>\r\n\r\n\r\n\r\n<figure class=\"wp-block-image\"><img loading=\"lazy\" decoding=\"async\" width=\"1696\" height=\"2560\" src=\"https:\/\/iscavets.designproject.be\/wp-content\/uploads\/2023\/01\/Lavender2-scaled.jpg\" alt=\"\" class=\"wp-image-2205\" srcset=\"https:\/\/iscavets.be\/wp-content\/uploads\/2023\/01\/Lavender2-scaled.jpg 1696w, https:\/\/iscavets.be\/wp-content\/uploads\/2023\/01\/Lavender2-199x300.jpg 199w, https:\/\/iscavets.be\/wp-content\/uploads\/2023\/01\/Lavender2-678x1024.jpg 678w, https:\/\/iscavets.be\/wp-content\/uploads\/2023\/01\/Lavender2-768x1160.jpg 768w, https:\/\/iscavets.be\/wp-content\/uploads\/2023\/01\/Lavender2-1017x1536.jpg 1017w, https:\/\/iscavets.be\/wp-content\/uploads\/2023\/01\/Lavender2-1356x2048.jpg 1356w, https:\/\/iscavets.be\/wp-content\/uploads\/2023\/01\/Lavender2-77x116.jpg 77w\" sizes=\"auto, (max-width: 1696px) 100vw, 1696px\" \/><\/figure>\r\n","protected":false},"excerpt":{"rendered":"<p>Contrairement \u00e0 ce que l&#8217;on pense souvent, les chats ne sont pas, par nature, des cr\u00e9atures particuli\u00e8rement sociales et n&#8217;ont g\u00e9n\u00e9ralement pas besoin d&#8217;un nouveau compagnon. Vous ne pouvez donc pas forcer votre chat \u00e0 accueillir le nouveau venu avec enthousiasme. Il arrive que l&#8217;introduction d&#8217;un nouveau chat se passe bien et qu&#8217;ils deviennent imm\u00e9diatement&hellip;&nbsp;<a href=\"https:\/\/iscavets.be\/fr\/nieuwe-poes-introduceren\/\" rel=\"bookmark\">Read More &raquo;<span class=\"screen-reader-text\">Introduire un nouveau chat<\/span><\/a><\/p>\n","protected":false},"author":1,"featured_media":0,"parent":0,"menu_order":0,"comment_status":"closed","ping_status":"closed","template":"","meta":{"neve_meta_sidebar":"","neve_meta_container":"","neve_meta_enable_content_width":"","neve_meta_content_width":0,"neve_meta_title_alignment":"","neve_meta_author_avatar":"","neve_post_elements_order":"","neve_meta_disable_header":"","neve_meta_disable_footer":"","neve_meta_disable_title":"","footnotes":""},"class_list":["post-361","page","type-page","status-publish","hentry"],"jetpack_sharing_enabled":true,"_links":{"self":[{"href":"https:\/\/iscavets.be\/fr\/wp-json\/wp\/v2\/pages\/361","targetHints":{"allow":["GET"]}}],"collection":[{"href":"https:\/\/iscavets.be\/fr\/wp-json\/wp\/v2\/pages"}],"about":[{"href":"https:\/\/iscavets.be\/fr\/wp-json\/wp\/v2\/types\/page"}],"author":[{"embeddable":true,"href":"https:\/\/iscavets.be\/fr\/wp-json\/wp\/v2\/users\/1"}],"replies":[{"embeddable":true,"href":"https:\/\/iscavets.be\/fr\/wp-json\/wp\/v2\/comments?post=361"}],"version-history":[{"count":11,"href":"https:\/\/iscavets.be\/fr\/wp-json\/wp\/v2\/pages\/361\/revisions"}],"predecessor-version":[{"id":2662,"href":"https:\/\/iscavets.be\/fr\/wp-json\/wp\/v2\/pages\/361\/revisions\/2662"}],"wp:attachment":[{"href":"https:\/\/iscavets.be\/fr\/wp-json\/wp\/v2\/media?parent=361"}],"curies":[{"name":"wp","href":"https:\/\/api.w.org\/{rel}","templated":true}]}}