{"id":350,"date":"2021-11-25T13:54:17","date_gmt":"2021-11-25T13:54:17","guid":{"rendered":"http:\/\/iscavets.designproject.be\/?page_id=350"},"modified":"2026-01-09T16:36:03","modified_gmt":"2026-01-09T15:36:03","slug":"antiparasitaire-behandeling","status":"publish","type":"page","link":"https:\/\/iscavets.be\/fr\/antiparasitaire-behandeling\/","title":{"rendered":"Traitement antiparasitaire"},"content":{"rendered":"\r\n<p><strong>Les ectoparasites<\/strong> sont des parasites, tels que les puces et les tiques, qui se nichent dans la peau ou le pelage des animaux. Ces parasites ne causent pas seulement de l&#8217;inconfort \u00e0 votre animal, mais peuvent \u00e9galement transmettre des maladies et m\u00eame provoquer des affections cutan\u00e9es. <\/p>\r\n\r\n\r\n\r\n<p><strong>Les endoparasites<\/strong>&nbsp;sont des parasites qui vivent dans le tube digestif de votre animal. Ils peuvent non seulement causer des probl\u00e8mes digestifs, mais aussi pr\u00e9senter un risque pour l&#8217;environnement, y compris pour l&#8217;homme.<\/p>\r\n\r\n\r\n\r\n<p>Il est donc pr\u00e9f\u00e9rable de traiter r\u00e9guli\u00e8rement nos animaux de compagnie. Mieux vaut pr\u00e9venir que gu\u00e9rir. C&#8217;est d&#8217;autant plus important pour les animaux qui entrent en contact avec des groupes \u00e0 risque de maladies infectieuses, c&#8217;est-\u00e0-dire les jeunes enfants, les personnes \u00e2g\u00e9es, les femmes enceintes et les personnes immunod\u00e9prim\u00e9es.<\/p>\r\n\r\n\r\n\r\n<p>Nous nous ferons un plaisir d&#8217;\u00e9laborer avec vous un programme personnalis\u00e9 tenant compte de l&#8217;efficacit\u00e9 des produits, du profil de risque de votre animal, de vos pr\u00e9f\u00e9rences et de ce qui est faisable pour l&#8217;animal.<\/p>\r\n\r\n\r\n\r\n<p>N&#8217;h\u00e9sitez pas \u00e0 jeter un \u0153il \u00e0 <a href=\"https:\/\/para-risk.be\/\">https:\/\/para-risk.be\/fr\/home<\/a><\/p>\r\n\r\n\r\n\r\n<div class=\"wp-block-cover is-light\" style=\"min-height:341px;aspect-ratio:unset;\"><span aria-hidden=\"true\" class=\"wp-block-cover__background has-background-dim-0 has-background-dim\"><\/span><img loading=\"lazy\" decoding=\"async\" width=\"2560\" height=\"1696\" class=\"wp-block-cover__image-background wp-image-2197\" alt=\"\" src=\"https:\/\/iscavets.designproject.be\/wp-content\/uploads\/2023\/01\/DSC_0394-scaled.jpg\" style=\"object-position:50% 58%\" data-object-fit=\"cover\" data-object-position=\"50% 58%\" srcset=\"https:\/\/iscavets.be\/wp-content\/uploads\/2023\/01\/DSC_0394-scaled.jpg 2560w, https:\/\/iscavets.be\/wp-content\/uploads\/2023\/01\/DSC_0394-300x199.jpg 300w, https:\/\/iscavets.be\/wp-content\/uploads\/2023\/01\/DSC_0394-1024x678.jpg 1024w, https:\/\/iscavets.be\/wp-content\/uploads\/2023\/01\/DSC_0394-768x509.jpg 768w, https:\/\/iscavets.be\/wp-content\/uploads\/2023\/01\/DSC_0394-1536x1017.jpg 1536w, https:\/\/iscavets.be\/wp-content\/uploads\/2023\/01\/DSC_0394-2048x1356.jpg 2048w, https:\/\/iscavets.be\/wp-content\/uploads\/2023\/01\/DSC_0394-175x116.jpg 175w\" sizes=\"auto, (max-width: 2560px) 100vw, 2560px\" \/><div class=\"wp-block-cover__inner-container is-layout-flow wp-block-cover-is-layout-flow\">\r\n<p class=\"has-text-align-center has-large-font-size\"><\/p>\r\n<\/div><\/div>\r\n","protected":false},"excerpt":{"rendered":"<p>Les ectoparasites sont des parasites, tels que les puces et les tiques, qui se nichent dans la peau ou le pelage des animaux. Ces parasites ne causent pas seulement de l&#8217;inconfort \u00e0 votre animal, mais peuvent \u00e9galement transmettre des maladies et m\u00eame provoquer des affections cutan\u00e9es. Les endoparasites&nbsp;sont des parasites qui vivent dans le tube&hellip;&nbsp;<a href=\"https:\/\/iscavets.be\/fr\/antiparasitaire-behandeling\/\" rel=\"bookmark\">Read More &raquo;<span class=\"screen-reader-text\">Traitement antiparasitaire<\/span><\/a><\/p>\n","protected":false},"author":1,"featured_media":0,"parent":0,"menu_order":0,"comment_status":"closed","ping_status":"closed","template":"","meta":{"neve_meta_sidebar":"","neve_meta_container":"","neve_meta_enable_content_width":"","neve_meta_content_width":0,"neve_meta_title_alignment":"","neve_meta_author_avatar":"","neve_post_elements_order":"","neve_meta_disable_header":"","neve_meta_disable_footer":"","neve_meta_disable_title":"","footnotes":""},"class_list":["post-350","page","type-page","status-publish","hentry"],"jetpack_sharing_enabled":true,"_links":{"self":[{"href":"https:\/\/iscavets.be\/fr\/wp-json\/wp\/v2\/pages\/350","targetHints":{"allow":["GET"]}}],"collection":[{"href":"https:\/\/iscavets.be\/fr\/wp-json\/wp\/v2\/pages"}],"about":[{"href":"https:\/\/iscavets.be\/fr\/wp-json\/wp\/v2\/types\/page"}],"author":[{"embeddable":true,"href":"https:\/\/iscavets.be\/fr\/wp-json\/wp\/v2\/users\/1"}],"replies":[{"embeddable":true,"href":"https:\/\/iscavets.be\/fr\/wp-json\/wp\/v2\/comments?post=350"}],"version-history":[{"count":5,"href":"https:\/\/iscavets.be\/fr\/wp-json\/wp\/v2\/pages\/350\/revisions"}],"predecessor-version":[{"id":2531,"href":"https:\/\/iscavets.be\/fr\/wp-json\/wp\/v2\/pages\/350\/revisions\/2531"}],"wp:attachment":[{"href":"https:\/\/iscavets.be\/fr\/wp-json\/wp\/v2\/media?parent=350"}],"curies":[{"name":"wp","href":"https:\/\/api.w.org\/{rel}","templated":true}]}}