{"id":348,"date":"2021-11-25T13:53:41","date_gmt":"2021-11-25T13:53:41","guid":{"rendered":"http:\/\/iscavets.designproject.be\/?page_id=348"},"modified":"2024-02-22T16:40:17","modified_gmt":"2024-02-22T15:40:17","slug":"elektronische-identificatie","status":"publish","type":"page","link":"https:\/\/iscavets.be\/fr\/elektronische-identificatie\/","title":{"rendered":"Identification \u00e9lectronique"},"content":{"rendered":"\r\n<p>L&#8217;identification d&#8217;un animal de compagnie se fait par une injection au cours de laquelle une micropuce portant un num\u00e9ro unique \u00e0 15 chiffres est plac\u00e9e sous la peau. Ce num\u00e9ro est li\u00e9 aux donn\u00e9es de l&#8217;animal et de son propri\u00e9taire dans une base de donn\u00e9es centrale belge. Nous expliquons l&#8217;utilit\u00e9 de cette l\u00e9gislation plus loin dans ce document.<\/p>\r\n\r\n\r\n\r\n<p><span style=\"text-decoration: underline;\">Assurer l&#8217;exactitude et l&#8217;accessibilit\u00e9 des donn\u00e9es<\/span><\/p>\r\n\r\n\r\n\r\n<p>Il est bien s\u00fbr important que les donn\u00e9es enregistr\u00e9es soient correctes, en particulier le num\u00e9ro de t\u00e9l\u00e9phone qui est crucial pour que vous puissiez retrouver votre animal le plus rapidement possible s&#8217;il est perdu.<\/p>\r\n\r\n\r\n\r\n<p>Conform\u00e9ment \u00e0 la r\u00e9glementation en mati\u00e8re de protection de la vie priv\u00e9e, toutes les donn\u00e9es contenues dans les bases de donn\u00e9es d&#8217;enregistrement ont \u00e9t\u00e9 rendues invisibles le 1er mai 2021. Cela va \u00e9videmment \u00e0 l&#8217;encontre de l&#8217;objectif de ces bases de donn\u00e9es. M\u00eame la police ne peut plus acc\u00e9der \u00e0 ces donn\u00e9es. Il est donc important de donner l&#8217;autorisation de rendre vos donn\u00e9es \u00e0 nouveau publiques. Chez Iscavets, nous mettons un point d&#8217;honneur \u00e0 le v\u00e9rifier pour chaque patient lors de sa visite dans notre cabinet v\u00e9t\u00e9rinaire et \u00e0 l&#8217;adapter si n\u00e9cessaire.<\/p>\r\n\r\n\r\n\r\n<p>Vous pouvez \u00e9galement le faire vous-m\u00eame. Pour un chien,  <a rel=\"noreferrer noopener\" href=\"https:\/\/www.youtube.com\/watch?v=86k4IqZ3Bmo\" data-type=\"URL\" data-id=\"https:\/\/www.youtube.com\/watch?v=86k4IqZ3Bmo\" target=\"_blank\">cette vid\u00e9o explicative <\/a>vous aidera. Pour un chat, <a href=\"https:\/\/www.youtube.com\/watch?v=7pngCCttA88\" data-type=\"URL\" target=\"_blank\" rel=\"noreferrer noopener\">cette vid\u00e9o explicative <\/a>vous y aidera.<\/p>\r\n\r\n\r\n\r\n<p>N&#8217;h\u00e9sitez pas \u00e0 mettre vos donn\u00e9es dans le domaine public. Pour une recherche, vous avez besoin du num\u00e9ro unique de la puce, obtenu en lisant la puce de l&#8217;animal \u00e0 l&#8217;aide d&#8217;un lecteur de puce. De plus, une recherche fructueuse n&#8217;affichera que le nom et le num\u00e9ro de t\u00e9l\u00e9phone du propri\u00e9taire.<\/p>\r\n\r\n\r\n\r\n<p><span style=\"text-decoration: underline;\">R\u00e8gles g\u00e9n\u00e9rales<\/span><\/p>\r\n\r\n\r\n\r\n<p>Vous ne pouvez pas acheter un chien ou un chat qui n&#8217;est pas muni d&#8217;une puce \u00e9lectronique et qui n&#8217;est pas enregistr\u00e9. Vous ne pouvez pas non plus vendre ou donner (gratuitement) un chien ou un chat qui n&#8217;est pas muni d&#8217;une puce \u00e9lectronique et qui n&#8217;est pas enregistr\u00e9.<\/p>\r\n\r\n\r\n\r\n<p>Si vous d\u00e9m\u00e9nagez de l&#8217;\u00e9tranger, il est pr\u00e9f\u00e9rable d&#8217;organiser l&#8217;enregistrement dans les bases de donn\u00e9es respectives par l&#8217;interm\u00e9diaire de votre v\u00e9t\u00e9rinaire le plus t\u00f4t possible. Votre animal ne sera pas puc\u00e9 \u00e0 nouveau \u00e0 cette fin. Quoi qu&#8217;il en soit, la loi exige que vous le fassiez dans les 8 jours si vous s\u00e9journez en Belgique pendant au moins 6 mois.<\/p>\r\n\r\n\r\n\r\n<p>L&#8217;identification des chiens, des chats et des furets est obligatoire si vous souhaitez emmener votre animal en voyage.<\/p>\r\n\r\n\r\n\r\n<p><span style=\"text-decoration: underline;\">Sp\u00e9cificit\u00e9s pour les chiens<\/span><\/p>\r\n\r\n\r\n\r\n<ul class=\"wp-block-list\">\r\n<li>Tout chien doit \u00eatre muni d&#8217;une puce \u00e9lectronique et enregistr\u00e9 au plus tard \u00e0 l&#8217;\u00e2ge de 8 semaines, ou plus t\u00f4t si l&#8217;animal change de propri\u00e9taire.<\/li>\r\n\r\n\r\n\r\n<li>Tout chien doit avoir un passeport europ\u00e9en.<\/li>\r\n<\/ul>\r\n\r\n\r\n\r\n<p><span style=\"text-decoration: underline;\">Sp\u00e9cifique pour les chats<\/span><\/p>\r\n\r\n\r\n\r\n<ul class=\"wp-block-list\">\r\n<li>Tous les chats n\u00e9s \u00e0 partir du 1er septembre 2012 (dans un refuge) ou du 1er septembre 2014 (chez un \u00e9leveur ou un particulier) doivent \u00eatre munis d&#8217;une puce \u00e9lectronique et enregistr\u00e9es (CatID ou IDChips).<\/li>\r\n\r\n\r\n\r\n<li>Tous les chats n\u00e9es apr\u00e8s le 8 ao\u00fbt 2017 doivent \u00eatre micropuc\u00e9s et enregistr\u00e9s dans CatID avant l&#8217;\u00e2ge de 12 semaines, ou plus t\u00f4t si l&#8217;animal change de propri\u00e9taire.<\/li>\r\n\r\n\r\n\r\n<li>L&#8217;enregistrement dans l&#8217;ancienne base de donn\u00e9es priv\u00e9e d&#8217;IDChips est suffisant \u00e0 condition que votre animal ait \u00e9t\u00e9 enregistr\u00e9 avant le 1er novembre 2017 et que l&#8217;animal n&#8217;ait pas chang\u00e9 de propri\u00e9taire depuis lors. Un enregistrement suppl\u00e9mentaire dans CatID est bien entendu autoris\u00e9.<\/li>\r\n\r\n\r\n\r\n<li>Quel que soit son \u00e2ge, un chat doit \u00eatre enregistr\u00e9 dans CatID lors d&#8217;un changement de propri\u00e9taire.<\/li>\r\n\r\n\r\n\r\n<li>Tout chat n\u00e9 apr\u00e8s le 31 ao\u00fbt 2014 doit \u00e9galement \u00eatre castr\u00e9 ou st\u00e9rilis\u00e9 avant l&#8217;\u00e2ge de 5 mois ou plus t\u00f4t lors d&#8217;un changement de propri\u00e9taire. Une seule exception est pr\u00e9vue pour les \u00e9leveurs agr\u00e9\u00e9s et pour les animaux destin\u00e9s \u00e0 l&#8217;exportation.<\/li>\r\n\r\n\r\n\r\n<li>Un chat est autoris\u00e9 \u00e0 poss\u00e9der un passeport europ\u00e9en, mais ce n&#8217;est pas obligatoire. En revanche, si vous emmenez votre chat \u00e0 l&#8217;\u00e9tranger, ce passeport est obligatoire.<\/li>\r\n<\/ul>\r\n\r\n\r\n\r\n<p><span style=\"text-decoration: underline;\">Avantages d&#8217;une puce \u00e9lectronique<\/span><\/p>\r\n\r\n\r\n\r\n<ul class=\"wp-block-list\">\r\n<li>Dans tous les cas, le principal est la r\u00e9union d&#8217;un animal avec son propri\u00e9taire. Certes, la puce n&#8217;est pas un syst\u00e8me de d\u00e9tection \u00e0 distance, mais il arrive tr\u00e8s souvent que l&#8217;on trouve dans le jardin un chat dont on ne sait pas s&#8217;il a un propri\u00e9taire. Ou encore un chien qui erre dans les rues. Les prospectus et les appels via les r\u00e9seaux sociaux peuvent aider, mais ils prennent beaucoup de temps et sont loin d&#8217;\u00eatre toujours fructueux.<\/li>\r\n\r\n\r\n\r\n<li>Il y a aussi quelques situations o\u00f9 le temps presse : lorsqu&#8217;un animal malade ou bless\u00e9 est amen\u00e9 chez le v\u00e9t\u00e9rinaire sans son propri\u00e9taire. Parfois, des d\u00e9cisions doivent \u00eatre prises rapidement.<\/li>\r\n\r\n\r\n\r\n<li>Il existe des chati\u00e8res pour chiens et chats qui ne r\u00e9agissent qu&#8217;\u00e0 des num\u00e9ros d&#8217;identification programm\u00e9s. Cela permet \u00e0 vos propres animaux d&#8217;entrer et de sortir librement sans que d&#8217;autres animaux puissent entrer de mani\u00e8re ind\u00e9sirable.<\/li>\r\n\r\n\r\n\r\n<li>Il existe \u00e9galement des mangeoires qui r\u00e9agissent \u00e0 la puce \u00e9lectronique, ce qui peut s&#8217;av\u00e9rer particuli\u00e8rement utile si vous avez plusieurs animaux dans la maison et qu&#8217;ils ne sont pas autoris\u00e9s \u00e0 manger la nourriture des autres.<\/li>\r\n\r\n\r\n\r\n<li>Des animaux d\u00e9c\u00e9d\u00e9s sont r\u00e9guli\u00e8rement r\u00e9cup\u00e9r\u00e9s dans les rues par les pompiers. Le cabinet v\u00e9t\u00e9rinaire Iscavets leur a fait cadeau d&#8217;un lecteur de puce afin qu&#8217;ils puissent contacter le propri\u00e9taire d&#8217;un animal identifi\u00e9 d\u00e9c\u00e9d\u00e9. Certes, il n&#8217;est pas agr\u00e9able d&#8217;apprendre que son chat est mort, mais au moins, de cette mani\u00e8re, les propri\u00e9taires n&#8217;ont pas \u00e0 rester longtemps avec des espoirs et des doutes sur ce qui est arriv\u00e9 \u00e0 leur animal.<\/li>\r\n\r\n\r\n\r\n<li>L&#8217;identification unique est logiquement une exigence de base pour l&#8217;assurance des animaux de compagnie.<\/li>\r\n\r\n\r\n\r\n<li>Une puce \u00e9lectronique \u00e9vite \u00e9galement \u00e0 votre chat de subir une intervention chirurgicale inutile s&#8217;il est captur\u00e9 lors d&#8217;une campagne de chats errants.<\/li>\r\n<\/ul>\r\n\r\n\r\n\r\n<p>Le cabinet v\u00e9t\u00e9rinaire Iscavets dispose de l&#8217;\u00e9quipement n\u00e9cessaire pour lire et ins\u00e9rer les micropuces. <\/p>\r\n\r\n\r\n\r\n<div class=\"wp-block-cover is-light\"><span aria-hidden=\"true\" class=\"wp-block-cover__background has-background-dim-0 has-background-dim\"><\/span><img loading=\"lazy\" decoding=\"async\" width=\"2560\" height=\"1696\" class=\"wp-block-cover__image-background wp-image-2201\" alt=\"\" src=\"https:\/\/iscavets.designproject.be\/wp-content\/uploads\/2023\/01\/kaartje-6-scaled.jpg\" data-object-fit=\"cover\" srcset=\"https:\/\/iscavets.be\/wp-content\/uploads\/2023\/01\/kaartje-6-scaled.jpg 2560w, https:\/\/iscavets.be\/wp-content\/uploads\/2023\/01\/kaartje-6-300x199.jpg 300w, https:\/\/iscavets.be\/wp-content\/uploads\/2023\/01\/kaartje-6-1024x678.jpg 1024w, https:\/\/iscavets.be\/wp-content\/uploads\/2023\/01\/kaartje-6-768x509.jpg 768w, https:\/\/iscavets.be\/wp-content\/uploads\/2023\/01\/kaartje-6-1536x1017.jpg 1536w, https:\/\/iscavets.be\/wp-content\/uploads\/2023\/01\/kaartje-6-2048x1356.jpg 2048w, https:\/\/iscavets.be\/wp-content\/uploads\/2023\/01\/kaartje-6-175x116.jpg 175w\" sizes=\"auto, (max-width: 2560px) 100vw, 2560px\" \/><div class=\"wp-block-cover__inner-container is-layout-flow wp-block-cover-is-layout-flow\">\r\n<p class=\"has-text-align-center has-large-font-size\"><\/p>\r\n<\/div><\/div>\r\n","protected":false},"excerpt":{"rendered":"<p>L&#8217;identification d&#8217;un animal de compagnie se fait par une injection au cours de laquelle une micropuce portant un num\u00e9ro unique \u00e0 15 chiffres est plac\u00e9e sous la peau. Ce num\u00e9ro est li\u00e9 aux donn\u00e9es de l&#8217;animal et de son propri\u00e9taire dans une base de donn\u00e9es centrale belge. Nous expliquons l&#8217;utilit\u00e9 de cette l\u00e9gislation plus loin&hellip;&nbsp;<a href=\"https:\/\/iscavets.be\/fr\/elektronische-identificatie\/\" rel=\"bookmark\">Read More &raquo;<span class=\"screen-reader-text\">Identification \u00e9lectronique<\/span><\/a><\/p>\n","protected":false},"author":1,"featured_media":0,"parent":0,"menu_order":0,"comment_status":"closed","ping_status":"closed","template":"","meta":{"neve_meta_sidebar":"","neve_meta_container":"","neve_meta_enable_content_width":"","neve_meta_content_width":0,"neve_meta_title_alignment":"","neve_meta_author_avatar":"","neve_post_elements_order":"","neve_meta_disable_header":"","neve_meta_disable_footer":"","neve_meta_disable_title":"","footnotes":""},"class_list":["post-348","page","type-page","status-publish","hentry"],"jetpack_sharing_enabled":true,"_links":{"self":[{"href":"https:\/\/iscavets.be\/fr\/wp-json\/wp\/v2\/pages\/348","targetHints":{"allow":["GET"]}}],"collection":[{"href":"https:\/\/iscavets.be\/fr\/wp-json\/wp\/v2\/pages"}],"about":[{"href":"https:\/\/iscavets.be\/fr\/wp-json\/wp\/v2\/types\/page"}],"author":[{"embeddable":true,"href":"https:\/\/iscavets.be\/fr\/wp-json\/wp\/v2\/users\/1"}],"replies":[{"embeddable":true,"href":"https:\/\/iscavets.be\/fr\/wp-json\/wp\/v2\/comments?post=348"}],"version-history":[{"count":8,"href":"https:\/\/iscavets.be\/fr\/wp-json\/wp\/v2\/pages\/348\/revisions"}],"predecessor-version":[{"id":2451,"href":"https:\/\/iscavets.be\/fr\/wp-json\/wp\/v2\/pages\/348\/revisions\/2451"}],"wp:attachment":[{"href":"https:\/\/iscavets.be\/fr\/wp-json\/wp\/v2\/media?parent=348"}],"curies":[{"name":"wp","href":"https:\/\/api.w.org\/{rel}","templated":true}]}}