{"id":346,"date":"2021-11-25T13:52:25","date_gmt":"2021-11-25T13:52:25","guid":{"rendered":"http:\/\/iscavets.designproject.be\/?page_id=346"},"modified":"2023-01-25T14:57:49","modified_gmt":"2023-01-25T14:57:49","slug":"titeren","status":"publish","type":"page","link":"https:\/\/iscavets.be\/fr\/titrer\/","title":{"rendered":"Le titrage : sens et non-sens"},"content":{"rendered":"\r\n<h1 class=\"wp-block-heading\"><\/h1>\r\n\r\n\r\n\r\n<p>Le titrage consiste \u00e0 v\u00e9rifier dans le sang s&#8217;il y a encore suffisamment d&#8217;anticorps contre une maladie sp\u00e9cifique. Il peut \u00eatre consid\u00e9r\u00e9 comme une alternative \u00e0 la vaccination.<\/p>\r\n\r\n\r\n\r\n<p>Les v\u00e9t\u00e9rinaires du cabinet Iscavets se sont pench\u00e9s sur cette nouvelle tendance et souhaitent apporter une information claire et rapide.<\/p>\r\n\r\n\r\n\r\n<h2 class=\"wp-block-heading\">Quel est l&#8217;int\u00e9r\u00eat des titrages ?<\/h2>\r\n\r\n\r\n\r\n<p>La pr\u00e9sence ou l&#8217;absence d&#8217;anticorps pourrait permettre de savoir si une revaccination est n\u00e9cessaire. Ce test peut \u00e9galement s&#8217;av\u00e9rer utile pour un animal dont l&#8217;historique de vaccination est inconnu ou qui pr\u00e9sente facilement des effets secondaires \u00e0 la suite d&#8217;une vaccination. Ce test peut \u00e9galement \u00eatre utilis\u00e9 pour les chiots et les chatons afin de v\u00e9rifier si les anticorps qu&#8217;ils ont re\u00e7us de leur m\u00e8re ont suffisamment baiss\u00e9 pour qu&#8217;ils ne soient pas vaccin\u00e9s trop t\u00f4t.<br>Bien que cela semble tr\u00e8s logique et utile \u00e0 premi\u00e8re vue, il y a quelques pi\u00e8ges \u00e0 \u00e9viter.<\/p>\r\n\r\n\r\n\r\n<h2 class=\"wp-block-heading\"><strong>Pi\u00e8ges par rapport \u00e0 la m\u00e9decine humaine<\/strong><\/h2>\r\n\r\n\r\n\r\n<p>La d\u00e9termination du titre est bien \u00e9tablie et fiable chez l&#8217;homme pour plusieurs raisons:<\/p>\r\n\r\n\r\n\r\n<ul class=\"wp-block-list\">\r\n<li>La d\u00e9termination est standardis\u00e9e, c&#8217;est-\u00e0-dire qu&#8217;il existe des directives claires sur la mani\u00e8re de r\u00e9aliser le test et de l&#8217;interpr\u00e9ter.<\/li>\r\n\r\n\r\n\r\n<li>Des \u00e9tudes ont \u00e9t\u00e9 men\u00e9es sur la similitude entre les r\u00e9sultats obtenus sur le m\u00eame \u00e9chantillon avec diff\u00e9rentes m\u00e9thodes d&#8217;analyse, avec le m\u00eame \u00e9chantillon par plusieurs investigateurs et avec le m\u00eame \u00e9chantillon par le m\u00eame investigateur \u00e0 des moments diff\u00e9rents.<\/li>\r\n\r\n\r\n\r\n<li>Les \u00e9tudes ont \u00e9t\u00e9 men\u00e9es sur des populations importantes et publi\u00e9es dans des revues scientifiques r\u00e9put\u00e9es.<\/li>\r\n\r\n\r\n\r\n<li>L&#8217;apparition de maladies \u00e9tant enregistr\u00e9e en permanence, la fiabilit\u00e9 des vaccins et des tests de titre est \u00e9galement surveill\u00e9e en permanence.<\/li>\r\n<\/ul>\r\n\r\n\r\n\r\n<p>Ces \u00e9tudes approfondies font d\u00e9faut pour nos petits animaux de compagnie. Et pour les quelques \u00e9tudes qui ont \u00e9t\u00e9 publi\u00e9es, la conception de l&#8217;\u00e9tude est telle qu&#8217;il faut \u00eatre tr\u00e8s prudent lorsque l&#8217;on g\u00e9n\u00e9ralise les conclusions de la recherche.<\/p>\r\n\r\n\r\n\r\n<h2 class=\"wp-block-heading\">Pi\u00e8ges li\u00e9s \u00e0 la m\u00e9thodologie des tests<\/h2>\r\n\r\n\r\n\r\n<p>Les tests rapides donnent un r\u00e9sultat rapide qui est semi-quantitatif. Cela signifie que vous savez s&#8217;il y a des anticorps ou non, mais vous ne savez pas combien il y en a. En outre, ils ne mesurent pas sp\u00e9cifiquement les anticorps qui sont importants pour la protection contre la maladie. Les tests en laboratoire sont quantitatifs (on sait exactement combien il reste d&#8217;anticorps protecteurs) et les diff\u00e9rentes \u00e9tapes doivent \u00eatre effectu\u00e9es de mani\u00e8re m\u00e9ticuleuse. En outre, il n&#8217;existe pas de syst\u00e8me de d\u00e9tection permettant de savoir si le test a \u00e9t\u00e9 effectu\u00e9 correctement. Par exemple, un test trop froid peut donner des r\u00e9sultats erron\u00e9, il e, va de m\u00eame si le temps n&#8217;a pas \u00e9t\u00e9 respect\u00e9 avec pr\u00e9cision lors du test.<\/p>\r\n\r\n\r\n\r\n<p>Les tests en laboratoire sont quantitatifs. Les r\u00e9sultats sont plus fiables. Ils d\u00e9tectent des anticorps qui sont importants pour la pr\u00e9vention des maladies. En revanche, le r\u00e9sultat n&#8217;est pas imm\u00e9diat, ce qui peut entra\u00eener une visite suppl\u00e9mentaire chez le v\u00e9t\u00e9rinaire. Notez que le bon test affiche les r\u00e9sultats en titre, et non en unit\u00e9s.<\/p>\r\n\r\n\r\n\r\n<p>En outre, il ne faut pas oublier que chaque test a ses limites, les faux positifs (le test indique la pr\u00e9sence d&#8217;anticorps alors qu&#8217;il n&#8217;y en a pas) \u00e9tant particuli\u00e8rement pr\u00e9occupants.<\/p>\r\n\r\n\r\n\r\n<h2 class=\"wp-block-heading\">Pi\u00e8ges li\u00e9s aux maladies<\/h2>\r\n\r\n\r\n\r\n<p>La d\u00e9termination du titre n&#8217;est possible que pour un nombre limit\u00e9 de maladies : la maladie de Carr\u00e9, la parvovirose et l&#8217;h\u00e9patite chez les chiens et la maladie de Carr\u00e9 chez les chats. Le test n&#8217;existe pas pour la leptospirose, toux du chenil, le coryza f\u00e9lins (herp\u00e8s, calici et chlamydia) et la leucose f\u00e9line. La vaccination contre ces maladies devrait de toute fa\u00e7on \u00eatre effectu\u00e9e chaque ann\u00e9e.<\/p>\r\n\r\n\r\n\r\n<h2 class=\"wp-block-heading\">Pi\u00e8ges li\u00e9s \u00e0 l&#8217;interpr\u00e9tation<\/h2>\r\n\r\n\r\n\r\n<p>Que faire du r\u00e9sultat ? Quand a-t-on suffisamment d&#8217;anticorps corrects pour assurer une protection suffisante ? En fait, on ne le sait pas encore. En outre, l&#8217;immunit\u00e9 est une question complexe, o\u00f9 la maladie d\u00e9pend de l&#8217;interaction entre l&#8217;animal, l&#8217;agent pathog\u00e8ne et l&#8217;environnement. Il peut donc \u00eatre trompeur de faire une pr\u00e9diction sur la base d&#8217;un titre.<\/p>\r\n\r\n\r\n\r\n<p>En outre, cette d\u00e9termination du titre n&#8217;est qu&#8217;un instantan\u00e9 dans le temps. \u00c0 partir du titre d&#8217;anticorps, il n&#8217;est pas possible de pr\u00e9dire combien de temps l&#8217;animal sera prot\u00e9g\u00e9. Ce test doit donc \u00eatre r\u00e9p\u00e9t\u00e9 r\u00e9guli\u00e8rement. Pour les chiots et les chatons qui ont encore des anticorps de leur m\u00e8re, le test doit m\u00eame \u00eatre r\u00e9p\u00e9t\u00e9 toutes les 2 \u00e0 3 semaines, ce qui soul\u00e8ve la question de savoir si ces prises de sang fr\u00e9quentes sont agr\u00e9ables pour l&#8217;animal et si une interruption de la protection ne risque pas de se produire.<\/p>\r\n\r\n\r\n\r\n<p>Bien entendu, si le titre est trop bas, la vaccination doit quand m\u00eame \u00eatre effectu\u00e9e, parfois m\u00eame \u00e0 un prix plus \u00e9lev\u00e9 que pr\u00e9vu car toutes les fractions ne sont pas disponibles s\u00e9par\u00e9ment. Sachant que le test sanguin est d\u00e9j\u00e0 plus cher que la vaccination elle-m\u00eame, les co\u00fbts peuvent \u00eatre \u00e9lev\u00e9s.<\/p>\r\n\r\n\r\n\r\n<h2 class=\"wp-block-heading\">Que fait le cabinet v\u00e9t\u00e9rinaire Iscavets ?<\/h2>\r\n\r\n\r\n\r\n<p>Nous avons d\u00e9cid\u00e9 de ne pas suivre cette mode. Son utilit\u00e9 est tr\u00e8s limit\u00e9e et il peut donner un faux sentiment de s\u00e9curit\u00e9. La plupart des maladies contre lesquelles on vaccine sont mortelles, le co\u00fbt du traitement peut \u00eatre \u00e9lev\u00e9 et certaines maladies sont contagieuses pour l&#8217;homme. Le risque d&#8217;effets secondaires est extr\u00eamement faible (0,004 % chez les chiens et 0,005 % chez les chats). La vaccination est un acte simple et rentable qui a d\u00e9j\u00e0 sauv\u00e9 de nombreuses vies humaines et animales.<\/p>\r\n\r\n\r\n\r\n<p>Nous suivons les directives de vaccination les plus r\u00e9centes de la WSAVA (World Small Animal Veterinary Association), de l&#8217;AAHA (American Animal Hospital Association) et de l&#8217;ABCD (Advisory Board on Cat Disease) et nous \u00e9tablissons un calendrier de vaccination individuel en fonction des conditions de vie de l&#8217;animal. Pour les maladies qui peuvent \u00eatre titr\u00e9es, la vaccination ne doit \u00eatre r\u00e9p\u00e9t\u00e9e que tous les trois ans. Nous obtenons ainsi un calendrier de vaccination sur mesure dans lequel la plupart des animaux ne re\u00e7oivent pas les m\u00eames vaccins chaque ann\u00e9e. Cette m\u00e9thode permet d&#8217;\u00e9viter la sur-vaccination, tout en garantissant la protection de votre animal pr\u00e9f\u00e9r\u00e9.<\/p>\r\n\r\n\r\n\r\n<p>Nous faisons une exception pour les animaux qui ont des ant\u00e9c\u00e9dents de r\u00e9actions aux vaccins, qui souffrent d&#8217;une maladie auto-immune, ou lorsque le propri\u00e9taire ne veut pas que son animal soit vaccin\u00e9 sans titrage. Dans ces cas, nous faisons effectuer le test dans un laboratoire fiable.<\/p>\r\n\r\n\r\n\r\n<div class=\"wp-block-cover\" style=\"min-height:246px;aspect-ratio:unset;\"><span aria-hidden=\"true\" class=\"wp-block-cover__background has-background-dim-0 has-background-dim\"><\/span><img loading=\"lazy\" decoding=\"async\" width=\"2560\" height=\"1696\" class=\"wp-block-cover__image-background wp-image-2217\" alt=\"\" src=\"https:\/\/iscavets.designproject.be\/wp-content\/uploads\/2023\/01\/21-scaled.jpg\" style=\"object-position:54% 21%\" data-object-fit=\"cover\" data-object-position=\"54% 21%\" srcset=\"https:\/\/iscavets.be\/wp-content\/uploads\/2023\/01\/21-scaled.jpg 2560w, https:\/\/iscavets.be\/wp-content\/uploads\/2023\/01\/21-300x199.jpg 300w, https:\/\/iscavets.be\/wp-content\/uploads\/2023\/01\/21-1024x678.jpg 1024w, https:\/\/iscavets.be\/wp-content\/uploads\/2023\/01\/21-768x509.jpg 768w, https:\/\/iscavets.be\/wp-content\/uploads\/2023\/01\/21-1536x1017.jpg 1536w, https:\/\/iscavets.be\/wp-content\/uploads\/2023\/01\/21-2048x1356.jpg 2048w, https:\/\/iscavets.be\/wp-content\/uploads\/2023\/01\/21-175x116.jpg 175w\" sizes=\"auto, (max-width: 2560px) 100vw, 2560px\" \/><div class=\"wp-block-cover__inner-container is-layout-flow wp-block-cover-is-layout-flow\">\r\n<p class=\"has-text-align-center has-large-font-size\"><\/p>\r\n<\/div><\/div>\r\n","protected":false},"excerpt":{"rendered":"<p>Le titrage consiste \u00e0 v\u00e9rifier dans le sang s&#8217;il y a encore suffisamment d&#8217;anticorps contre une maladie sp\u00e9cifique. Il peut \u00eatre consid\u00e9r\u00e9 comme une alternative \u00e0 la vaccination. Les v\u00e9t\u00e9rinaires du cabinet Iscavets se sont pench\u00e9s sur cette nouvelle tendance et souhaitent apporter une information claire et rapide. Quel est l&#8217;int\u00e9r\u00eat des titrages ? La&hellip;&nbsp;<a href=\"https:\/\/iscavets.be\/fr\/titrer\/\" rel=\"bookmark\">Read More &raquo;<span class=\"screen-reader-text\">Le titrage : sens et non-sens<\/span><\/a><\/p>\n","protected":false},"author":1,"featured_media":0,"parent":0,"menu_order":0,"comment_status":"closed","ping_status":"closed","template":"","meta":{"neve_meta_sidebar":"","neve_meta_container":"","neve_meta_enable_content_width":"","neve_meta_content_width":0,"neve_meta_title_alignment":"","neve_meta_author_avatar":"","neve_post_elements_order":"","neve_meta_disable_header":"","neve_meta_disable_footer":"","neve_meta_disable_title":"","footnotes":""},"class_list":["post-346","page","type-page","status-publish","hentry"],"jetpack_sharing_enabled":true,"_links":{"self":[{"href":"https:\/\/iscavets.be\/fr\/wp-json\/wp\/v2\/pages\/346","targetHints":{"allow":["GET"]}}],"collection":[{"href":"https:\/\/iscavets.be\/fr\/wp-json\/wp\/v2\/pages"}],"about":[{"href":"https:\/\/iscavets.be\/fr\/wp-json\/wp\/v2\/types\/page"}],"author":[{"embeddable":true,"href":"https:\/\/iscavets.be\/fr\/wp-json\/wp\/v2\/users\/1"}],"replies":[{"embeddable":true,"href":"https:\/\/iscavets.be\/fr\/wp-json\/wp\/v2\/comments?post=346"}],"version-history":[{"count":6,"href":"https:\/\/iscavets.be\/fr\/wp-json\/wp\/v2\/pages\/346\/revisions"}],"predecessor-version":[{"id":2218,"href":"https:\/\/iscavets.be\/fr\/wp-json\/wp\/v2\/pages\/346\/revisions\/2218"}],"wp:attachment":[{"href":"https:\/\/iscavets.be\/fr\/wp-json\/wp\/v2\/media?parent=346"}],"curies":[{"name":"wp","href":"https:\/\/api.w.org\/{rel}","templated":true}]}}