{"id":344,"date":"2021-11-25T13:51:38","date_gmt":"2021-11-25T13:51:38","guid":{"rendered":"http:\/\/iscavets.designproject.be\/?page_id=344"},"modified":"2026-04-16T14:42:04","modified_gmt":"2026-04-16T12:42:04","slug":"konijnenzorg","status":"publish","type":"page","link":"https:\/\/iscavets.be\/fr\/konijnenzorg\/","title":{"rendered":"Soins des lapins"},"content":{"rendered":"\r\n<p>Nous aimerions \u00e9num\u00e9rer quelques aspects pratiques li\u00e9s aux vaccinations, \u00e0 l&#8217;alimentation et \u00e0 la st\u00e9rilisation des lapins.<\/p>\r\n\r\n\r\n\r\n<h2 class=\"wp-block-heading\">Les vaccins<\/h2>\r\n\r\n\r\n\r\n<p>Il existe trois maladies contre lesquelles il est possible de se faire vacciner : la myxomatose et les deux types de RHD. Il s&#8217;agit de maladies infectieuses du lapin, qui sont g\u00e9n\u00e9ralement mortelles et contre lesquelles le traitement ne marche souvent pas. La vaccination est un moyen efficace de pr\u00e9venir ces maladies.<\/p>\r\n\r\n\r\n\r\n<p><strong>La myxomatose<\/strong>&nbsp;est une maladie d&#8217;origine virale transmise par des insectes piqueurs, tels que les moustiques. Elle provoque des gonflements mous sur les paupi\u00e8res, les oreilles et les organes g\u00e9nitaux, ainsi que des bosses dures sur la peau. Des \u00e9coulements lacrymaux et nasaux peuvent \u00e9galement \u00eatre observ\u00e9s. Les animaux meurent g\u00e9n\u00e9ralement apr\u00e8s une p\u00e9riode plus ou moins courte. Contre cela, une revaccination annuelle est suffisante.<\/p>\r\n\r\n\r\n\r\n<p><strong>La RHD ou VHD<\/strong>&nbsp;(rabbit haemorrhagic disease, \u00e9galement connue sous le nom de diarrh\u00e9e h\u00e9morragique virale) ne produit g\u00e9n\u00e9ralement aucun sympt\u00f4me ; les lapins meurent soudainement, parfois avec un peu de liquide sanguinolent autour du nez. Cette maladie est transmise par des lapins sauvages ou par des aliments verts ou de la liti\u00e8re contamin\u00e9s.<\/p>\r\n\r\n\r\n\r\n<p>Entre-temps, il existe \u00e9galement une nouvelle variante pour laquelle la mortalit\u00e9 survient en moyenne apr\u00e8s 3 \u00e0 5 jours. Bien entendu, cela signifie aussi que le virus a plus de temps pour se propager.<\/p>\r\n\r\n\r\n\r\n<p>Dans les deux cas, on observe parfois un essoufflement, de la fi\u00e8vre, des h\u00e9morragies et des signes nerveux juste avant la mort du lapin.<\/p>\r\n\r\n\r\n\r\n<p>Dans la variante classique, le taux de mortalit\u00e9 est sup\u00e9rieur \u00e0 80 %. Dans la nouvelle variante, ce taux est plus faible (5-70%). Toutefois, si les animaux survivent, un syndrome plus persistant peut survenir, o\u00f9 le lapin se d\u00e9t\u00e9riore soudainement apr\u00e8s une longue p\u00e9riode de maladie et meurt. Une vaccination annuelle suffit pour la variante classique. La protection contre la nouvelle variante n\u00e9cessite une vaccination semestrielle.<\/p>\r\n\r\n\r\n\r\n<h2 class=\"wp-block-heading\">L&#8217;alimentation<\/h2>\r\n\r\n\r\n\r\n<p>Les lapins ont naturellement une alimentation tr\u00e8s riche en fibres. Cela est n\u00e9cessaire pour user leurs dents qui poussent constamment et aussi parce que les fibres contribuent \u00e0 la sant\u00e9 des intestins. En m\u00eame temps, une alimentation correcte permet \u00e0 votre lapin de ne pas prendre de poids excessif.<\/p>\r\n\r\n\r\n\r\n<p>L&#8217;alimentation de base des lapins est donc le foin, qu&#8217;ils doivent avoir en permanence \u00e0 leur disposition avec de l&#8217;eau potable fra\u00eeche.<\/p>\r\n\r\n\r\n\r\n<p>Un bon foin doit sentir bon, ne pas \u00eatre compress\u00e9 et ne pas contenir trop de poussi\u00e8re. Il est pr\u00e9f\u00e9rable d&#8217;utiliser du foin m\u00e9lang\u00e9 (avec des fleurs ou des herbes, par exemple).<\/p>\r\n\r\n\r\n\r\n<p>En outre, ils peuvent recevoir une portion quotidienne de l\u00e9gumes. Cependant, ne leur donnez pas d&#8217;avocats, d&#8217;oignons et de d\u00e9riv\u00e9s (comme les poireaux), car ils sont toxiques pour les lapins. En g\u00e9n\u00e9ral, ce qui pousse en surface est pr\u00e9f\u00e9rable. Ce qui pousse sous terre contient plus de sucres et doit donc \u00eatre donn\u00e9 de fa\u00e7on limit\u00e9e. Ainsi, les feuilles de carottes sont bonnes, la carotte elle-m\u00eame doit \u00eatre limit\u00e9e, les feuilles de betteraves sont bonnes, la betterave elle-m\u00eame doit \u00eatre limit\u00e9e.<\/p>\r\n\r\n\r\n\r\n<p>Les c\u00e9r\u00e9ales ne constituent pas du tout une alternative \u00e0 l&#8217;alimentation de base, mais un compl\u00e9ment savoureux, un peu comme un dessert.<\/p>\r\n\r\n\r\n\r\n<p>Beaucoup d&#8217;aliments vendus dans les animaleries consistent en un m\u00e9lange de muesli et de diff\u00e9rents produits c\u00e9r\u00e9aliers. Comme les lapins mangent s\u00e9lectivement certaines formes de c\u00e9r\u00e9ales et pas d&#8217;autres, ils peuvent souffrir d&#8217;une carence en vitamines avec cette nourriture. En outre, ces mueslis contiennent trop de sucres et trop peu de fibres. Cela peut donner \u00e0 votre lapin des probl\u00e8mes dentaires importants, puisqu&#8217;il ne m\u00e2che pas ses aliments. Le manque de fibres les fait \u00e9galement souffrir de diarrh\u00e9e.<\/p>\r\n\r\n\r\n\r\n<p>Ces probl\u00e8mes peuvent \u00eatre facilement \u00e9vit\u00e9s en donnant \u00e0 votre lapin des granul\u00e9s contenant au moins 20 % de fibres non-digestibles. Nous recommandons Supreme Science, Cuni Complete ou Oxbow. Donnez-en 20 g par kg de lapin et par jour, soit environ 1 cuill\u00e8re \u00e0 soupe par kg. Cela semble peu, mais c&#8217;est suffisant. En plus d&#8217;un peu de granul\u00e9s par jour, le lapin doit avoir de l&#8217;eau et du foin \u00e0 sa disposition toute la journ\u00e9e. Les l\u00e9gumes sont \u00e9galement une source de nourriture importante pour les lapins.<\/p>\r\n\r\n\r\n\r\n<h4 class=\"wp-block-heading\"><a href=\"https:\/\/iscavets.be\/wp-content\/uploads\/2026\/04\/Konijnenvoeding-FR.pdf\" data-type=\"URL\">Consultez la brochure sur l&#8217;alimentation des lapins au format PDF ici.<\/a><\/h4>\r\n\r\n\r\n\r\n<h2 class=\"wp-block-heading\">Castration &#8211; St\u00e9rilisation<\/h2>\r\n\r\n\r\n\r\n<p>Il est pr\u00e9f\u00e9rable de faire st\u00e9riliser votre lapine. 80 \u00e0 85 % des lapines souffrent de tumeurs ovariennes, ut\u00e9rines et\/ou mammaires \u00e0 l&#8217;\u00e2ge de 4-5 ans. La st\u00e9rilisation \u00e0 un \u00e2ge pr\u00e9coce peut pr\u00e9venir ces probl\u00e8mes et donner \u00e0 votre lapine une vie plus longue. Apr\u00e8s la st\u00e9rilisation, la lapine sera \u00e9galement moins territoriale.<\/p>\r\n\r\n\r\n\r\n<p>Les lapins m\u00e2les qui vivent \u00e0 l&#8217;int\u00e9rieur devraient \u00e9galement \u00eatre castr\u00e9s, car cela permet d&#8217;\u00e9viter les jets d&#8217;urine et de les rendre plus faciles \u00e0 manipuler.<\/p>\r\n\r\n\r\n\r\n<div class=\"wp-block-cover\"><span aria-hidden=\"true\" class=\"wp-block-cover__background has-background-dim-0 has-background-dim\"><\/span><img loading=\"lazy\" decoding=\"async\" width=\"1696\" height=\"2560\" class=\"wp-block-cover__image-background wp-image-2203\" alt=\"\" src=\"https:\/\/iscavets.be\/wp-content\/uploads\/2023\/01\/DSC_0851-scaled.jpg\" data-object-fit=\"cover\" srcset=\"https:\/\/iscavets.be\/wp-content\/uploads\/2023\/01\/DSC_0851-scaled.jpg 1696w, https:\/\/iscavets.be\/wp-content\/uploads\/2023\/01\/DSC_0851-199x300.jpg 199w, https:\/\/iscavets.be\/wp-content\/uploads\/2023\/01\/DSC_0851-678x1024.jpg 678w, https:\/\/iscavets.be\/wp-content\/uploads\/2023\/01\/DSC_0851-768x1160.jpg 768w, https:\/\/iscavets.be\/wp-content\/uploads\/2023\/01\/DSC_0851-1017x1536.jpg 1017w, https:\/\/iscavets.be\/wp-content\/uploads\/2023\/01\/DSC_0851-1356x2048.jpg 1356w, https:\/\/iscavets.be\/wp-content\/uploads\/2023\/01\/DSC_0851-77x116.jpg 77w\" sizes=\"auto, (max-width: 1696px) 100vw, 1696px\" \/><div class=\"wp-block-cover__inner-container is-layout-flow wp-block-cover-is-layout-flow\">\r\n<p class=\"has-text-align-center has-large-font-size\"><\/p>\r\n<\/div><\/div>\r\n","protected":false},"excerpt":{"rendered":"<p>Nous aimerions \u00e9num\u00e9rer quelques aspects pratiques li\u00e9s aux vaccinations, \u00e0 l&#8217;alimentation et \u00e0 la st\u00e9rilisation des lapins. Les vaccins Il existe trois maladies contre lesquelles il est possible de se faire vacciner : la myxomatose et les deux types de RHD. Il s&#8217;agit de maladies infectieuses du lapin, qui sont g\u00e9n\u00e9ralement mortelles et contre lesquelles&hellip;&nbsp;<a href=\"https:\/\/iscavets.be\/fr\/konijnenzorg\/\" rel=\"bookmark\">Read More &raquo;<span class=\"screen-reader-text\">Soins des lapins<\/span><\/a><\/p>\n","protected":false},"author":1,"featured_media":0,"parent":0,"menu_order":0,"comment_status":"closed","ping_status":"closed","template":"","meta":{"neve_meta_sidebar":"","neve_meta_container":"","neve_meta_enable_content_width":"","neve_meta_content_width":0,"neve_meta_title_alignment":"","neve_meta_author_avatar":"","neve_post_elements_order":"","neve_meta_disable_header":"","neve_meta_disable_footer":"","neve_meta_disable_title":"","footnotes":""},"class_list":["post-344","page","type-page","status-publish","hentry"],"jetpack_sharing_enabled":true,"_links":{"self":[{"href":"https:\/\/iscavets.be\/fr\/wp-json\/wp\/v2\/pages\/344","targetHints":{"allow":["GET"]}}],"collection":[{"href":"https:\/\/iscavets.be\/fr\/wp-json\/wp\/v2\/pages"}],"about":[{"href":"https:\/\/iscavets.be\/fr\/wp-json\/wp\/v2\/types\/page"}],"author":[{"embeddable":true,"href":"https:\/\/iscavets.be\/fr\/wp-json\/wp\/v2\/users\/1"}],"replies":[{"embeddable":true,"href":"https:\/\/iscavets.be\/fr\/wp-json\/wp\/v2\/comments?post=344"}],"version-history":[{"count":17,"href":"https:\/\/iscavets.be\/fr\/wp-json\/wp\/v2\/pages\/344\/revisions"}],"predecessor-version":[{"id":2657,"href":"https:\/\/iscavets.be\/fr\/wp-json\/wp\/v2\/pages\/344\/revisions\/2657"}],"wp:attachment":[{"href":"https:\/\/iscavets.be\/fr\/wp-json\/wp\/v2\/media?parent=344"}],"curies":[{"name":"wp","href":"https:\/\/api.w.org\/{rel}","templated":true}]}}