{"id":340,"date":"2021-11-25T13:49:01","date_gmt":"2021-11-25T13:49:01","guid":{"rendered":"http:\/\/iscavets.designproject.be\/?page_id=340"},"modified":"2023-06-09T11:58:35","modified_gmt":"2023-06-09T11:58:35","slug":"controle-bij-de-puberteit","status":"publish","type":"page","link":"https:\/\/iscavets.be\/fr\/controle-bij-de-puberteit\/","title":{"rendered":"Contr\u00f4le de la pubert\u00e9"},"content":{"rendered":"\r\n<div class=\"wp-block-media-text alignwide is-stacked-on-mobile is-image-fill\"><figure class=\"wp-block-media-text__media\" style=\"background-image:url(https:\/\/iscavets.be\/wp-content\/uploads\/2023\/01\/DSC_0034-2-1024x678.jpg);background-position:50% 50%\"><img loading=\"lazy\" decoding=\"async\" width=\"1024\" height=\"678\" src=\"https:\/\/iscavets.be\/wp-content\/uploads\/2023\/01\/DSC_0034-2-1024x678.jpg\" alt=\"\" class=\"wp-image-1807 size-full\" srcset=\"https:\/\/iscavets.be\/wp-content\/uploads\/2023\/01\/DSC_0034-2-1024x678.jpg 1024w, https:\/\/iscavets.be\/wp-content\/uploads\/2023\/01\/DSC_0034-2-300x199.jpg 300w, https:\/\/iscavets.be\/wp-content\/uploads\/2023\/01\/DSC_0034-2-768x509.jpg 768w, https:\/\/iscavets.be\/wp-content\/uploads\/2023\/01\/DSC_0034-2-1536x1017.jpg 1536w, https:\/\/iscavets.be\/wp-content\/uploads\/2023\/01\/DSC_0034-2-2048x1356.jpg 2048w, https:\/\/iscavets.be\/wp-content\/uploads\/2023\/01\/DSC_0034-2-175x116.jpg 175w\" sizes=\"auto, (max-width: 1024px) 100vw, 1024px\" \/><\/figure><div class=\"wp-block-media-text__content\">\r\n<p>Pour l&#8217;animal adolescent, le bilan de sant\u00e9 suit&nbsp; <a href=\"https:\/\/iscavets.be\/fr\/jaarlijkse-gezondheidscontrole\/\" data-type=\"URL\">le sch\u00e9ma d\u00e9crit pr\u00e9c\u00e9demment<\/a>, mais comme la pubert\u00e9 (vers l&#8217;\u00e2ge de 6-7 mois) est un moment charni\u00e8re dans la vie du chiot, nous recommandons vivement une visite de contr\u00f4le. L&#8217;accent est mis sur les points suivants:<\/p>\r\n\r\n\r\n\r\n<ul class=\"wp-block-list\">\r\n<li>Surveiller la croissance et les courbes de poids<\/li>\r\n\r\n\r\n\r\n<li>Discussion sur l&#8217;\u00e9volution des besoins nutritionnels<\/li>\r\n\r\n\r\n\r\n<li>Contr\u00f4ler la propret\u00e9<\/li>\r\n\r\n\r\n\r\n<li>D\u00e9tecter les premiers probl\u00e8mes de comportement<\/li>\r\n\r\n\r\n\r\n<li>\u00c9valuer l&#8217;\u00e9volution de la dentition<\/li>\r\n\r\n\r\n\r\n<li>Discuter de la contraception<\/li>\r\n<\/ul>\r\n<\/div><\/div>\r\n","protected":false},"excerpt":{"rendered":"<p>Pour l&#8217;animal adolescent, le bilan de sant\u00e9 suit&nbsp; le sch\u00e9ma d\u00e9crit pr\u00e9c\u00e9demment, mais comme la pubert\u00e9 (vers l&#8217;\u00e2ge de 6-7 mois) est un moment charni\u00e8re dans la vie du chiot, nous recommandons vivement une visite de contr\u00f4le. L&#8217;accent est mis sur les points suivants: Surveiller la croissance et les courbes de poids Discussion sur l&#8217;\u00e9volution&hellip;&nbsp;<a href=\"https:\/\/iscavets.be\/fr\/controle-bij-de-puberteit\/\" rel=\"bookmark\">Read More &raquo;<span class=\"screen-reader-text\">Contr\u00f4le de la pubert\u00e9<\/span><\/a><\/p>\n","protected":false},"author":1,"featured_media":0,"parent":0,"menu_order":0,"comment_status":"closed","ping_status":"closed","template":"","meta":{"neve_meta_sidebar":"","neve_meta_container":"","neve_meta_enable_content_width":"","neve_meta_content_width":0,"neve_meta_title_alignment":"","neve_meta_author_avatar":"","neve_post_elements_order":"","neve_meta_disable_header":"","neve_meta_disable_footer":"","neve_meta_disable_title":"","footnotes":""},"class_list":["post-340","page","type-page","status-publish","hentry"],"jetpack_sharing_enabled":true,"_links":{"self":[{"href":"https:\/\/iscavets.be\/fr\/wp-json\/wp\/v2\/pages\/340","targetHints":{"allow":["GET"]}}],"collection":[{"href":"https:\/\/iscavets.be\/fr\/wp-json\/wp\/v2\/pages"}],"about":[{"href":"https:\/\/iscavets.be\/fr\/wp-json\/wp\/v2\/types\/page"}],"author":[{"embeddable":true,"href":"https:\/\/iscavets.be\/fr\/wp-json\/wp\/v2\/users\/1"}],"replies":[{"embeddable":true,"href":"https:\/\/iscavets.be\/fr\/wp-json\/wp\/v2\/comments?post=340"}],"version-history":[{"count":8,"href":"https:\/\/iscavets.be\/fr\/wp-json\/wp\/v2\/pages\/340\/revisions"}],"predecessor-version":[{"id":2387,"href":"https:\/\/iscavets.be\/fr\/wp-json\/wp\/v2\/pages\/340\/revisions\/2387"}],"wp:attachment":[{"href":"https:\/\/iscavets.be\/fr\/wp-json\/wp\/v2\/media?parent=340"}],"curies":[{"name":"wp","href":"https:\/\/api.w.org\/{rel}","templated":true}]}}