{"id":333,"date":"2021-11-25T13:34:11","date_gmt":"2021-11-25T13:34:11","guid":{"rendered":"http:\/\/iscavets.designproject.be\/?page_id=333"},"modified":"2023-06-09T11:52:22","modified_gmt":"2023-06-09T11:52:22","slug":"gezondheidscontrole-voor-het-groeiende-dier","status":"publish","type":"page","link":"https:\/\/iscavets.be\/fr\/gezondheidscontrole-voor-het-groeiende-dier\/","title":{"rendered":"Bilan de sant\u00e9 de l'animal en croissance"},"content":{"rendered":"\r\n<div class=\"wp-block-media-text alignwide is-stacked-on-mobile is-image-fill\"><figure class=\"wp-block-media-text__media\" style=\"background-image:url(https:\/\/iscavets.be\/wp-content\/uploads\/2023\/01\/DSC_0246-2-1024x678.jpg);background-position:50% 50%\"><img loading=\"lazy\" decoding=\"async\" width=\"1024\" height=\"678\" src=\"https:\/\/iscavets.be\/wp-content\/uploads\/2023\/01\/DSC_0246-2-1024x678.jpg\" alt=\"\" class=\"wp-image-1800 size-full\" srcset=\"https:\/\/iscavets.be\/wp-content\/uploads\/2023\/01\/DSC_0246-2-1024x678.jpg 1024w, https:\/\/iscavets.be\/wp-content\/uploads\/2023\/01\/DSC_0246-2-300x199.jpg 300w, https:\/\/iscavets.be\/wp-content\/uploads\/2023\/01\/DSC_0246-2-768x509.jpg 768w, https:\/\/iscavets.be\/wp-content\/uploads\/2023\/01\/DSC_0246-2-1536x1017.jpg 1536w, https:\/\/iscavets.be\/wp-content\/uploads\/2023\/01\/DSC_0246-2-2048x1356.jpg 2048w, https:\/\/iscavets.be\/wp-content\/uploads\/2023\/01\/DSC_0246-2-175x116.jpg 175w\" sizes=\"auto, (max-width: 1024px) 100vw, 1024px\" \/><\/figure><div class=\"wp-block-media-text__content\">\r\n<p>Pour l&#8217;animal en croissance, le bilan de sant\u00e9 suit naturellement&nbsp;<a href=\"https:\/\/iscavets.be\/fr\/jaarlijkse-gezondheidscontrole\/\" data-type=\"URL\">le sch\u00e9ma d\u00e9crit pr\u00e9c\u00e9demment,<\/a> mais avec des accents sp\u00e9cifiques :<\/p>\r\n\r\n\r\n\r\n<ul class=\"wp-block-list\">\r\n<li>Surveiller les courbes de croissance et de poids<\/li>\r\n\r\n\r\n\r\n<li>Fournir des conseils nutritionnels<\/li>\r\n\r\n\r\n\r\n<li>Superviser l&#8217;\u00e9ducation de l&#8217;animal<\/li>\r\n\r\n\r\n\r\n<li>D\u00e9tection pr\u00e9coce des probl\u00e8mes de comportement<\/li>\r\n\r\n\r\n\r\n<li>Suivi des changements de dents<\/li>\r\n\r\n\r\n\r\n<li>Vaccination de base<\/li>\r\n\r\n\r\n\r\n<li>Discuter de la contraception<\/li>\r\n\r\n\r\n\r\n<li>Contr\u00f4ler l&#8217;identification<\/li>\r\n\r\n\r\n\r\n<li>Discuter des aspects juridiques li\u00e9s \u00e0 la d\u00e9tention d&#8217;un animal de compagnie<\/li>\r\n<\/ul>\r\n<\/div><\/div>\r\n","protected":false},"excerpt":{"rendered":"<p>Pour l&#8217;animal en croissance, le bilan de sant\u00e9 suit naturellement&nbsp;le sch\u00e9ma d\u00e9crit pr\u00e9c\u00e9demment, mais avec des accents sp\u00e9cifiques : Surveiller les courbes de croissance et de poids Fournir des conseils nutritionnels Superviser l&#8217;\u00e9ducation de l&#8217;animal D\u00e9tection pr\u00e9coce des probl\u00e8mes de comportement Suivi des changements de dents Vaccination de base Discuter de la contraception Contr\u00f4ler l&#8217;identification&hellip;&nbsp;<a href=\"https:\/\/iscavets.be\/fr\/gezondheidscontrole-voor-het-groeiende-dier\/\" rel=\"bookmark\">Read More &raquo;<span class=\"screen-reader-text\">Bilan de sant\u00e9 de l&#8217;animal en croissance<\/span><\/a><\/p>\n","protected":false},"author":1,"featured_media":0,"parent":0,"menu_order":0,"comment_status":"closed","ping_status":"closed","template":"","meta":{"neve_meta_sidebar":"","neve_meta_container":"","neve_meta_enable_content_width":"","neve_meta_content_width":0,"neve_meta_title_alignment":"","neve_meta_author_avatar":"","neve_post_elements_order":"","neve_meta_disable_header":"","neve_meta_disable_footer":"","neve_meta_disable_title":"","footnotes":""},"class_list":["post-333","page","type-page","status-publish","hentry"],"jetpack_sharing_enabled":true,"_links":{"self":[{"href":"https:\/\/iscavets.be\/fr\/wp-json\/wp\/v2\/pages\/333","targetHints":{"allow":["GET"]}}],"collection":[{"href":"https:\/\/iscavets.be\/fr\/wp-json\/wp\/v2\/pages"}],"about":[{"href":"https:\/\/iscavets.be\/fr\/wp-json\/wp\/v2\/types\/page"}],"author":[{"embeddable":true,"href":"https:\/\/iscavets.be\/fr\/wp-json\/wp\/v2\/users\/1"}],"replies":[{"embeddable":true,"href":"https:\/\/iscavets.be\/fr\/wp-json\/wp\/v2\/comments?post=333"}],"version-history":[{"count":7,"href":"https:\/\/iscavets.be\/fr\/wp-json\/wp\/v2\/pages\/333\/revisions"}],"predecessor-version":[{"id":2386,"href":"https:\/\/iscavets.be\/fr\/wp-json\/wp\/v2\/pages\/333\/revisions\/2386"}],"wp:attachment":[{"href":"https:\/\/iscavets.be\/fr\/wp-json\/wp\/v2\/media?parent=333"}],"curies":[{"name":"wp","href":"https:\/\/api.w.org\/{rel}","templated":true}]}}