{"id":330,"date":"2021-11-25T13:32:08","date_gmt":"2021-11-25T13:32:08","guid":{"rendered":"http:\/\/iscavets.designproject.be\/?page_id=330"},"modified":"2023-03-30T14:46:38","modified_gmt":"2023-03-30T14:46:38","slug":"jaarlijkse-gezondheidscontrole","status":"publish","type":"page","link":"https:\/\/iscavets.be\/fr\/jaarlijkse-gezondheidscontrole\/","title":{"rendered":"Contr\u00f4le annuel de sant\u00e9"},"content":{"rendered":"\r\n<p>Un bilan de sant\u00e9 annuel ne se limite pas \u00e0 la vaccination. Nous commen\u00e7ons toujours par une bonne conversation. Cela nous permet de savoir si vous, en tant que propri\u00e9taire, rencontrez des probl\u00e8mes avec votre animal, par exemple en mati\u00e8re de comportement ou de sant\u00e9.<br><br>Bien entendu, nous abordons \u00e9galement les soins n\u00e9cessaires \u00e0 votre animal. Cela va de l&#8217;entretien des dents, des oreilles, des yeux, du pelage et des ongles, \u00e0 l&#8217;alimentation, au contr\u00f4le des parasites (vers, puces, tiques) et \u00e0 la surveillance du poids.<br><br>Il va de soi qu&#8217;un examen de sant\u00e9 approfondi est indispensable. Il permet, d&#8217;une part, d&#8217;optimiser le programme de soins sp\u00e9cifique \u00e0 votre animal et, d&#8217;autre part, de d\u00e9tecter des probl\u00e8mes de sant\u00e9 pr\u00e9coces qui ne sont pas encore perceptibles pour vous.<br><br>En fonction de nos observations lors de l&#8217;examen de sant\u00e9, nous pouvons proposer des examens compl\u00e9mentaires (analyses de sang, analyses d&#8217;urine, radiographies, mesure de la tension art\u00e9rielle, examen microscopique, etc.).<br>&nbsp;&nbsp;&nbsp;&nbsp;<br>Bien entendu, nous v\u00e9rifions \u00e9galement le statut vaccinal de votre animal et vous proposons un calendrier de vaccination en fonction de l&#8217;\u00e2ge, de la race, de l&#8217;\u00e9tat de sant\u00e9, du mode de vie, des conditions de vie et des habitudes de voyage.<br><\/p>\r\n\r\n\r\n\r\n<div class=\"wp-block-cover is-light\" style=\"min-height:331px;aspect-ratio:unset;\"><span aria-hidden=\"true\" class=\"wp-block-cover__background has-background-dim-0 has-background-dim\"><\/span><img loading=\"lazy\" decoding=\"async\" width=\"2560\" height=\"1696\" class=\"wp-block-cover__image-background wp-image-1586\" alt=\"\" src=\"https:\/\/iscavets.designproject.be\/wp-content\/uploads\/2022\/12\/DSC_0088-2-1-scaled.jpg\" data-object-fit=\"cover\" srcset=\"https:\/\/iscavets.be\/wp-content\/uploads\/2022\/12\/DSC_0088-2-1-scaled.jpg 2560w, https:\/\/iscavets.be\/wp-content\/uploads\/2022\/12\/DSC_0088-2-1-300x199.jpg 300w, https:\/\/iscavets.be\/wp-content\/uploads\/2022\/12\/DSC_0088-2-1-1024x678.jpg 1024w, https:\/\/iscavets.be\/wp-content\/uploads\/2022\/12\/DSC_0088-2-1-768x509.jpg 768w, https:\/\/iscavets.be\/wp-content\/uploads\/2022\/12\/DSC_0088-2-1-1536x1017.jpg 1536w, https:\/\/iscavets.be\/wp-content\/uploads\/2022\/12\/DSC_0088-2-1-2048x1356.jpg 2048w, https:\/\/iscavets.be\/wp-content\/uploads\/2022\/12\/DSC_0088-2-1-175x116.jpg 175w\" sizes=\"auto, (max-width: 2560px) 100vw, 2560px\" \/><div class=\"wp-block-cover__inner-container is-layout-flow wp-block-cover-is-layout-flow\">\r\n<p class=\"has-text-align-center has-large-font-size\"><\/p>\r\n<\/div><\/div>\r\n","protected":false},"excerpt":{"rendered":"<p>Un bilan de sant\u00e9 annuel ne se limite pas \u00e0 la vaccination. Nous commen\u00e7ons toujours par une bonne conversation. Cela nous permet de savoir si vous, en tant que propri\u00e9taire, rencontrez des probl\u00e8mes avec votre animal, par exemple en mati\u00e8re de comportement ou de sant\u00e9. Bien entendu, nous abordons \u00e9galement les soins n\u00e9cessaires \u00e0 votre&hellip;&nbsp;<a href=\"https:\/\/iscavets.be\/fr\/jaarlijkse-gezondheidscontrole\/\" rel=\"bookmark\">Read More &raquo;<span class=\"screen-reader-text\">Contr\u00f4le annuel de sant\u00e9<\/span><\/a><\/p>\n","protected":false},"author":1,"featured_media":0,"parent":0,"menu_order":0,"comment_status":"closed","ping_status":"closed","template":"","meta":{"neve_meta_sidebar":"","neve_meta_container":"","neve_meta_enable_content_width":"","neve_meta_content_width":0,"neve_meta_title_alignment":"","neve_meta_author_avatar":"","neve_post_elements_order":"","neve_meta_disable_header":"","neve_meta_disable_footer":"","neve_meta_disable_title":"","footnotes":""},"class_list":["post-330","page","type-page","status-publish","hentry"],"jetpack_sharing_enabled":true,"_links":{"self":[{"href":"https:\/\/iscavets.be\/fr\/wp-json\/wp\/v2\/pages\/330","targetHints":{"allow":["GET"]}}],"collection":[{"href":"https:\/\/iscavets.be\/fr\/wp-json\/wp\/v2\/pages"}],"about":[{"href":"https:\/\/iscavets.be\/fr\/wp-json\/wp\/v2\/types\/page"}],"author":[{"embeddable":true,"href":"https:\/\/iscavets.be\/fr\/wp-json\/wp\/v2\/users\/1"}],"replies":[{"embeddable":true,"href":"https:\/\/iscavets.be\/fr\/wp-json\/wp\/v2\/comments?post=330"}],"version-history":[{"count":15,"href":"https:\/\/iscavets.be\/fr\/wp-json\/wp\/v2\/pages\/330\/revisions"}],"predecessor-version":[{"id":2327,"href":"https:\/\/iscavets.be\/fr\/wp-json\/wp\/v2\/pages\/330\/revisions\/2327"}],"wp:attachment":[{"href":"https:\/\/iscavets.be\/fr\/wp-json\/wp\/v2\/media?parent=330"}],"curies":[{"name":"wp","href":"https:\/\/api.w.org\/{rel}","templated":true}]}}