{"id":329,"date":"2021-11-25T14:24:16","date_gmt":"2021-11-25T14:24:16","guid":{"rendered":"http:\/\/iscavets.designproject.be\/?page_id=329"},"modified":"2023-06-01T14:54:12","modified_gmt":"2023-06-01T14:54:12","slug":"assistente-cat","status":"publish","type":"page","link":"https:\/\/iscavets.be\/fr\/assistante-cat\/","title":{"rendered":"Assistante Cat"},"content":{"rendered":"\r\n<div class=\"wp-block-media-text alignwide is-stacked-on-mobile is-image-fill\" style=\"grid-template-columns:47% auto\"><figure class=\"wp-block-media-text__media\" style=\"background-image:url(https:\/\/iscavets.be\/wp-content\/uploads\/2022\/11\/Iscavets-15-1024x683.jpg);background-position:38% 47%\"><img loading=\"lazy\" decoding=\"async\" width=\"1024\" height=\"683\" src=\"https:\/\/iscavets.be\/wp-content\/uploads\/2022\/11\/Iscavets-15-1024x683.jpg\" alt=\"\" class=\"wp-image-1324 size-full\" srcset=\"https:\/\/iscavets.be\/wp-content\/uploads\/2022\/11\/Iscavets-15-1024x683.jpg 1024w, https:\/\/iscavets.be\/wp-content\/uploads\/2022\/11\/Iscavets-15-300x200.jpg 300w, https:\/\/iscavets.be\/wp-content\/uploads\/2022\/11\/Iscavets-15-768x512.jpg 768w, https:\/\/iscavets.be\/wp-content\/uploads\/2022\/11\/Iscavets-15-1536x1024.jpg 1536w, https:\/\/iscavets.be\/wp-content\/uploads\/2022\/11\/Iscavets-15-2048x1365.jpg 2048w, https:\/\/iscavets.be\/wp-content\/uploads\/2022\/11\/Iscavets-15-930x620.jpg 930w, https:\/\/iscavets.be\/wp-content\/uploads\/2022\/11\/Iscavets-15-174x116.jpg 174w\" sizes=\"auto, (max-width: 1024px) 100vw, 1024px\" \/><\/figure><div class=\"wp-block-media-text__content\">\r\n<p>Cat a obtenu son dipl\u00f4me de bacheli\u00e8re en soins animaliers \u00e0 la Hogeschool Gent et fait partie de notre \u00e9quipe depuis ao\u00fbt 2020.<\/p>\r\n\r\n\r\n\r\n<p>Elle adore les chats et en a plusieurs \u00e0 la maison. Presque tous proviennent du refuge o\u00f9 elle a travaill\u00e9 pendant plusieurs ann\u00e9es. Elle est une grande adepte de la devise &#8220;adoptez, n&#8217;achetez pas&#8221;.<\/p>\r\n\r\n\r\n\r\n<p> Chez Iscavets, Cat aime accueillir tous les animaux avec un mot gentil et une caresse ou un c\u00e2lin. Vous l&#8217;entendrez r\u00e9guli\u00e8rement au t\u00e9l\u00e9phone et la verrez souvent au comptoir. Elle garde une vue d&#8217;ensemble des tenants et aboutissants du cabinet et fait les ajustements n\u00e9cessaires. Les v\u00e9t\u00e9rinaires font \u00e9galement appel \u00e0 elle pour tenir un animal pendant la consultation, si n\u00e9cessaire.<\/p>\r\n\r\n\r\n\r\n<p>Une perle \u00e0 ch\u00e9rir.<\/p>\r\n<\/div><\/div>\r\n\r\n\r\n\r\n<p><\/p>\r\n\r\n\r\n\r\n<p><\/p>\r\n","protected":false},"excerpt":{"rendered":"<p>Cat a obtenu son dipl\u00f4me de bacheli\u00e8re en soins animaliers \u00e0 la Hogeschool Gent et fait partie de notre \u00e9quipe depuis ao\u00fbt 2020. Elle adore les chats et en a plusieurs \u00e0 la maison. Presque tous proviennent du refuge o\u00f9 elle a travaill\u00e9 pendant plusieurs ann\u00e9es. Elle est une grande adepte de la devise &#8220;adoptez,&hellip;&nbsp;<a href=\"https:\/\/iscavets.be\/fr\/assistante-cat\/\" rel=\"bookmark\">Read More &raquo;<span class=\"screen-reader-text\">Assistante Cat<\/span><\/a><\/p>\n","protected":false},"author":2,"featured_media":0,"parent":0,"menu_order":0,"comment_status":"closed","ping_status":"closed","template":"","meta":{"neve_meta_sidebar":"right","neve_meta_container":"","neve_meta_enable_content_width":"","neve_meta_content_width":70,"neve_meta_title_alignment":"left","neve_meta_author_avatar":"","neve_post_elements_order":"","neve_meta_disable_header":"","neve_meta_disable_footer":"","neve_meta_disable_title":"","footnotes":""},"class_list":["post-329","page","type-page","status-publish","hentry"],"jetpack_sharing_enabled":true,"_links":{"self":[{"href":"https:\/\/iscavets.be\/fr\/wp-json\/wp\/v2\/pages\/329","targetHints":{"allow":["GET"]}}],"collection":[{"href":"https:\/\/iscavets.be\/fr\/wp-json\/wp\/v2\/pages"}],"about":[{"href":"https:\/\/iscavets.be\/fr\/wp-json\/wp\/v2\/types\/page"}],"author":[{"embeddable":true,"href":"https:\/\/iscavets.be\/fr\/wp-json\/wp\/v2\/users\/2"}],"replies":[{"embeddable":true,"href":"https:\/\/iscavets.be\/fr\/wp-json\/wp\/v2\/comments?post=329"}],"version-history":[{"count":19,"href":"https:\/\/iscavets.be\/fr\/wp-json\/wp\/v2\/pages\/329\/revisions"}],"predecessor-version":[{"id":2373,"href":"https:\/\/iscavets.be\/fr\/wp-json\/wp\/v2\/pages\/329\/revisions\/2373"}],"wp:attachment":[{"href":"https:\/\/iscavets.be\/fr\/wp-json\/wp\/v2\/media?parent=329"}],"curies":[{"name":"wp","href":"https:\/\/api.w.org\/{rel}","templated":true}]}}