{"id":2521,"date":"2025-12-26T15:12:33","date_gmt":"2025-12-26T14:12:33","guid":{"rendered":"https:\/\/iscavets.be\/?page_id=2521"},"modified":"2025-12-26T15:12:35","modified_gmt":"2025-12-26T14:12:35","slug":"dierenarts-dieter","status":"publish","type":"page","link":"https:\/\/iscavets.be\/fr\/dierenarts-dieter\/","title":{"rendered":"V\u00e9t\u00e9rinaire Dieter"},"content":{"rendered":"\r\n<div class=\"wp-block-media-text is-stacked-on-mobile\" style=\"grid-template-columns:48% auto\"><figure class=\"wp-block-media-text__media\"><img loading=\"lazy\" decoding=\"async\" width=\"683\" height=\"1024\" src=\"https:\/\/iscavets.be\/wp-content\/uploads\/2025\/12\/Afbeelding.jpeg\" alt=\"\" class=\"wp-image-2522 size-full\" srcset=\"https:\/\/iscavets.be\/wp-content\/uploads\/2025\/12\/Afbeelding.jpeg 683w, https:\/\/iscavets.be\/wp-content\/uploads\/2025\/12\/Afbeelding-200x300.jpeg 200w, https:\/\/iscavets.be\/wp-content\/uploads\/2025\/12\/Afbeelding-77x116.jpeg 77w\" sizes=\"auto, (max-width: 683px) 100vw, 683px\" \/><\/figure><div class=\"wp-block-media-text__content\">\r\n<p style=\"font-size:15px\">Dieter Everaert a obtenu son dipl\u00f4me en 2004 \u00e0 la Facult\u00e9 de m\u00e9decine v\u00e9t\u00e9rinaire de l&#8217;Universit\u00e9 de Gand, avec une sp\u00e9cialisation en petits animaux de compagnie et une option en animaux particuliers. Depuis l&#8217;obtention de son dipl\u00f4me, il s&#8217;est enti\u00e8rement consacr\u00e9 \u00e0 la m\u00e9decine sp\u00e9cialis\u00e9e des lapins, rongeurs, oiseaux, reptiles, amphibiens, poissons et furets.<\/p>\r\n\r\n\r\n\r\n<p style=\"font-size:15px\">Gr\u00e2ce \u00e0 ses nombreuses ann\u00e9es d&#8217;exp\u00e9rience pratique, \u00e0 des formations intensives en Belgique et \u00e0 l&#8217;\u00e9tranger, \u00e0 sa participation \u00e0 des congr\u00e8s internationaux et \u00e0 ses nombreuses conf\u00e9rences, Dieter fait partie des meilleurs v\u00e9t\u00e9rinaires belges sp\u00e9cialis\u00e9s dans les animaux exotiques. En tant que pr\u00e9sident du groupe de travail v\u00e9t\u00e9rinaire pour les oiseaux et les animaux exotiques, il contribue \u00e9galement activement au d\u00e9veloppement de ce domaine. Il est \u00e9galement un conf\u00e9rencier tr\u00e8s demand\u00e9 et renomm\u00e9, tant au niveau national qu&#8217;international.<\/p>\r\n\r\n\r\n\r\n<p style=\"font-size:15px\">Vous pouvez vous adresser \u00e0 Dieter pour les soins pr\u00e9ventifs, le traitement des maladies et les interventions chirurgicales chez les animaux de compagnie exotiques. Il poss\u00e8de une expertise particuli\u00e8rement \u00e9tendue, notamment en dentisterie chez les lapins et les rongeurs.<\/p>\r\n\r\n\r\n\r\n<p style=\"font-size:15px\">Depuis 2021, Dieter est \u00e9galement le v\u00e9t\u00e9rinaire responsable d&#8217;Avalon, le premier centre d&#8217;accueil pour h\u00e9rissons en Flandre.<\/p>\r\n<\/div><\/div>\r\n","protected":false},"excerpt":{"rendered":"<p>Dieter Everaert a obtenu son dipl\u00f4me en 2004 \u00e0 la Facult\u00e9 de m\u00e9decine v\u00e9t\u00e9rinaire de l&#8217;Universit\u00e9 de Gand, avec une sp\u00e9cialisation en petits animaux de compagnie et une option en animaux particuliers. Depuis l&#8217;obtention de son dipl\u00f4me, il s&#8217;est enti\u00e8rement consacr\u00e9 \u00e0 la m\u00e9decine sp\u00e9cialis\u00e9e des lapins, rongeurs, oiseaux, reptiles, amphibiens, poissons et furets. Gr\u00e2ce&hellip;&nbsp;<a href=\"https:\/\/iscavets.be\/fr\/dierenarts-dieter\/\" rel=\"bookmark\">Read More &raquo;<span class=\"screen-reader-text\">V\u00e9t\u00e9rinaire Dieter<\/span><\/a><\/p>\n","protected":false},"author":2,"featured_media":0,"parent":0,"menu_order":0,"comment_status":"closed","ping_status":"closed","template":"","meta":{"neve_meta_sidebar":"","neve_meta_container":"","neve_meta_enable_content_width":"","neve_meta_content_width":0,"neve_meta_title_alignment":"","neve_meta_author_avatar":"","neve_post_elements_order":"","neve_meta_disable_header":"","neve_meta_disable_footer":"","neve_meta_disable_title":"","footnotes":""},"class_list":["post-2521","page","type-page","status-publish","hentry"],"jetpack_sharing_enabled":true,"_links":{"self":[{"href":"https:\/\/iscavets.be\/fr\/wp-json\/wp\/v2\/pages\/2521","targetHints":{"allow":["GET"]}}],"collection":[{"href":"https:\/\/iscavets.be\/fr\/wp-json\/wp\/v2\/pages"}],"about":[{"href":"https:\/\/iscavets.be\/fr\/wp-json\/wp\/v2\/types\/page"}],"author":[{"embeddable":true,"href":"https:\/\/iscavets.be\/fr\/wp-json\/wp\/v2\/users\/2"}],"replies":[{"embeddable":true,"href":"https:\/\/iscavets.be\/fr\/wp-json\/wp\/v2\/comments?post=2521"}],"version-history":[{"count":1,"href":"https:\/\/iscavets.be\/fr\/wp-json\/wp\/v2\/pages\/2521\/revisions"}],"predecessor-version":[{"id":2523,"href":"https:\/\/iscavets.be\/fr\/wp-json\/wp\/v2\/pages\/2521\/revisions\/2523"}],"wp:attachment":[{"href":"https:\/\/iscavets.be\/fr\/wp-json\/wp\/v2\/media?parent=2521"}],"curies":[{"name":"wp","href":"https:\/\/api.w.org\/{rel}","templated":true}]}}