{"id":230,"date":"2021-11-22T16:27:44","date_gmt":"2021-11-22T16:27:44","guid":{"rendered":"https:\/\/iscavets.designproject.be\/?page_id=230"},"modified":"2026-04-16T15:41:28","modified_gmt":"2026-04-16T13:41:28","slug":"b-o-s","status":"publish","type":"page","link":"https:\/\/iscavets.be\/fr\/b-o-s\/","title":{"rendered":"Le syndrome brachyc\u00e9phale"},"content":{"rendered":"\r\n<p>Le syndrome obstructif respiratoire (Brachycephalic Obstructive Airway Syndrome) chez les chiens brachyc\u00e9phales est un terme g\u00e9n\u00e9rique d\u00e9signant les probl\u00e8mes respiratoires auxquels sont confront\u00e9es presque toutes les races \u00e0 museau court. On pourrait s&#8217;attendre \u00e0 ce que les ronflements et les reniflements des bouledogues fran\u00e7ais et anglais, par exemple, appartiennent \u00e0 ces races, et on pourrait les trouver mignons. Malheureusement, ils sont le r\u00e9sultat d&#8217;une s\u00e9lection excessive dans leur \u00e9levage, ce qui limite leur qualit\u00e9 de vie. C&#8217;est comme s&#8217;ils respiraient \u00e0 travers une paille en permanence. Les longues promenades, surtout lorsque les temp\u00e9ratures ext\u00e9rieures sont \u00e9lev\u00e9es, ne leur conviennent pas et ne sont pas recommand\u00e9es car ils ont tendance \u00e0 surchauffer. Courir et jouer \u00e0 fond ne leur convient pas non plus, car ils risquent de souffrir d&#8217;une grave d\u00e9tresse respiratoire. Plus tard dans leur vie, ils peuvent d\u00e9velopper une complication potentiellement mortelle : le collapsus laryng\u00e9, qui peut entra\u00eener une fermeture soudaine du larynx, emp\u00eachant le passage de l&#8217;air.<br>Les anomalies suivantes font partie du syndrome brachyc\u00e9phale.<br>&#8211; narines r\u00e9tr\u00e9cies<br>&#8211;  un palais mou trop long et\/ou trop \u00e9pais<br>&#8211; une langue proportionnellement trop longue et trop \u00e9paisse<br>&#8211; des amygdales hypertrophi\u00e9es et saillantes<br>&#8211; un larynx anormal<br>&#8211; une trach\u00e9e trop \u00e9troite<br>Bien que nous pr\u00e9f\u00e9rions que les \u00e9leveurs prennent leurs responsabilit\u00e9s et adaptent leur programme d&#8217;\u00e9levage pour retrouver les animaux tels qu&#8217;ils \u00e9taient auparavant, nous intervenons souvent chirurgicalement pour corriger ce qui peut l&#8217;\u00eatre afin d&#8217;am\u00e9liorer leur qualit\u00e9 de vie. Cette chirurgie est r\u00e9alis\u00e9e de pr\u00e9f\u00e9rence \u00e0 l&#8217;\u00e2ge de 3-4 mois afin d&#8217;obtenir un effet optimal.<\/p>\r\n\r\n\r\n\r\n<figure class=\"wp-block-image size-large\"><img loading=\"lazy\" decoding=\"async\" width=\"576\" height=\"1024\" src=\"http:\/\/iscavets.designproject.be\/wp-content\/uploads\/2022\/11\/afbeelding-1-576x1024.png\" alt=\"\" class=\"wp-image-1265\" srcset=\"https:\/\/iscavets.be\/wp-content\/uploads\/2022\/11\/afbeelding-1-576x1024.png 576w, https:\/\/iscavets.be\/wp-content\/uploads\/2022\/11\/afbeelding-1-169x300.png 169w, https:\/\/iscavets.be\/wp-content\/uploads\/2022\/11\/afbeelding-1-65x116.png 65w, https:\/\/iscavets.be\/wp-content\/uploads\/2022\/11\/afbeelding-1.png 650w\" sizes=\"auto, (max-width: 576px) 100vw, 576px\" \/><\/figure>\r\n\r\n\r\n\r\n<ul class=\"wp-block-list\">\r\n<li><\/li>\r\n<\/ul>\r\n","protected":false},"excerpt":{"rendered":"<p>Le syndrome obstructif respiratoire (Brachycephalic Obstructive Airway Syndrome) chez les chiens brachyc\u00e9phales est un terme g\u00e9n\u00e9rique d\u00e9signant les probl\u00e8mes respiratoires auxquels sont confront\u00e9es presque toutes les races \u00e0 museau court. On pourrait s&#8217;attendre \u00e0 ce que les ronflements et les reniflements des bouledogues fran\u00e7ais et anglais, par exemple, appartiennent \u00e0 ces races, et on pourrait&hellip;&nbsp;<a href=\"https:\/\/iscavets.be\/fr\/b-o-s\/\" rel=\"bookmark\">Read More &raquo;<span class=\"screen-reader-text\">Le syndrome brachyc\u00e9phale<\/span><\/a><\/p>\n","protected":false},"author":1,"featured_media":0,"parent":0,"menu_order":0,"comment_status":"closed","ping_status":"closed","template":"","meta":{"neve_meta_sidebar":"","neve_meta_container":"","neve_meta_enable_content_width":"","neve_meta_content_width":0,"neve_meta_title_alignment":"","neve_meta_author_avatar":"","neve_post_elements_order":"","neve_meta_disable_header":"","neve_meta_disable_footer":"","neve_meta_disable_title":"","footnotes":""},"class_list":["post-230","page","type-page","status-publish","hentry"],"jetpack_sharing_enabled":true,"_links":{"self":[{"href":"https:\/\/iscavets.be\/fr\/wp-json\/wp\/v2\/pages\/230","targetHints":{"allow":["GET"]}}],"collection":[{"href":"https:\/\/iscavets.be\/fr\/wp-json\/wp\/v2\/pages"}],"about":[{"href":"https:\/\/iscavets.be\/fr\/wp-json\/wp\/v2\/types\/page"}],"author":[{"embeddable":true,"href":"https:\/\/iscavets.be\/fr\/wp-json\/wp\/v2\/users\/1"}],"replies":[{"embeddable":true,"href":"https:\/\/iscavets.be\/fr\/wp-json\/wp\/v2\/comments?post=230"}],"version-history":[{"count":8,"href":"https:\/\/iscavets.be\/fr\/wp-json\/wp\/v2\/pages\/230\/revisions"}],"predecessor-version":[{"id":2677,"href":"https:\/\/iscavets.be\/fr\/wp-json\/wp\/v2\/pages\/230\/revisions\/2677"}],"wp:attachment":[{"href":"https:\/\/iscavets.be\/fr\/wp-json\/wp\/v2\/media?parent=230"}],"curies":[{"name":"wp","href":"https:\/\/api.w.org\/{rel}","templated":true}]}}