{"id":228,"date":"2021-11-22T16:27:14","date_gmt":"2021-11-22T16:27:14","guid":{"rendered":"https:\/\/iscavets.designproject.be\/?page_id=228"},"modified":"2023-12-08T11:13:17","modified_gmt":"2023-12-08T10:13:17","slug":"tandverzorging-bij-de-dierenarts","status":"publish","type":"page","link":"https:\/\/iscavets.be\/fr\/tandverzorging-bij-de-dierenarts\/","title":{"rendered":"Soins dentaires chez le v\u00e9t\u00e9rinaire"},"content":{"rendered":"\r\n<p>Les probl\u00e8mes dentaires sont fr\u00e9quents chez les chiens et les chats. Des \u00e9tudes montrent que 70 % des animaux \u00e2g\u00e9s de plus de 3 ans souffrent de probl\u00e8mes dentaires plus ou moins graves. Si l&#8217;on n&#8217;intervient pas \u00e0 temps, les dents, les gencives et les os de la m\u00e2choire subissent des dommages irr\u00e9versibles.<br>La majorit\u00e9 des probl\u00e8mes dentaires peuvent \u00eatre \u00e9vit\u00e9s en stoppant l&#8217;accumulation de tartre. En tant que propri\u00e9taire, vous avez un r\u00f4le important \u00e0 jouer \u00e0 cet \u00e9gard : l&#8217;essentiel est de brosser les dents tous les jours. Mais m\u00eame si vous y parvenez, cela n&#8217;exclut pas des soins dentaires r\u00e9guliers chez le v\u00e9t\u00e9rinaire sous anesth\u00e9sie. Comparons avec nous : nous nous brossons \u00e9galement les dents tous les jours, mais nous allons chez le dentiste pour un entretien annuel.<br>Il arrive aussi que des probl\u00e8mes dentaires passent inaper\u00e7us pendant longtemps, de sorte qu&#8217;ils sont diagnostiqu\u00e9s \u00e0 un stade plus avanc\u00e9. Les soins dentaires sous anesth\u00e9sie sont alors n\u00e9cessaires non seulement pour \u00e9liminer la douleur, mais aussi pour pr\u00e9venir les infections et les l\u00e9sions ailleurs dans le corps.<br>Le nettoyage (d\u00e9tartrage et polissage) des dents se fait sous anesth\u00e9sie car la zone situ\u00e9e sous les gencives doit \u00e9galement \u00eatre trait\u00e9e. Nous utilisons ici des instruments pointus et un d\u00e9tartreur \u00e0 ultrasons. Le nettoyage des dents sous la gencive est toujours inconfortable. Chez l&#8217;homme, cela est possible sans anesth\u00e9sie car nous coop\u00e9rons volontiers. Ce n&#8217;est pas le cas des animaux. Enlever uniquement le tartre visible n&#8217;est ni efficace ni utile. Il ne fait qu&#8217;embellir les dents, ce qui donne un faux sentiment de s\u00e9curit\u00e9.<br>En outre, de nombreuses affections de la cavit\u00e9 buccale ne peuvent \u00eatre diagnostiqu\u00e9es que par un examen approfondi sous anesth\u00e9sie. Parfois, les cavit\u00e9s dentaires peuvent \u00eatre d\u00e9tect\u00e9es par une inspection minutieuse, parfois une radiographie dentaire est n\u00e9cessaire. L\u00e0 encore, cela ne peut se faire que sous anesth\u00e9sie g\u00e9n\u00e9rale. Les dents qui ne peuvent \u00eatre sauv\u00e9es sont retir\u00e9es. La devise de Cathy : il est plus important d&#8217;avoir une bouche sans dents et sans douleur qu&#8217;une bouche pleine de dents qui sont une source permanente de douleur.<br>L&#8217;anesth\u00e9sie moderne, accompagn\u00e9e d&#8217;une surveillance et d&#8217;un soutien, comporte peu de risques. Les patients sont intub\u00e9s pour emp\u00eacher la salet\u00e9 et les bact\u00e9ries de p\u00e9n\u00e9trer dans la trach\u00e9e.<br>Le cabinet v\u00e9t\u00e9rinaire Iscavets dispose d&#8217;un appareil d&#8217;anesth\u00e9sie, avec possibilit\u00e9 de ventilation assist\u00e9e, et des dispositifs n\u00e9cessaires \u00e0 la surveillance de l&#8217;anesth\u00e9sie. En outre, nous sommes \u00e9galement \u00e9quip\u00e9s d&#8217;une unit\u00e9 dentaire et d&#8217;un appareil permettant de prendre des radiographies num\u00e9riques des dents.<\/p>\r\n\r\n\r\n\r\n<figure class=\"wp-block-video alignwide\"><video height=\"576\" style=\"aspect-ratio: 720 \/ 576;\" width=\"720\" controls=\"\" preload=\"auto\" src=\"https:\/\/iscavets.be\/wp-content\/uploads\/2023\/12\/taiga-final.mp4\"><\/video><\/figure>\r\n","protected":false},"excerpt":{"rendered":"<p>Les probl\u00e8mes dentaires sont fr\u00e9quents chez les chiens et les chats. Des \u00e9tudes montrent que 70 % des animaux \u00e2g\u00e9s de plus de 3 ans souffrent de probl\u00e8mes dentaires plus ou moins graves. Si l&#8217;on n&#8217;intervient pas \u00e0 temps, les dents, les gencives et les os de la m\u00e2choire subissent des dommages irr\u00e9versibles.La majorit\u00e9 des&hellip;&nbsp;<a href=\"https:\/\/iscavets.be\/fr\/tandverzorging-bij-de-dierenarts\/\" rel=\"bookmark\">Read More &raquo;<span class=\"screen-reader-text\">Soins dentaires chez le v\u00e9t\u00e9rinaire<\/span><\/a><\/p>\n","protected":false},"author":1,"featured_media":0,"parent":0,"menu_order":0,"comment_status":"closed","ping_status":"closed","template":"","meta":{"neve_meta_sidebar":"","neve_meta_container":"","neve_meta_enable_content_width":"","neve_meta_content_width":0,"neve_meta_title_alignment":"","neve_meta_author_avatar":"","neve_post_elements_order":"","neve_meta_disable_header":"","neve_meta_disable_footer":"","neve_meta_disable_title":"","footnotes":""},"class_list":["post-228","page","type-page","status-publish","hentry"],"jetpack_sharing_enabled":true,"_links":{"self":[{"href":"https:\/\/iscavets.be\/fr\/wp-json\/wp\/v2\/pages\/228","targetHints":{"allow":["GET"]}}],"collection":[{"href":"https:\/\/iscavets.be\/fr\/wp-json\/wp\/v2\/pages"}],"about":[{"href":"https:\/\/iscavets.be\/fr\/wp-json\/wp\/v2\/types\/page"}],"author":[{"embeddable":true,"href":"https:\/\/iscavets.be\/fr\/wp-json\/wp\/v2\/users\/1"}],"replies":[{"embeddable":true,"href":"https:\/\/iscavets.be\/fr\/wp-json\/wp\/v2\/comments?post=228"}],"version-history":[{"count":10,"href":"https:\/\/iscavets.be\/fr\/wp-json\/wp\/v2\/pages\/228\/revisions"}],"predecessor-version":[{"id":2430,"href":"https:\/\/iscavets.be\/fr\/wp-json\/wp\/v2\/pages\/228\/revisions\/2430"}],"wp:attachment":[{"href":"https:\/\/iscavets.be\/fr\/wp-json\/wp\/v2\/media?parent=228"}],"curies":[{"name":"wp","href":"https:\/\/api.w.org\/{rel}","templated":true}]}}