{"id":226,"date":"2021-11-22T16:26:44","date_gmt":"2021-11-22T16:26:44","guid":{"rendered":"https:\/\/iscavets.designproject.be\/?page_id=226"},"modified":"2023-03-30T10:25:22","modified_gmt":"2023-03-30T10:25:22","slug":"sterilisatie-van-de-kat","status":"publish","type":"page","link":"https:\/\/iscavets.be\/fr\/sterilisatie-van-de-kat\/","title":{"rendered":"St\u00e9rilisation du chat"},"content":{"rendered":"\r\n<p>La st\u00e9rilisation de la chatte est une proc\u00e9dure relativement simple qui consiste \u00e0 retirer les ovaires (et parfois l&#8217;ut\u00e9rus) sous anesth\u00e9sie g\u00e9n\u00e9rale. L&#8217;op\u00e9ration se d\u00e9roule sous la forme d&#8217;une hospitalisation de jour, o\u00f9 la chatte est amen\u00e9e au cabinet \u00e0 je\u00fbn et peut rentrer chez elle le jour m\u00eame. Bien entendu, pour \u00eatre certain qu&#8217;elle est \u00e0 je\u00fbn, votre chatte doit rester \u00e0 la maison la nuit pr\u00e9c\u00e9dant l&#8217;intervention. S&#8217;il est difficile de d&#8217;emp\u00eacher votre chat de se nourrir, vous pouvez l&#8217;amener la veille. Gr\u00e2ce \u00e0 la technique de suture et \u00e0 l&#8217;utilisation d&#8217;analg\u00e9siques, il n&#8217;y a g\u00e9n\u00e9ralement pas de suivi n\u00e9cessaire.<br>La st\u00e9rilisation pr\u00e9sente des avantages non n\u00e9gligeables pour la chatte : pas de port\u00e9es non d\u00e9sir\u00e9es, moins de vagabondage, pas de chaleurs avec les changements de comportement qui les accompagnent, pas de cris nocturnes et moins de risque de contracter une maladie infectieuse, comme le sida du chat.<br>De plus, en proc\u00e9dant ainsi, vous contribuerez \u00e0 freiner la multiplication galopante des chats, la population de chats errants et la surcharge des refuges.<br>Il s&#8217;agit d&#8217;une op\u00e9ration l\u00e9galement obligatoire pour les femelles avant qu&#8217;elles ne changent de propri\u00e9taire, au m\u00eame titre que l&#8217;identification (au moyen d&#8217;une puce \u00e9lectronique) et l&#8217;enregistrement de la puce dans une base de donn\u00e9es centrale.<br>Cette op\u00e9ration est effectu\u00e9e de pr\u00e9f\u00e9rence avant que la chatte ne devienne fertile, c&#8217;est-\u00e0-dire au plus tard \u00e0 l&#8217;\u00e2ge de 5 mois.<br>Apr\u00e8s l&#8217;op\u00e9ration, il faut faire tr\u00e8s attention \u00e0 ce qu&#8217;elle ne prenne pas top de poids, mais avec un r\u00e9gime alimentaire adapt\u00e9, suffisamment d&#8217;exercice et la discipline n\u00e9cessaire, cela ne devrait pas poser de probl\u00e8me. Eviter le surpoids, c&#8217;est aussi la principale mesure de pr\u00e9vention des cystites et des calculs v\u00e9sicaux.<\/p>\r\n\r\n\r\n\r\n<div class=\"wp-block-cover is-light\"><span aria-hidden=\"true\" class=\"wp-block-cover__background has-background-dim-0 has-background-dim\"><\/span><img loading=\"lazy\" decoding=\"async\" width=\"2560\" height=\"1696\" class=\"wp-block-cover__image-background wp-image-1031\" alt=\"\" src=\"http:\/\/iscavets.designproject.be\/wp-content\/uploads\/2022\/10\/6avvc_ameline_beverdam_reportage5_1415-scaled.jpg\" data-object-fit=\"cover\" srcset=\"https:\/\/iscavets.be\/wp-content\/uploads\/2022\/10\/6avvc_ameline_beverdam_reportage5_1415-scaled.jpg 2560w, https:\/\/iscavets.be\/wp-content\/uploads\/2022\/10\/6avvc_ameline_beverdam_reportage5_1415-300x199.jpg 300w, https:\/\/iscavets.be\/wp-content\/uploads\/2022\/10\/6avvc_ameline_beverdam_reportage5_1415-1024x678.jpg 1024w, https:\/\/iscavets.be\/wp-content\/uploads\/2022\/10\/6avvc_ameline_beverdam_reportage5_1415-768x509.jpg 768w, https:\/\/iscavets.be\/wp-content\/uploads\/2022\/10\/6avvc_ameline_beverdam_reportage5_1415-1536x1017.jpg 1536w, https:\/\/iscavets.be\/wp-content\/uploads\/2022\/10\/6avvc_ameline_beverdam_reportage5_1415-2048x1356.jpg 2048w, https:\/\/iscavets.be\/wp-content\/uploads\/2022\/10\/6avvc_ameline_beverdam_reportage5_1415-175x116.jpg 175w\" sizes=\"auto, (max-width: 2560px) 100vw, 2560px\" \/><div class=\"wp-block-cover__inner-container is-layout-flow wp-block-cover-is-layout-flow\">\r\n<p class=\"has-text-align-center has-large-font-size\"><\/p>\r\n<\/div><\/div>\r\n","protected":false},"excerpt":{"rendered":"<p>La st\u00e9rilisation de la chatte est une proc\u00e9dure relativement simple qui consiste \u00e0 retirer les ovaires (et parfois l&#8217;ut\u00e9rus) sous anesth\u00e9sie g\u00e9n\u00e9rale. L&#8217;op\u00e9ration se d\u00e9roule sous la forme d&#8217;une hospitalisation de jour, o\u00f9 la chatte est amen\u00e9e au cabinet \u00e0 je\u00fbn et peut rentrer chez elle le jour m\u00eame. Bien entendu, pour \u00eatre certain qu&#8217;elle&hellip;&nbsp;<a href=\"https:\/\/iscavets.be\/fr\/sterilisatie-van-de-kat\/\" rel=\"bookmark\">Read More &raquo;<span class=\"screen-reader-text\">St\u00e9rilisation du chat<\/span><\/a><\/p>\n","protected":false},"author":1,"featured_media":0,"parent":0,"menu_order":0,"comment_status":"closed","ping_status":"closed","template":"","meta":{"neve_meta_sidebar":"","neve_meta_container":"","neve_meta_enable_content_width":"","neve_meta_content_width":0,"neve_meta_title_alignment":"","neve_meta_author_avatar":"","neve_post_elements_order":"","neve_meta_disable_header":"","neve_meta_disable_footer":"","neve_meta_disable_title":"","footnotes":""},"class_list":["post-226","page","type-page","status-publish","hentry"],"jetpack_sharing_enabled":true,"_links":{"self":[{"href":"https:\/\/iscavets.be\/fr\/wp-json\/wp\/v2\/pages\/226","targetHints":{"allow":["GET"]}}],"collection":[{"href":"https:\/\/iscavets.be\/fr\/wp-json\/wp\/v2\/pages"}],"about":[{"href":"https:\/\/iscavets.be\/fr\/wp-json\/wp\/v2\/types\/page"}],"author":[{"embeddable":true,"href":"https:\/\/iscavets.be\/fr\/wp-json\/wp\/v2\/users\/1"}],"replies":[{"embeddable":true,"href":"https:\/\/iscavets.be\/fr\/wp-json\/wp\/v2\/comments?post=226"}],"version-history":[{"count":4,"href":"https:\/\/iscavets.be\/fr\/wp-json\/wp\/v2\/pages\/226\/revisions"}],"predecessor-version":[{"id":2296,"href":"https:\/\/iscavets.be\/fr\/wp-json\/wp\/v2\/pages\/226\/revisions\/2296"}],"wp:attachment":[{"href":"https:\/\/iscavets.be\/fr\/wp-json\/wp\/v2\/media?parent=226"}],"curies":[{"name":"wp","href":"https:\/\/api.w.org\/{rel}","templated":true}]}}