{"id":224,"date":"2021-11-22T16:26:13","date_gmt":"2021-11-22T16:26:13","guid":{"rendered":"https:\/\/iscavets.designproject.be\/?page_id=224"},"modified":"2023-01-26T11:48:30","modified_gmt":"2023-01-26T11:48:30","slug":"sterilisatie-van-de-hond","status":"publish","type":"page","link":"https:\/\/iscavets.be\/fr\/sterilisatie-van-de-hond\/","title":{"rendered":"St\u00e9rilisation du chien"},"content":{"rendered":"\r\n<p>La st\u00e9rilisation consiste \u00e0 rendre une chienne st\u00e9rile, afin qu&#8217;elle ne puisse plus avoir de petits. Il s&#8217;agit d&#8217;une op\u00e9ration durant laquelle une partie de l&#8217;appareil sexuel (les ovaires et parfois l&#8217;ut\u00e9rus) est enlev\u00e9e. Il s&#8217;agit d&#8217;une proc\u00e9dure relativement simple au cours de laquelle l&#8217;abdomen est ouvert sous anesth\u00e9sie compl\u00e8te. Elle est pratiqu\u00e9e sous la forme d&#8217;une chirurgie d&#8217;un jour, o\u00f9 le chien est amen\u00e9 au cabinet \u00e0 je\u00fbn et rentre chez lui le m\u00eame jour. Gr\u00e2ce \u00e0 la technique de suture de la peau et \u00e0 l&#8217;utilisation d&#8217;analg\u00e9siques, il n&#8217;est g\u00e9n\u00e9ralement pas n\u00e9cessaire de mettre une colerrette, pansement ou un t-shirt \u00e0 votre chien. Votre animal recevra des antidouleurs \u00e0 administrer \u00e0 la maison.<br>La st\u00e9rilisation pr\u00e9sente certainement des avantages. Les femelles n&#8217;ont pas de chaleurs (donc pas de saignements dans la maison, pas d&#8217;attirance pour les m\u00e2les, pas de changements comportementaux associ\u00e9s aux chaleurs et pas de grossesse nerveuse apr\u00e8s les chaleurs) et les port\u00e9es non d\u00e9sir\u00e9es sont \u00e9vit\u00e9es. Certains probl\u00e8mes m\u00e9dicaux courants sont \u00e9galement moins fr\u00e9quents (m\u00e9trite, tumeurs des glandes mammaires), en fonction de l&#8217;\u00e2ge auquel la proc\u00e9dure est effectu\u00e9e.<br>Parfois, l&#8217;intervention est n\u00e9cessaire \u00e0 un \u00e2ge plus avanc\u00e9 en cas de m\u00e9trite (pyom\u00e8tre) ou de diab\u00e8te.<br>Apr\u00e8s l&#8217;intervention, vous devez faire tr\u00e8s attention \u00e0 ce que votre animal ne prenne pas trop de poids, mais avec un r\u00e9gime alimentaire adapt\u00e9, suffisamment d&#8217;exercice et la discipline n\u00e9cessaire, cela ne devrait pas poser de probl\u00e8me. Certaines chiennes peuvent devenir incontinentes : cela se produit surtout si l&#8217;op\u00e9ration est pratiqu\u00e9e avant les premi\u00e8res chaleurs chez les grandes races et si elles deviennent trop grosses. Heureusement, il est g\u00e9n\u00e9ralement facile d&#8217;y rem\u00e9dier \u00e0 l&#8217;aide de m\u00e9dicaments. Il arrive que le pelage subisse de l\u00e9g\u00e8res modifications. Certaines formes de cancer peuvent \u00eatre l\u00e9g\u00e8rement plus fr\u00e9quentes chez certaines races si elles sont st\u00e9rilis\u00e9es, bien que cela doive toujours \u00eatre encadr\u00e9 : beaucoup de ces cancers sont de toute fa\u00e7on peu fr\u00e9quents. Une bonne consultation avec le v\u00e9t\u00e9rinaire est donc importante.<br>L&#8217;op\u00e9ration peut \u00eatre pratiqu\u00e9e \u00e0 tout \u00e2ge, \u00e0 condition d&#8217;\u00e9viter la p\u00e9riode des chaleurs et les deux mois qui suivent. N\u00e9anmoins, il est pr\u00e9f\u00e9rable de pratiquer l&#8217;op\u00e9ration \u00e0 un jeune \u00e2ge afin d&#8217;\u00e9viter des probl\u00e8mes de sant\u00e9 plus tard dans la vie. En tout \u00e9tat de cause, il est faux de croire qu&#8217;une chienne doit avoir eu une port\u00e9e pour \u00eatre en bonne sant\u00e9 physique ou mentale.<br>La st\u00e9rilisation est \u00e9galement possible par voie endoscopique. Nous ne proposons pas cette technique dans le cabinet car notre exp\u00e9rience montre que la proc\u00e9dure classique, avec un protocole de gestion de la douleur correct, n&#8217;entra\u00eene pas une p\u00e9riode de r\u00e9cup\u00e9ration plus longue.<br>Il existe \u00e9galement plusieurs pr\u00e9parations injectables qui peuvent supprimer temporairement les chaleurs. Cela augmente le risque de d\u00e9velopper des ut\u00e9rites ou des tumeurs des glandes mammaires, m\u00eame apr\u00e8s une seule injection.<br>La st\u00e9rilisation chirurgicale est la m\u00e9thode de contraception la plus efficace et la plus fiable, la moins ch\u00e8re \u00e0 moyen terme et la moins risqu\u00e9e pour la sant\u00e9 future de l&#8217;animal. Il s&#8217;agit d&#8217;une intervention chirurgicale que nous pratiquons tr\u00e8s couramment et avec un risque minimal pour le chien.<\/p>\r\n\r\n\r\n\r\n<div class=\"wp-block-cover is-light\"><span aria-hidden=\"true\" class=\"wp-block-cover__background has-background-dim-0 has-background-dim\"><\/span><img loading=\"lazy\" decoding=\"async\" width=\"1696\" height=\"2560\" class=\"wp-block-cover__image-background wp-image-2234\" alt=\"\" src=\"https:\/\/iscavets.designproject.be\/wp-content\/uploads\/2023\/01\/DSC_0250-2-2-scaled.jpg\" style=\"object-position:52% 46%\" data-object-fit=\"cover\" data-object-position=\"52% 46%\" srcset=\"https:\/\/iscavets.be\/wp-content\/uploads\/2023\/01\/DSC_0250-2-2-scaled.jpg 1696w, https:\/\/iscavets.be\/wp-content\/uploads\/2023\/01\/DSC_0250-2-2-199x300.jpg 199w, https:\/\/iscavets.be\/wp-content\/uploads\/2023\/01\/DSC_0250-2-2-678x1024.jpg 678w, https:\/\/iscavets.be\/wp-content\/uploads\/2023\/01\/DSC_0250-2-2-768x1160.jpg 768w, https:\/\/iscavets.be\/wp-content\/uploads\/2023\/01\/DSC_0250-2-2-1017x1536.jpg 1017w, https:\/\/iscavets.be\/wp-content\/uploads\/2023\/01\/DSC_0250-2-2-1356x2048.jpg 1356w, https:\/\/iscavets.be\/wp-content\/uploads\/2023\/01\/DSC_0250-2-2-77x116.jpg 77w\" sizes=\"auto, (max-width: 1696px) 100vw, 1696px\" \/><div class=\"wp-block-cover__inner-container is-layout-flow wp-block-cover-is-layout-flow\">\r\n<p class=\"has-text-align-center has-large-font-size\"><\/p>\r\n<\/div><\/div>\r\n","protected":false},"excerpt":{"rendered":"<p>La st\u00e9rilisation consiste \u00e0 rendre une chienne st\u00e9rile, afin qu&#8217;elle ne puisse plus avoir de petits. Il s&#8217;agit d&#8217;une op\u00e9ration durant laquelle une partie de l&#8217;appareil sexuel (les ovaires et parfois l&#8217;ut\u00e9rus) est enlev\u00e9e. Il s&#8217;agit d&#8217;une proc\u00e9dure relativement simple au cours de laquelle l&#8217;abdomen est ouvert sous anesth\u00e9sie compl\u00e8te. Elle est pratiqu\u00e9e sous la&hellip;&nbsp;<a href=\"https:\/\/iscavets.be\/fr\/sterilisatie-van-de-hond\/\" rel=\"bookmark\">Read More &raquo;<span class=\"screen-reader-text\">St\u00e9rilisation du chien<\/span><\/a><\/p>\n","protected":false},"author":1,"featured_media":0,"parent":0,"menu_order":0,"comment_status":"closed","ping_status":"closed","template":"","meta":{"neve_meta_sidebar":"","neve_meta_container":"","neve_meta_enable_content_width":"","neve_meta_content_width":0,"neve_meta_title_alignment":"","neve_meta_author_avatar":"","neve_post_elements_order":"","neve_meta_disable_header":"","neve_meta_disable_footer":"","neve_meta_disable_title":"","footnotes":""},"class_list":["post-224","page","type-page","status-publish","hentry"],"jetpack_sharing_enabled":true,"_links":{"self":[{"href":"https:\/\/iscavets.be\/fr\/wp-json\/wp\/v2\/pages\/224","targetHints":{"allow":["GET"]}}],"collection":[{"href":"https:\/\/iscavets.be\/fr\/wp-json\/wp\/v2\/pages"}],"about":[{"href":"https:\/\/iscavets.be\/fr\/wp-json\/wp\/v2\/types\/page"}],"author":[{"embeddable":true,"href":"https:\/\/iscavets.be\/fr\/wp-json\/wp\/v2\/users\/1"}],"replies":[{"embeddable":true,"href":"https:\/\/iscavets.be\/fr\/wp-json\/wp\/v2\/comments?post=224"}],"version-history":[{"count":4,"href":"https:\/\/iscavets.be\/fr\/wp-json\/wp\/v2\/pages\/224\/revisions"}],"predecessor-version":[{"id":2246,"href":"https:\/\/iscavets.be\/fr\/wp-json\/wp\/v2\/pages\/224\/revisions\/2246"}],"wp:attachment":[{"href":"https:\/\/iscavets.be\/fr\/wp-json\/wp\/v2\/media?parent=224"}],"curies":[{"name":"wp","href":"https:\/\/api.w.org\/{rel}","templated":true}]}}