{"id":222,"date":"2021-11-22T16:25:43","date_gmt":"2021-11-22T16:25:43","guid":{"rendered":"https:\/\/iscavets.designproject.be\/?page_id=222"},"modified":"2023-01-25T15:09:02","modified_gmt":"2023-01-25T15:09:02","slug":"castratie-van-de-kat","status":"publish","type":"page","link":"https:\/\/iscavets.be\/fr\/castratie-van-de-kat\/","title":{"rendered":"Castration du chat"},"content":{"rendered":"\r\n<p>La castration du chat m\u00e2le est une proc\u00e9dure relativement simple qui consiste \u00e0 retirer les testicules sous anesth\u00e9sie g\u00e9n\u00e9rale. Il s&#8217;agit d&#8217;une chirurgie ambulatoire, au cours de laquelle le chat est amen\u00e9 au cabinet \u00e0 je\u00fbn et peut rentrer chez lui le jour m\u00eame. Bien entendu, pour \u00eatre \u00e0 je\u00fbn, votre chat doit rester \u00e0 la maison la nuit pr\u00e9c\u00e9dant l&#8217;intervention. S&#8217;il est difficile d&#8217;emp\u00eacher l&#8217;acc\u00e8s \u00e0 la nourriture, vous pouvez l&#8217;amener la veille.<br>Il n&#8217;y a pas de suivi n\u00e9c\u00e9ssaire apr\u00e8s la chirurgie.<br>Pour le chat m\u00e2le, la castration pr\u00e9sente des avantages non n\u00e9gligeables : la tendance \u00e0 la divagation est r\u00e9duite (donc moins de risques de collisions), moins de bagarres entre cong\u00e9n\u00e8res, pas d&#8217;odeur typique de chat m\u00e2le, beaucoup moins de jets d&#8217;urine et moins de risques de contracter une maladie infectieuse, comme le sida du chat.<br>De plus, en agissant de la sorte, vous contribuerez \u00e0 freiner la prolif\u00e9ration exponentielle des chats, la population de chats errants et la surcharge des refuges.<br>Cette op\u00e9ration est exig\u00e9e par la loi avant que le chat ne change de propri\u00e9taire &#8211; avec l&#8217;identification (au moyen d&#8217;une puce \u00e9lectronique) et l&#8217;enregistrement de la puce dans une base de donn\u00e9es centrale.<br>Cette op\u00e9ration est effectu\u00e9e de pr\u00e9f\u00e9rence avant que le chat m\u00e2le ne devienne fertile, c&#8217;est-\u00e0-dire avant l&#8217;\u00e2ge de 7 mois.<br>Apr\u00e8s l&#8217;op\u00e9ration, il faut faire tr\u00e8s attention \u00e0 ce qu&#8217;il ne devienne pas trop gros, mais avec un r\u00e9gime alimentaire appropri\u00e9, suffisamment d&#8217;exercice et la discipline n\u00e9cessaire, cela ne devrait pas poser de probl\u00e8me. En m\u00eame temps, c&#8217;est la principale mesure de pr\u00e9vention des calculs v\u00e9sicaux et des cystites.<\/p>\r\n\r\n\r\n\r\n<div class=\"wp-block-cover\"><span aria-hidden=\"true\" class=\"wp-block-cover__background has-background-dim-0 has-background-dim\"><\/span><img loading=\"lazy\" decoding=\"async\" width=\"2048\" height=\"1356\" class=\"wp-block-cover__image-background wp-image-2232\" alt=\"\" src=\"https:\/\/iscavets.designproject.be\/wp-content\/uploads\/2023\/01\/43609985_241821483160857_7435396246954573824_n.jpg\" data-object-fit=\"cover\" srcset=\"https:\/\/iscavets.be\/wp-content\/uploads\/2023\/01\/43609985_241821483160857_7435396246954573824_n.jpg 2048w, https:\/\/iscavets.be\/wp-content\/uploads\/2023\/01\/43609985_241821483160857_7435396246954573824_n-300x199.jpg 300w, https:\/\/iscavets.be\/wp-content\/uploads\/2023\/01\/43609985_241821483160857_7435396246954573824_n-1024x678.jpg 1024w, https:\/\/iscavets.be\/wp-content\/uploads\/2023\/01\/43609985_241821483160857_7435396246954573824_n-768x509.jpg 768w, https:\/\/iscavets.be\/wp-content\/uploads\/2023\/01\/43609985_241821483160857_7435396246954573824_n-1536x1017.jpg 1536w, https:\/\/iscavets.be\/wp-content\/uploads\/2023\/01\/43609985_241821483160857_7435396246954573824_n-175x116.jpg 175w\" sizes=\"auto, (max-width: 2048px) 100vw, 2048px\" \/><div class=\"wp-block-cover__inner-container is-layout-flow wp-block-cover-is-layout-flow\">\r\n<p class=\"has-text-align-center has-large-font-size\"><\/p>\r\n<\/div><\/div>\r\n","protected":false},"excerpt":{"rendered":"<p>La castration du chat m\u00e2le est une proc\u00e9dure relativement simple qui consiste \u00e0 retirer les testicules sous anesth\u00e9sie g\u00e9n\u00e9rale. Il s&#8217;agit d&#8217;une chirurgie ambulatoire, au cours de laquelle le chat est amen\u00e9 au cabinet \u00e0 je\u00fbn et peut rentrer chez lui le jour m\u00eame. Bien entendu, pour \u00eatre \u00e0 je\u00fbn, votre chat doit rester \u00e0&hellip;&nbsp;<a href=\"https:\/\/iscavets.be\/fr\/castratie-van-de-kat\/\" rel=\"bookmark\">Read More &raquo;<span class=\"screen-reader-text\">Castration du chat<\/span><\/a><\/p>\n","protected":false},"author":1,"featured_media":0,"parent":0,"menu_order":0,"comment_status":"closed","ping_status":"closed","template":"","meta":{"neve_meta_sidebar":"","neve_meta_container":"","neve_meta_enable_content_width":"","neve_meta_content_width":0,"neve_meta_title_alignment":"","neve_meta_author_avatar":"","neve_post_elements_order":"","neve_meta_disable_header":"","neve_meta_disable_footer":"","neve_meta_disable_title":"","footnotes":""},"class_list":["post-222","page","type-page","status-publish","hentry"],"jetpack_sharing_enabled":true,"_links":{"self":[{"href":"https:\/\/iscavets.be\/fr\/wp-json\/wp\/v2\/pages\/222","targetHints":{"allow":["GET"]}}],"collection":[{"href":"https:\/\/iscavets.be\/fr\/wp-json\/wp\/v2\/pages"}],"about":[{"href":"https:\/\/iscavets.be\/fr\/wp-json\/wp\/v2\/types\/page"}],"author":[{"embeddable":true,"href":"https:\/\/iscavets.be\/fr\/wp-json\/wp\/v2\/users\/1"}],"replies":[{"embeddable":true,"href":"https:\/\/iscavets.be\/fr\/wp-json\/wp\/v2\/comments?post=222"}],"version-history":[{"count":3,"href":"https:\/\/iscavets.be\/fr\/wp-json\/wp\/v2\/pages\/222\/revisions"}],"predecessor-version":[{"id":2233,"href":"https:\/\/iscavets.be\/fr\/wp-json\/wp\/v2\/pages\/222\/revisions\/2233"}],"wp:attachment":[{"href":"https:\/\/iscavets.be\/fr\/wp-json\/wp\/v2\/media?parent=222"}],"curies":[{"name":"wp","href":"https:\/\/api.w.org\/{rel}","templated":true}]}}