{"id":218,"date":"2021-11-22T16:24:41","date_gmt":"2021-11-22T16:24:41","guid":{"rendered":"https:\/\/iscavets.designproject.be\/?page_id=218"},"modified":"2026-04-16T15:38:34","modified_gmt":"2026-04-16T13:38:34","slug":"chirurgie","status":"publish","type":"page","link":"https:\/\/iscavets.be\/fr\/chirurgie\/","title":{"rendered":"Chirurgie"},"content":{"rendered":"\r\n<p>Le cabinet v\u00e9t\u00e9rinaire Iscavets pratique de nombreuses interventions chirurgicales : castration et st\u00e9rilisation, soins dentaires, suture de plaies, ablation de masses, occlusions intestinales, ablation de la rate, divers types de hernies, amputations, chirurgie des paupi\u00e8res,&#8230;<br>Nous disposons de deux salles de chirurgie \u00e0 cet effet. L&#8217;une pour les soins dentaires et l&#8217;autre pour les proc\u00e9dures st\u00e9riles. Toutes deux sont \u00e9quip\u00e9es d&#8217;un appareil d&#8217;anesth\u00e9sie gazeuse (dont un avec possibilit\u00e9 de respiration assist\u00e9e) et de l&#8217;\u00e9quipement n\u00e9cessaire \u00e0 la surveillance de l&#8217;anesth\u00e9sie, y compris la surveillance de la pression art\u00e9rielle, de la fonction cardiaque et de la temp\u00e9rature corporelle &#8211; tout cela afin de minimiser le risque anesth\u00e9sique.<br>Nous suivons les normes les plus r\u00e9centes en mati\u00e8re d&#8217;anesth\u00e9sie et de contr\u00f4le de la douleur. Nous utilisons donc toujours un cocktail de m\u00e9dicaments antidouleur adapt\u00e9 afin de garantir un r\u00e9tablissement en douceur apr\u00e8s l&#8217;op\u00e9ration. Les sutures sont presque toujours des sutures intradermiques, ce qui facilite \u00e9galement le r\u00e9tablissement et rend g\u00e9n\u00e9ralement inutile le port d&#8217;une collerette.<br>La plupart des interventions se d\u00e9roulent sous la forme d&#8217;une hospitalisation de jour. Vous amenez votre animal \u00e0 la clinique le matin ou en d\u00e9but d&#8217;apr\u00e8s-midi \u00e0 l&#8217;heure convenue (\u00e0 je\u00fbn depuis au moins 6 heures). Il peut rentrer chez lui le soir m\u00eame.<br>Conseil pour les propri\u00e9taires : veillez \u00e0 ce que votre animal ait pu faire ses besoins au pr\u00e9alable et que son pelage soit propre. <br>Remarque : les lapins ne doivent jamais \u00eatre \u00e0 je\u00fbn !<br>Certaines interventions sont pratiqu\u00e9es au cabinet par un chirurgien sp\u00e9cialis\u00e9 (notamment les interventions orthop\u00e9diques).<br>Pour certaines interventions, nous vous orientons volontiers vers un confr\u00e8re sp\u00e9cialis\u00e9.<\/p>\r\n\r\n\r\n\r\n<div class=\"wp-block-media-text alignwide is-stacked-on-mobile\">\r\n<figure class=\"wp-block-media-text__media\"><img loading=\"lazy\" decoding=\"async\" width=\"1024\" height=\"678\" class=\"wp-image-1021 size-full\" src=\"http:\/\/iscavets.designproject.be\/wp-content\/uploads\/2022\/10\/DSC_0150-1024x678.jpg\" alt=\"\" srcset=\"https:\/\/iscavets.be\/wp-content\/uploads\/2022\/10\/DSC_0150-1024x678.jpg 1024w, https:\/\/iscavets.be\/wp-content\/uploads\/2022\/10\/DSC_0150-300x199.jpg 300w, https:\/\/iscavets.be\/wp-content\/uploads\/2022\/10\/DSC_0150-768x509.jpg 768w, https:\/\/iscavets.be\/wp-content\/uploads\/2022\/10\/DSC_0150-1536x1017.jpg 1536w, https:\/\/iscavets.be\/wp-content\/uploads\/2022\/10\/DSC_0150-2048x1356.jpg 2048w, https:\/\/iscavets.be\/wp-content\/uploads\/2022\/10\/DSC_0150-175x116.jpg 175w\" sizes=\"auto, (max-width: 1024px) 100vw, 1024px\" \/><\/figure>\r\n<div class=\"wp-block-media-text__content\">\r\n\r\n\r\n<p style=\"font-size: 30px;\"><a href=\"http:\/\/iscavets.be\/fr\/castratie-van-de-hond\/\">Castration du chien<\/a><\/p>\r\n\r\n\r\n<\/div>\r\n<\/div>\r\n\r\n\r\n\r\n<div class=\"wp-block-media-text alignwide has-media-on-the-right is-stacked-on-mobile\">\r\n<div class=\"wp-block-media-text__content\">\r\n\r\n\r\n<p style=\"font-size: 30px;\"><a href=\"http:\/\/iscavets.be\/fr\/castratie-van-de-kat\/\">Castration du chat<\/a><\/p>\r\n\r\n\r\n<\/div>\r\n<figure class=\"wp-block-media-text__media\"><img loading=\"lazy\" decoding=\"async\" width=\"1024\" height=\"768\" class=\"wp-image-1022 size-full\" src=\"http:\/\/iscavets.designproject.be\/wp-content\/uploads\/2022\/10\/004-5-1024x768.jpg\" alt=\"\" srcset=\"https:\/\/iscavets.be\/wp-content\/uploads\/2022\/10\/004-5-1024x768.jpg 1024w, https:\/\/iscavets.be\/wp-content\/uploads\/2022\/10\/004-5-300x225.jpg 300w, https:\/\/iscavets.be\/wp-content\/uploads\/2022\/10\/004-5-768x576.jpg 768w, https:\/\/iscavets.be\/wp-content\/uploads\/2022\/10\/004-5-1536x1152.jpg 1536w, https:\/\/iscavets.be\/wp-content\/uploads\/2022\/10\/004-5-2048x1536.jpg 2048w, https:\/\/iscavets.be\/wp-content\/uploads\/2022\/10\/004-5-155x116.jpg 155w\" sizes=\"auto, (max-width: 1024px) 100vw, 1024px\" \/><\/figure>\r\n<\/div>\r\n\r\n\r\n\r\n<div class=\"wp-block-media-text alignwide is-stacked-on-mobile\">\r\n<figure class=\"wp-block-media-text__media\"><img loading=\"lazy\" decoding=\"async\" width=\"1024\" height=\"678\" class=\"wp-image-1023 size-full\" src=\"http:\/\/iscavets.designproject.be\/wp-content\/uploads\/2022\/10\/DSC_0206-1024x678.jpg\" alt=\"\" srcset=\"https:\/\/iscavets.be\/wp-content\/uploads\/2022\/10\/DSC_0206-1024x678.jpg 1024w, https:\/\/iscavets.be\/wp-content\/uploads\/2022\/10\/DSC_0206-300x199.jpg 300w, https:\/\/iscavets.be\/wp-content\/uploads\/2022\/10\/DSC_0206-768x509.jpg 768w, https:\/\/iscavets.be\/wp-content\/uploads\/2022\/10\/DSC_0206-1536x1017.jpg 1536w, https:\/\/iscavets.be\/wp-content\/uploads\/2022\/10\/DSC_0206-2048x1356.jpg 2048w, https:\/\/iscavets.be\/wp-content\/uploads\/2022\/10\/DSC_0206-175x116.jpg 175w\" sizes=\"auto, (max-width: 1024px) 100vw, 1024px\" \/><\/figure>\r\n<div class=\"wp-block-media-text__content\">\r\n\r\n\r\n<p style=\"font-size: 30px;\"><a href=\"http:\/\/iscavets.be\/fr\/sterilisatie-van-de-hond\/\">St\u00e9rilisation de la chienne<\/a><\/p>\r\n\r\n\r\n<\/div>\r\n<\/div>\r\n\r\n\r\n\r\n<div class=\"wp-block-media-text alignwide has-media-on-the-right is-stacked-on-mobile\">\r\n<div class=\"wp-block-media-text__content\">\r\n\r\n\r\n<p style=\"font-size: 30px;\"><a href=\"http:\/\/iscavets.be\/fr\/sterilisatie-van-de-kat\/\">St\u00e9rilisation de la chatte<\/a><\/p>\r\n\r\n\r\n<\/div>\r\n<figure class=\"wp-block-media-text__media\"><img loading=\"lazy\" decoding=\"async\" width=\"1024\" height=\"678\" class=\"wp-image-2227 size-full\" src=\"https:\/\/iscavets.designproject.be\/wp-content\/uploads\/2023\/01\/2-2-1024x678.jpg\" alt=\"\" srcset=\"https:\/\/iscavets.be\/wp-content\/uploads\/2023\/01\/2-2-1024x678.jpg 1024w, https:\/\/iscavets.be\/wp-content\/uploads\/2023\/01\/2-2-300x199.jpg 300w, https:\/\/iscavets.be\/wp-content\/uploads\/2023\/01\/2-2-768x509.jpg 768w, https:\/\/iscavets.be\/wp-content\/uploads\/2023\/01\/2-2-1536x1017.jpg 1536w, https:\/\/iscavets.be\/wp-content\/uploads\/2023\/01\/2-2-2048x1356.jpg 2048w, https:\/\/iscavets.be\/wp-content\/uploads\/2023\/01\/2-2-175x116.jpg 175w\" sizes=\"auto, (max-width: 1024px) 100vw, 1024px\" \/><\/figure>\r\n<\/div>\r\n\r\n\r\n\r\n<div class=\"wp-block-media-text alignwide is-stacked-on-mobile\">\r\n<figure class=\"wp-block-media-text__media\"><img loading=\"lazy\" decoding=\"async\" width=\"1024\" height=\"678\" class=\"wp-image-1025 size-full\" src=\"http:\/\/iscavets.designproject.be\/wp-content\/uploads\/2022\/10\/6avvc1_Beverdam_ameline_reportage6_1415-2-1024x678.jpg\" alt=\"\" srcset=\"https:\/\/iscavets.be\/wp-content\/uploads\/2022\/10\/6avvc1_Beverdam_ameline_reportage6_1415-2-1024x678.jpg 1024w, https:\/\/iscavets.be\/wp-content\/uploads\/2022\/10\/6avvc1_Beverdam_ameline_reportage6_1415-2-300x199.jpg 300w, https:\/\/iscavets.be\/wp-content\/uploads\/2022\/10\/6avvc1_Beverdam_ameline_reportage6_1415-2-768x509.jpg 768w, https:\/\/iscavets.be\/wp-content\/uploads\/2022\/10\/6avvc1_Beverdam_ameline_reportage6_1415-2-1536x1017.jpg 1536w, https:\/\/iscavets.be\/wp-content\/uploads\/2022\/10\/6avvc1_Beverdam_ameline_reportage6_1415-2-2048x1356.jpg 2048w, https:\/\/iscavets.be\/wp-content\/uploads\/2022\/10\/6avvc1_Beverdam_ameline_reportage6_1415-2-175x116.jpg 175w\" sizes=\"auto, (max-width: 1024px) 100vw, 1024px\" \/><\/figure>\r\n<div class=\"wp-block-media-text__content\">\r\n\r\n\r\n<p style=\"font-size: 30px;\"><a href=\"http:\/\/iscavets.be\/fr\/tandverzorging-bij-de-dierenarts\/\">Soins dentaires chez le v\u00e9t\u00e9rinaire<\/a><\/p>\r\n\r\n\r\n<\/div>\r\n<\/div>\r\n\r\n\r\n\r\n<div class=\"wp-block-media-text alignwide has-media-on-the-right is-stacked-on-mobile\">\r\n<div class=\"wp-block-media-text__content\">\r\n\r\n\r\n<p style=\"font-size: 30px;\"><a href=\"http:\/\/iscavets.be\/fr\/b-o-s\/\">S.O.R.B.<\/a><\/p>\r\n\r\n\r\n<\/div>\r\n<figure class=\"wp-block-media-text__media\"><img loading=\"lazy\" decoding=\"async\" width=\"1024\" height=\"707\" class=\"wp-image-1686 size-full\" src=\"https:\/\/iscavets.designproject.be\/wp-content\/uploads\/2023\/01\/pexels-pixabay-160846-1024x707.jpg\" alt=\"\" srcset=\"https:\/\/iscavets.be\/wp-content\/uploads\/2023\/01\/pexels-pixabay-160846-1024x707.jpg 1024w, https:\/\/iscavets.be\/wp-content\/uploads\/2023\/01\/pexels-pixabay-160846-300x207.jpg 300w, https:\/\/iscavets.be\/wp-content\/uploads\/2023\/01\/pexels-pixabay-160846-768x530.jpg 768w, https:\/\/iscavets.be\/wp-content\/uploads\/2023\/01\/pexels-pixabay-160846-1536x1060.jpg 1536w, https:\/\/iscavets.be\/wp-content\/uploads\/2023\/01\/pexels-pixabay-160846-2048x1414.jpg 2048w, https:\/\/iscavets.be\/wp-content\/uploads\/2023\/01\/pexels-pixabay-160846-168x116.jpg 168w\" sizes=\"auto, (max-width: 1024px) 100vw, 1024px\" \/><\/figure>\r\n<\/div>\r\n","protected":false},"excerpt":{"rendered":"<p>Le cabinet v\u00e9t\u00e9rinaire Iscavets pratique de nombreuses interventions chirurgicales : castration et st\u00e9rilisation, soins dentaires, suture de plaies, ablation de masses, occlusions intestinales, ablation de la rate, divers types de hernies, amputations, chirurgie des paupi\u00e8res,&#8230;Nous disposons de deux salles de chirurgie \u00e0 cet effet. L&#8217;une pour les soins dentaires et l&#8217;autre pour les proc\u00e9dures st\u00e9riles.&hellip;&nbsp;<a href=\"https:\/\/iscavets.be\/fr\/chirurgie\/\" rel=\"bookmark\">Read More &raquo;<span class=\"screen-reader-text\">Chirurgie<\/span><\/a><\/p>\n","protected":false},"author":1,"featured_media":0,"parent":0,"menu_order":0,"comment_status":"closed","ping_status":"closed","template":"","meta":{"neve_meta_sidebar":"","neve_meta_container":"","neve_meta_enable_content_width":"","neve_meta_content_width":0,"neve_meta_title_alignment":"","neve_meta_author_avatar":"","neve_post_elements_order":"","neve_meta_disable_header":"","neve_meta_disable_footer":"","neve_meta_disable_title":"","footnotes":""},"class_list":["post-218","page","type-page","status-publish","hentry"],"jetpack_sharing_enabled":true,"_links":{"self":[{"href":"https:\/\/iscavets.be\/fr\/wp-json\/wp\/v2\/pages\/218","targetHints":{"allow":["GET"]}}],"collection":[{"href":"https:\/\/iscavets.be\/fr\/wp-json\/wp\/v2\/pages"}],"about":[{"href":"https:\/\/iscavets.be\/fr\/wp-json\/wp\/v2\/types\/page"}],"author":[{"embeddable":true,"href":"https:\/\/iscavets.be\/fr\/wp-json\/wp\/v2\/users\/1"}],"replies":[{"embeddable":true,"href":"https:\/\/iscavets.be\/fr\/wp-json\/wp\/v2\/comments?post=218"}],"version-history":[{"count":13,"href":"https:\/\/iscavets.be\/fr\/wp-json\/wp\/v2\/pages\/218\/revisions"}],"predecessor-version":[{"id":2671,"href":"https:\/\/iscavets.be\/fr\/wp-json\/wp\/v2\/pages\/218\/revisions\/2671"}],"wp:attachment":[{"href":"https:\/\/iscavets.be\/fr\/wp-json\/wp\/v2\/media?parent=218"}],"curies":[{"name":"wp","href":"https:\/\/api.w.org\/{rel}","templated":true}]}}