{"id":216,"date":"2021-11-22T16:24:11","date_gmt":"2021-11-22T16:24:11","guid":{"rendered":"https:\/\/iscavets.designproject.be\/?page_id=216"},"modified":"2023-01-25T13:32:12","modified_gmt":"2023-01-25T13:32:12","slug":"bloeddrukmeting","status":"publish","type":"page","link":"https:\/\/iscavets.be\/fr\/bloeddrukmeting\/","title":{"rendered":"Mesure de la tension"},"content":{"rendered":"\r\n<div class=\"wp-block-media-text alignwide is-stacked-on-mobile\"><figure class=\"wp-block-media-text__media\"><img loading=\"lazy\" decoding=\"async\" width=\"678\" height=\"1024\" src=\"https:\/\/iscavets.designproject.be\/wp-content\/uploads\/2023\/01\/BD-1-678x1024.jpg\" alt=\"\" class=\"wp-image-2141 size-full\" srcset=\"https:\/\/iscavets.be\/wp-content\/uploads\/2023\/01\/BD-1-678x1024.jpg 678w, https:\/\/iscavets.be\/wp-content\/uploads\/2023\/01\/BD-1-199x300.jpg 199w, https:\/\/iscavets.be\/wp-content\/uploads\/2023\/01\/BD-1-768x1160.jpg 768w, https:\/\/iscavets.be\/wp-content\/uploads\/2023\/01\/BD-1-1017x1536.jpg 1017w, https:\/\/iscavets.be\/wp-content\/uploads\/2023\/01\/BD-1-1356x2048.jpg 1356w, https:\/\/iscavets.be\/wp-content\/uploads\/2023\/01\/BD-1-77x116.jpg 77w, https:\/\/iscavets.be\/wp-content\/uploads\/2023\/01\/BD-1-scaled.jpg 1696w\" sizes=\"auto, (max-width: 678px) 100vw, 678px\" \/><\/figure><div class=\"wp-block-media-text__content\">\r\n<p>Une tension art\u00e9rielle trop \u00e9lev\u00e9e ou trop basse peut entra\u00eener des probl\u00e8mes chez les animaux de compagnie. Lorsque la tension art\u00e9rielle est trop basse, le flux sanguin vers les reins et autres organes, est compromis. Une tension art\u00e9rielle trop \u00e9lev\u00e9e peut provoquer des l\u00e9sions aux reins, et entra\u00eener une c\u00e9cit\u00e9 aigu\u00eb, en particulier chez les chats.<br>Nous utilisons un appareil Doppler, qui est l&#8217;appareil id\u00e9al (&#8220;Gold Standard&#8221;) pour mesurer la pression art\u00e9rielle. Ce n&#8217;est que pendant les chirurgies que nous utilisons un appareil oscillom\u00e9trique qui d\u00e9termine automatiquement la tension art\u00e9rielle \u00e0 intervalles r\u00e9guliers.<\/p>\r\n<\/div><\/div>\r\n","protected":false},"excerpt":{"rendered":"<p>Une tension art\u00e9rielle trop \u00e9lev\u00e9e ou trop basse peut entra\u00eener des probl\u00e8mes chez les animaux de compagnie. Lorsque la tension art\u00e9rielle est trop basse, le flux sanguin vers les reins et autres organes, est compromis. Une tension art\u00e9rielle trop \u00e9lev\u00e9e peut provoquer des l\u00e9sions aux reins, et entra\u00eener une c\u00e9cit\u00e9 aigu\u00eb, en particulier chez les&hellip;&nbsp;<a href=\"https:\/\/iscavets.be\/fr\/bloeddrukmeting\/\" rel=\"bookmark\">Read More &raquo;<span class=\"screen-reader-text\">Mesure de la tension<\/span><\/a><\/p>\n","protected":false},"author":1,"featured_media":0,"parent":0,"menu_order":0,"comment_status":"closed","ping_status":"closed","template":"","meta":{"neve_meta_sidebar":"","neve_meta_container":"","neve_meta_enable_content_width":"","neve_meta_content_width":0,"neve_meta_title_alignment":"","neve_meta_author_avatar":"","neve_post_elements_order":"","neve_meta_disable_header":"","neve_meta_disable_footer":"","neve_meta_disable_title":"","footnotes":""},"class_list":["post-216","page","type-page","status-publish","hentry"],"jetpack_sharing_enabled":true,"_links":{"self":[{"href":"https:\/\/iscavets.be\/fr\/wp-json\/wp\/v2\/pages\/216","targetHints":{"allow":["GET"]}}],"collection":[{"href":"https:\/\/iscavets.be\/fr\/wp-json\/wp\/v2\/pages"}],"about":[{"href":"https:\/\/iscavets.be\/fr\/wp-json\/wp\/v2\/types\/page"}],"author":[{"embeddable":true,"href":"https:\/\/iscavets.be\/fr\/wp-json\/wp\/v2\/users\/1"}],"replies":[{"embeddable":true,"href":"https:\/\/iscavets.be\/fr\/wp-json\/wp\/v2\/comments?post=216"}],"version-history":[{"count":6,"href":"https:\/\/iscavets.be\/fr\/wp-json\/wp\/v2\/pages\/216\/revisions"}],"predecessor-version":[{"id":2145,"href":"https:\/\/iscavets.be\/fr\/wp-json\/wp\/v2\/pages\/216\/revisions\/2145"}],"wp:attachment":[{"href":"https:\/\/iscavets.be\/fr\/wp-json\/wp\/v2\/media?parent=216"}],"curies":[{"name":"wp","href":"https:\/\/api.w.org\/{rel}","templated":true}]}}