{"id":212,"date":"2021-11-22T16:20:48","date_gmt":"2021-11-22T16:20:48","guid":{"rendered":"https:\/\/iscavets.designproject.be\/?page_id=212"},"modified":"2023-06-20T13:21:28","modified_gmt":"2023-06-20T13:21:28","slug":"medische-beeldvorming","status":"publish","type":"page","link":"https:\/\/iscavets.be\/fr\/medische-beeldvorming\/","title":{"rendered":"Imagerie m\u00e9dicale"},"content":{"rendered":"\r\n<h2 class=\"wp-block-heading\">\u00c9chographie<\/h2>\r\n\r\n\r\n\r\n<p>Le cabinet v\u00e9t\u00e9rinaire Iscavets dispose d&#8217;un appareil d&#8217;\u00e9chographie moderne avec Doppler couleur. Cela nous permet d&#8217;examiner l&#8217;int\u00e9rieur de votre animal. Selon le temp\u00e9rament de votre animal, il est parfois n\u00e9cessaire de lui administrer un s\u00e9datif.<br>Important : pour cet examen, votre animal ne doit pas avoir mang\u00e9 durant les 12 heures (parfois 24h) pr\u00e9c\u00e9dant l&#8217;examen. L&#8217;eau ne pose pas de probl\u00e8me. De m\u00eame, ne laissez pas votre animal uriner juste avant l&#8217;examen.<br>Pour les zones o\u00f9 il y a beaucoup d&#8217;air, l&#8217;\u00e9chographie est moins adapt\u00e9e. Pour obtenir une image des poumons, une radiographie est pr\u00e9f\u00e9rable. Pour l&#8217;abdomen, l&#8217;\u00e9chographie est plus appropri\u00e9e. Elle vous donne une id\u00e9e des tissus eux-m\u00eames, alors qu&#8217;avec une radiographie, vous ne voyez que les contours des organes. En outre, vous avez toujours une bonne vue s&#8217;il y a du liquide libre dans l&#8217;abdomen, alors qu&#8217;avec une radiographie, vous ne pouvez rien voir.<\/p>\r\n\r\n\r\n\r\n<div class=\"wp-block-cover is-light\" style=\"min-height:352px;aspect-ratio:unset;\"><span aria-hidden=\"true\" class=\"wp-block-cover__background has-background-dim-0 has-background-dim\"><\/span><img loading=\"lazy\" decoding=\"async\" width=\"2560\" height=\"1696\" class=\"wp-block-cover__image-background wp-image-2150\" alt=\"\" src=\"https:\/\/iscavets.be\/wp-content\/uploads\/2023\/01\/echo2-scaled.jpg\" style=\"object-position:49% 66%\" data-object-fit=\"cover\" data-object-position=\"49% 66%\" srcset=\"https:\/\/iscavets.be\/wp-content\/uploads\/2023\/01\/echo2-scaled.jpg 2560w, https:\/\/iscavets.be\/wp-content\/uploads\/2023\/01\/echo2-300x199.jpg 300w, https:\/\/iscavets.be\/wp-content\/uploads\/2023\/01\/echo2-1024x678.jpg 1024w, https:\/\/iscavets.be\/wp-content\/uploads\/2023\/01\/echo2-768x509.jpg 768w, https:\/\/iscavets.be\/wp-content\/uploads\/2023\/01\/echo2-1536x1017.jpg 1536w, https:\/\/iscavets.be\/wp-content\/uploads\/2023\/01\/echo2-2048x1356.jpg 2048w, https:\/\/iscavets.be\/wp-content\/uploads\/2023\/01\/echo2-175x116.jpg 175w\" sizes=\"auto, (max-width: 2560px) 100vw, 2560px\" \/><div class=\"wp-block-cover__inner-container is-layout-flow wp-block-cover-is-layout-flow\">\r\n<p class=\"has-text-align-center has-large-font-size\"><\/p>\r\n<\/div><\/div>\r\n\r\n\r\n\r\n<p><\/p>\r\n\r\n\r\n\r\n<h2 class=\"wp-block-heading\"><strong>\u00c9chographie du c\u0153ur<\/strong><\/h2>\r\n\r\n\r\n\r\n<p>L&#8217;\u00e9chographie du c\u0153ur occupe une place particuli\u00e8re dans l&#8217;imagerie m\u00e9dicale. Cette sous-section sp\u00e9ciale est r\u00e9alis\u00e9e par notre coll\u00e8gue Fr\u00e9d\u00e9ric Bouvez, qui nous rend visite tous les mois.<\/p>\r\n\r\n\r\n\r\n<div class=\"wp-block-cover is-light\" style=\"min-height:288px;aspect-ratio:unset;\"><span aria-hidden=\"true\" class=\"wp-block-cover__background has-background-dim-0 has-background-dim\"><\/span><img loading=\"lazy\" decoding=\"async\" width=\"2560\" height=\"1696\" class=\"wp-block-cover__image-background wp-image-2155\" alt=\"\" src=\"https:\/\/iscavets.designproject.be\/wp-content\/uploads\/2023\/01\/cardio4-1-scaled.jpg\" style=\"object-position:51% 76%\" data-object-fit=\"cover\" data-object-position=\"51% 76%\" srcset=\"https:\/\/iscavets.be\/wp-content\/uploads\/2023\/01\/cardio4-1-scaled.jpg 2560w, https:\/\/iscavets.be\/wp-content\/uploads\/2023\/01\/cardio4-1-300x199.jpg 300w, https:\/\/iscavets.be\/wp-content\/uploads\/2023\/01\/cardio4-1-1024x678.jpg 1024w, https:\/\/iscavets.be\/wp-content\/uploads\/2023\/01\/cardio4-1-768x509.jpg 768w, https:\/\/iscavets.be\/wp-content\/uploads\/2023\/01\/cardio4-1-1536x1017.jpg 1536w, https:\/\/iscavets.be\/wp-content\/uploads\/2023\/01\/cardio4-1-2048x1356.jpg 2048w, https:\/\/iscavets.be\/wp-content\/uploads\/2023\/01\/cardio4-1-175x116.jpg 175w\" sizes=\"auto, (max-width: 2560px) 100vw, 2560px\" \/><div class=\"wp-block-cover__inner-container is-layout-flow wp-block-cover-is-layout-flow\">\r\n<p class=\"has-text-align-center has-large-font-size\"><\/p>\r\n<\/div><\/div>\r\n\r\n\r\n\r\n<p><\/p>\r\n\r\n\r\n\r\n<h2 class=\"wp-block-heading\">Radiographie digitale<\/h2>\r\n\r\n\r\n\r\n<p>La radiographie est un examen secondaire qui convient parfaitement pour visualiser les os et les poumons. Dans certains cas, c&#8217;est aussi l&#8217;examen privil\u00e9gi\u00e9 pour l&#8217;abdomen, s&#8217;il y a beaucoup d&#8217;accumulation de gaz par exemple. Le cabinet v\u00e9t\u00e9rinaire Iscavets dispose d&#8217;un appareil de radiographie num\u00e9rique moderne dont les images sont imm\u00e9diatement reli\u00e9es au dossier de votre animal.<br>La plupart des radiographies sont r\u00e9alis\u00e9es sur un animal \u00e9veill\u00e9. N\u00e9anmoins, il arrive qu&#8217;un s\u00e9datif ou m\u00eame une anesth\u00e9sie compl\u00e8te soit n\u00e9cessaire. Dans ce cas, nous vous demanderons de garder votre animal sobre.<\/p>\r\n\r\n\r\n\r\n<div class=\"wp-block-cover is-light\" style=\"min-height:245px;aspect-ratio:unset;\"><span aria-hidden=\"true\" class=\"wp-block-cover__background has-background-dim-0 has-background-dim\"><\/span><img loading=\"lazy\" decoding=\"async\" width=\"2560\" height=\"1696\" class=\"wp-block-cover__image-background wp-image-2159\" alt=\"\" src=\"https:\/\/iscavets.designproject.be\/wp-content\/uploads\/2023\/01\/rx2-2-scaled.jpg\" style=\"object-position:50% 59%\" data-object-fit=\"cover\" data-object-position=\"50% 59%\" srcset=\"https:\/\/iscavets.be\/wp-content\/uploads\/2023\/01\/rx2-2-scaled.jpg 2560w, https:\/\/iscavets.be\/wp-content\/uploads\/2023\/01\/rx2-2-300x199.jpg 300w, https:\/\/iscavets.be\/wp-content\/uploads\/2023\/01\/rx2-2-1024x678.jpg 1024w, https:\/\/iscavets.be\/wp-content\/uploads\/2023\/01\/rx2-2-768x509.jpg 768w, https:\/\/iscavets.be\/wp-content\/uploads\/2023\/01\/rx2-2-1536x1017.jpg 1536w, https:\/\/iscavets.be\/wp-content\/uploads\/2023\/01\/rx2-2-2048x1356.jpg 2048w, https:\/\/iscavets.be\/wp-content\/uploads\/2023\/01\/rx2-2-175x116.jpg 175w\" sizes=\"auto, (max-width: 2560px) 100vw, 2560px\" \/><div class=\"wp-block-cover__inner-container is-layout-flow wp-block-cover-is-layout-flow\">\r\n<p class=\"has-text-align-center has-large-font-size\"><\/p>\r\n<\/div><\/div>\r\n\r\n\r\n\r\n<p><\/p>\r\n\r\n\r\n\r\n<h2 class=\"wp-block-heading\">Radiographie dentaire digitale<\/h2>\r\n\r\n\r\n\r\n<p>Pour travailler dans les normes, les soins dentaires sont impossibles sans un \u00e9quipement de radiographie appropri\u00e9. Ces images permettent de visualiser la structure des dents, du ligament parodontal, de l&#8217;os de la m\u00e2choire et des l\u00e9sions sur les racines. On peut ainsi voir quelles dents peuvent \u00eatre sauv\u00e9es et lesquelles ne peuvent pas l&#8217;\u00eatre. C&#8217;est la seule fa\u00e7on d&#8217;obtenir des dents qui ne soient pas douloureuses. Car il faut bien l&#8217;avouer, les douleurs dentaires ne sont pas une partie de plaisir.<\/p>\r\n\r\n\r\n\r\n<div class=\"wp-block-cover is-light\" style=\"min-height:298px;aspect-ratio:unset;\"><span aria-hidden=\"true\" class=\"wp-block-cover__background has-background-dim-0 has-background-dim\"><\/span><img loading=\"lazy\" decoding=\"async\" width=\"2560\" height=\"1696\" class=\"wp-block-cover__image-background wp-image-2156\" alt=\"\" src=\"https:\/\/iscavets.designproject.be\/wp-content\/uploads\/2023\/01\/DSC_0363-scaled.jpg\" data-object-fit=\"cover\" srcset=\"https:\/\/iscavets.be\/wp-content\/uploads\/2023\/01\/DSC_0363-scaled.jpg 2560w, https:\/\/iscavets.be\/wp-content\/uploads\/2023\/01\/DSC_0363-300x199.jpg 300w, https:\/\/iscavets.be\/wp-content\/uploads\/2023\/01\/DSC_0363-1024x678.jpg 1024w, https:\/\/iscavets.be\/wp-content\/uploads\/2023\/01\/DSC_0363-768x509.jpg 768w, https:\/\/iscavets.be\/wp-content\/uploads\/2023\/01\/DSC_0363-1536x1017.jpg 1536w, https:\/\/iscavets.be\/wp-content\/uploads\/2023\/01\/DSC_0363-2048x1356.jpg 2048w, https:\/\/iscavets.be\/wp-content\/uploads\/2023\/01\/DSC_0363-175x116.jpg 175w\" sizes=\"auto, (max-width: 2560px) 100vw, 2560px\" \/><div class=\"wp-block-cover__inner-container is-layout-flow wp-block-cover-is-layout-flow\">\r\n<p class=\"has-text-align-center has-large-font-size\"><\/p>\r\n<\/div><\/div>\r\n\r\n\r\n\r\n<p><\/p>\r\n\r\n\r\n\r\n<h2 class=\"wp-block-heading\">Autre imagerie m\u00e9dicale<\/h2>\r\n\r\n\r\n\r\n<p>En m\u00e9decine v\u00e9t\u00e9rinaire aussi, les d\u00e9veloppements se poursuivent et les techniques d&#8217;imagerie m\u00e9dicale telles que le scanner (IRM, CT scan) et l&#8217;endoscopie sont d\u00e9sormais \u00e0 port\u00e9e de main.<br>Si de tels examens s&#8217;av\u00e8rent utiles et n\u00e9cessaires, nous nous ferons un plaisir de vous orienter vers une structure plus sp\u00e9cialis\u00e9e \u00e0 cet effet.<\/p>\r\n","protected":false},"excerpt":{"rendered":"<p>\u00c9chographie Le cabinet v\u00e9t\u00e9rinaire Iscavets dispose d&#8217;un appareil d&#8217;\u00e9chographie moderne avec Doppler couleur. Cela nous permet d&#8217;examiner l&#8217;int\u00e9rieur de votre animal. Selon le temp\u00e9rament de votre animal, il est parfois n\u00e9cessaire de lui administrer un s\u00e9datif.Important : pour cet examen, votre animal ne doit pas avoir mang\u00e9 durant les 12 heures (parfois 24h) pr\u00e9c\u00e9dant l&#8217;examen.&hellip;&nbsp;<a href=\"https:\/\/iscavets.be\/fr\/medische-beeldvorming\/\" rel=\"bookmark\">Read More &raquo;<span class=\"screen-reader-text\">Imagerie m\u00e9dicale<\/span><\/a><\/p>\n","protected":false},"author":1,"featured_media":0,"parent":0,"menu_order":0,"comment_status":"closed","ping_status":"closed","template":"","meta":{"neve_meta_sidebar":"","neve_meta_container":"","neve_meta_enable_content_width":"","neve_meta_content_width":0,"neve_meta_title_alignment":"","neve_meta_author_avatar":"","neve_post_elements_order":"","neve_meta_disable_header":"","neve_meta_disable_footer":"","neve_meta_disable_title":"","footnotes":""},"class_list":["post-212","page","type-page","status-publish","hentry"],"jetpack_sharing_enabled":true,"_links":{"self":[{"href":"https:\/\/iscavets.be\/fr\/wp-json\/wp\/v2\/pages\/212","targetHints":{"allow":["GET"]}}],"collection":[{"href":"https:\/\/iscavets.be\/fr\/wp-json\/wp\/v2\/pages"}],"about":[{"href":"https:\/\/iscavets.be\/fr\/wp-json\/wp\/v2\/types\/page"}],"author":[{"embeddable":true,"href":"https:\/\/iscavets.be\/fr\/wp-json\/wp\/v2\/users\/1"}],"replies":[{"embeddable":true,"href":"https:\/\/iscavets.be\/fr\/wp-json\/wp\/v2\/comments?post=212"}],"version-history":[{"count":17,"href":"https:\/\/iscavets.be\/fr\/wp-json\/wp\/v2\/pages\/212\/revisions"}],"predecessor-version":[{"id":2397,"href":"https:\/\/iscavets.be\/fr\/wp-json\/wp\/v2\/pages\/212\/revisions\/2397"}],"wp:attachment":[{"href":"https:\/\/iscavets.be\/fr\/wp-json\/wp\/v2\/media?parent=212"}],"curies":[{"name":"wp","href":"https:\/\/api.w.org\/{rel}","templated":true}]}}