{"id":207,"date":"2021-11-22T16:16:26","date_gmt":"2021-11-22T16:16:26","guid":{"rendered":"https:\/\/iscavets.designproject.be\/?page_id=207"},"modified":"2023-01-24T09:52:26","modified_gmt":"2023-01-24T09:52:26","slug":"speelgoed","status":"publish","type":"page","link":"https:\/\/iscavets.be\/fr\/jouets\/","title":{"rendered":"Jouets"},"content":{"rendered":"\r\n<p>Le jeu est essentiel dans la vie de nos chiens et de nos chats. Et il peut \u00eatre pratiqu\u00e9 de multiples fa\u00e7ons. Pour nos chiens, les activit\u00e9s de plein air ne manquent pas : \u00e9cole canine, agilit\u00e9, pistage, garde de moutons, promenade, jogging, etc. Pour renforcer le lien avec votre chien, ne n\u00e9gligez pas les jeux interactifs. <br>L&#8217;expression &#8220;jouets responsables&#8221; s&#8217;applique aussi \u00e0 nos animaux de compagnie. Les chiots (et parfois aussi les chiens adultes) ont souvent un grand besoin de d\u00e9molition et peuvent avaler des morceaux. Ces morceaux peuvent provoquer une irritation du syst\u00e8me digestif ou, dans le pire des cas, une occlusion intestinale. Les fractures de dents ne sont pas rares non plus.<br>Lors de l&#8217;achat de jouets, demandez-vous toujours si le jouet est suffisamment solide et si des morceaux peuvent \u00eatre arrach\u00e9s. Mieux vaut pr\u00e9venir que gu\u00e9rir !<br>Si vous voulez g\u00e2ter votre animal de mani\u00e8re originale ou si vous voulez le distraire, nous disposons d&#8217;une gamme vari\u00e9e et amusante de jouets responsables au cabinet.<\/p>\r\n\r\n\r\n\r\n<p>CONSEIL : saviez-vous que les balles de tennis sont tr\u00e8s abrasives pour les dents ? Elles ne conviennent donc g\u00e9n\u00e9ralement pas \u00e0 nos chiens&#8230;.<br>CONSEIL : saviez-vous que les bois et les os de cerfs sont la cause la plus fr\u00e9quente de fractures dentaires ?<\/p>\r\n\r\n\r\n\r\n<div class=\"wp-block-cover is-light\"><span aria-hidden=\"true\" class=\"wp-block-cover__background has-background-dim-0 has-background-dim\"><\/span><img loading=\"lazy\" decoding=\"async\" width=\"2560\" height=\"1696\" class=\"wp-block-cover__image-background wp-image-1581\" alt=\"\" src=\"http:\/\/iscavets.designproject.be\/wp-content\/uploads\/2022\/12\/DSC_0002-1-scaled.jpg\" data-object-fit=\"cover\" srcset=\"https:\/\/iscavets.be\/wp-content\/uploads\/2022\/12\/DSC_0002-1-scaled.jpg 2560w, https:\/\/iscavets.be\/wp-content\/uploads\/2022\/12\/DSC_0002-1-300x199.jpg 300w, https:\/\/iscavets.be\/wp-content\/uploads\/2022\/12\/DSC_0002-1-1024x678.jpg 1024w, https:\/\/iscavets.be\/wp-content\/uploads\/2022\/12\/DSC_0002-1-768x509.jpg 768w, https:\/\/iscavets.be\/wp-content\/uploads\/2022\/12\/DSC_0002-1-1536x1017.jpg 1536w, https:\/\/iscavets.be\/wp-content\/uploads\/2022\/12\/DSC_0002-1-2048x1356.jpg 2048w, https:\/\/iscavets.be\/wp-content\/uploads\/2022\/12\/DSC_0002-1-175x116.jpg 175w\" sizes=\"auto, (max-width: 2560px) 100vw, 2560px\" \/><div class=\"wp-block-cover__inner-container is-layout-flow wp-block-cover-is-layout-flow\">\r\n<p class=\"has-text-align-center has-large-font-size\"><\/p>\r\n<\/div><\/div>\r\n","protected":false},"excerpt":{"rendered":"<p>Le jeu est essentiel dans la vie de nos chiens et de nos chats. Et il peut \u00eatre pratiqu\u00e9 de multiples fa\u00e7ons. Pour nos chiens, les activit\u00e9s de plein air ne manquent pas : \u00e9cole canine, agilit\u00e9, pistage, garde de moutons, promenade, jogging, etc. Pour renforcer le lien avec votre chien, ne n\u00e9gligez pas les&hellip;&nbsp;<a href=\"https:\/\/iscavets.be\/fr\/jouets\/\" rel=\"bookmark\">Read More &raquo;<span class=\"screen-reader-text\">Jouets<\/span><\/a><\/p>\n","protected":false},"author":1,"featured_media":0,"parent":0,"menu_order":0,"comment_status":"closed","ping_status":"closed","template":"","meta":{"neve_meta_sidebar":"","neve_meta_container":"","neve_meta_enable_content_width":"","neve_meta_content_width":0,"neve_meta_title_alignment":"","neve_meta_author_avatar":"","neve_post_elements_order":"","neve_meta_disable_header":"","neve_meta_disable_footer":"","neve_meta_disable_title":"","footnotes":""},"class_list":["post-207","page","type-page","status-publish","hentry"],"jetpack_sharing_enabled":true,"_links":{"self":[{"href":"https:\/\/iscavets.be\/fr\/wp-json\/wp\/v2\/pages\/207","targetHints":{"allow":["GET"]}}],"collection":[{"href":"https:\/\/iscavets.be\/fr\/wp-json\/wp\/v2\/pages"}],"about":[{"href":"https:\/\/iscavets.be\/fr\/wp-json\/wp\/v2\/types\/page"}],"author":[{"embeddable":true,"href":"https:\/\/iscavets.be\/fr\/wp-json\/wp\/v2\/users\/1"}],"replies":[{"embeddable":true,"href":"https:\/\/iscavets.be\/fr\/wp-json\/wp\/v2\/comments?post=207"}],"version-history":[{"count":7,"href":"https:\/\/iscavets.be\/fr\/wp-json\/wp\/v2\/pages\/207\/revisions"}],"predecessor-version":[{"id":2011,"href":"https:\/\/iscavets.be\/fr\/wp-json\/wp\/v2\/pages\/207\/revisions\/2011"}],"wp:attachment":[{"href":"https:\/\/iscavets.be\/fr\/wp-json\/wp\/v2\/media?parent=207"}],"curies":[{"name":"wp","href":"https:\/\/api.w.org\/{rel}","templated":true}]}}