{"id":204,"date":"2021-11-22T16:15:49","date_gmt":"2021-11-22T16:15:49","guid":{"rendered":"https:\/\/iscavets.designproject.be\/?page_id=204"},"modified":"2026-04-16T15:13:58","modified_gmt":"2026-04-16T13:13:58","slug":"pillen-geven","status":"publish","type":"page","link":"https:\/\/iscavets.be\/fr\/pillen-geven\/","title":{"rendered":"Donner des m\u00e9dicaments"},"content":{"rendered":"\r\n<p>Au cabinet v\u00e9t\u00e9rinaire Iscavets, nous ne prescrivons pas de m\u00e9dicaments inutilement. Si nous le faisons, il est indispensable que le m\u00e9dicament soit pris \u00e0 la bonne fr\u00e9quence et pendant la dur\u00e9e prescrite.<\/p>\r\n\r\n\r\n\r\n<p>Et oui, il n&#8217;est pas toujours facile d&#8217;administrer des pilules. Il s&#8217;agit toujours de trouver le moyen qui convient \u00e0 votre animal. Surtout s&#8217;il s&#8217;agit d&#8217;un m\u00e9dicament \u00e0 administrer pendant une longue p\u00e9riode, il est important de pouvoir l&#8217;administrer sans stress. Dans notre brochure ci-dessous, vous trouverez de nombreux conseils pour l&#8217;administration de m\u00e9dicaments.<\/p>\r\n\r\n\r\n\r\n<p>Le principal conseil est le suivant : contactez-nous si cela ne fonctionne pas. Nous chercherons alors ensemble une alternative. De nombreux m\u00e9dicaments se pr\u00e9sentent sous diff\u00e9rentes formes d&#8217;administration (pilule, p\u00e2te, liquide, pipette, injection). Le go\u00fbt et donc l&#8217;app\u00e9tence d&#8217;un m\u00e9dicament peut \u00e9galement varier en fonction de la marque. Nous disposons d&#8217;un riche arsenal d&#8217;astuces pour amener le m\u00e9dicament au bon endroit. Et nous sommes heureux de vous montrer comment le faire.<\/p>\r\n\r\n\r\n\r\n<h3 class=\"wp-block-heading\"><a href=\"https:\/\/iscavets.be\/wp-content\/uploads\/2026\/04\/PillenGeven-FR-.pdf\" data-type=\"URL\" target=\"_blank\" rel=\"noreferrer noopener\">Consultez la brochure en PDF ici<\/a><\/h3>\r\n\r\n\r\n\r\n<div class=\"wp-block-cover is-light\"><span aria-hidden=\"true\" class=\"wp-block-cover__background has-background-dim-0 has-background-dim\"><\/span><img loading=\"lazy\" decoding=\"async\" width=\"1696\" height=\"2560\" class=\"wp-block-cover__image-background wp-image-2211\" alt=\"\" src=\"https:\/\/iscavets.designproject.be\/wp-content\/uploads\/2023\/01\/Mimosa1-2-scaled.jpg\" data-object-fit=\"cover\" srcset=\"https:\/\/iscavets.be\/wp-content\/uploads\/2023\/01\/Mimosa1-2-scaled.jpg 1696w, https:\/\/iscavets.be\/wp-content\/uploads\/2023\/01\/Mimosa1-2-199x300.jpg 199w, https:\/\/iscavets.be\/wp-content\/uploads\/2023\/01\/Mimosa1-2-678x1024.jpg 678w, https:\/\/iscavets.be\/wp-content\/uploads\/2023\/01\/Mimosa1-2-768x1160.jpg 768w, https:\/\/iscavets.be\/wp-content\/uploads\/2023\/01\/Mimosa1-2-1017x1536.jpg 1017w, https:\/\/iscavets.be\/wp-content\/uploads\/2023\/01\/Mimosa1-2-1356x2048.jpg 1356w, https:\/\/iscavets.be\/wp-content\/uploads\/2023\/01\/Mimosa1-2-77x116.jpg 77w\" sizes=\"auto, (max-width: 1696px) 100vw, 1696px\" \/><div class=\"wp-block-cover__inner-container is-layout-flow wp-block-cover-is-layout-flow\">\r\n<p class=\"has-text-align-center has-large-font-size\"><\/p>\r\n<\/div><\/div>\r\n","protected":false},"excerpt":{"rendered":"<p>Au cabinet v\u00e9t\u00e9rinaire Iscavets, nous ne prescrivons pas de m\u00e9dicaments inutilement. Si nous le faisons, il est indispensable que le m\u00e9dicament soit pris \u00e0 la bonne fr\u00e9quence et pendant la dur\u00e9e prescrite. Et oui, il n&#8217;est pas toujours facile d&#8217;administrer des pilules. Il s&#8217;agit toujours de trouver le moyen qui convient \u00e0 votre animal. Surtout&hellip;&nbsp;<a href=\"https:\/\/iscavets.be\/fr\/pillen-geven\/\" rel=\"bookmark\">Read More &raquo;<span class=\"screen-reader-text\">Donner des m\u00e9dicaments<\/span><\/a><\/p>\n","protected":false},"author":1,"featured_media":0,"parent":0,"menu_order":0,"comment_status":"closed","ping_status":"closed","template":"","meta":{"neve_meta_sidebar":"","neve_meta_container":"","neve_meta_enable_content_width":"","neve_meta_content_width":0,"neve_meta_title_alignment":"","neve_meta_author_avatar":"","neve_post_elements_order":"","neve_meta_disable_header":"","neve_meta_disable_footer":"","neve_meta_disable_title":"","footnotes":""},"class_list":["post-204","page","type-page","status-publish","hentry"],"jetpack_sharing_enabled":true,"_links":{"self":[{"href":"https:\/\/iscavets.be\/fr\/wp-json\/wp\/v2\/pages\/204","targetHints":{"allow":["GET"]}}],"collection":[{"href":"https:\/\/iscavets.be\/fr\/wp-json\/wp\/v2\/pages"}],"about":[{"href":"https:\/\/iscavets.be\/fr\/wp-json\/wp\/v2\/types\/page"}],"author":[{"embeddable":true,"href":"https:\/\/iscavets.be\/fr\/wp-json\/wp\/v2\/users\/1"}],"replies":[{"embeddable":true,"href":"https:\/\/iscavets.be\/fr\/wp-json\/wp\/v2\/comments?post=204"}],"version-history":[{"count":13,"href":"https:\/\/iscavets.be\/fr\/wp-json\/wp\/v2\/pages\/204\/revisions"}],"predecessor-version":[{"id":2665,"href":"https:\/\/iscavets.be\/fr\/wp-json\/wp\/v2\/pages\/204\/revisions\/2665"}],"wp:attachment":[{"href":"https:\/\/iscavets.be\/fr\/wp-json\/wp\/v2\/media?parent=204"}],"curies":[{"name":"wp","href":"https:\/\/api.w.org\/{rel}","templated":true}]}}