{"id":201,"date":"2021-11-22T16:14:57","date_gmt":"2021-11-22T16:14:57","guid":{"rendered":"https:\/\/iscavets.designproject.be\/?page_id=201"},"modified":"2023-04-08T07:10:57","modified_gmt":"2023-04-08T07:10:57","slug":"gedrag","status":"publish","type":"page","link":"https:\/\/iscavets.be\/fr\/comportement\/","title":{"rendered":"Comportement"},"content":{"rendered":"\r\n<p>Chez Iscavets, nous nous int\u00e9ressons tout particuli\u00e8rement au comportement. Nous mettons \u00e0 profit toutes nos connaissances pour que la visite chez le v\u00e9t\u00e9rinaire soit la plus conviviale possible pour l&#8217;animal.<br>N&#8217;h\u00e9sitez donc pas \u00e0 nous demander conseil si vous avez des doutes sur le comportement de votre animal. Bien que certains comportements soient normaux pour l&#8217;esp\u00e8ce, ils peuvent nuire \u00e0 votre cohabitation. Et certains comportements sont tout simplement inadmissibles, non seulement pour vous, mais surtout pour votre animal. Plus vous intervenez t\u00f4t, plus le probl\u00e8me a des chances d&#8217;\u00eatre facilement r\u00e9solu. <br>Vous pouvez \u00e9galement venir nous voir pour des probl\u00e8mes d&#8217;\u00e9ducation de votre chiot, des probl\u00e8mes urinaires et de marquage chez le chat, des destructions chez le chien et le chat, des bagarres chez les lapins, etc.<br>Nous avons quelques valeurs s\u00fbres qui vous aideront \u00e0 mettre en pratique nos conseils :<br>&#8211; <a rel=\"noreferrer noopener\" href=\"https:\/\/www.taalvandehond.be\/connect2walk\" target=\"_blank\">Connect2Walk<\/a><br>Nos assistantes Cat et Am\u00e9line ont suivi la formation Connect2Walk. Elles vous apprennent \u00e0 vous promener avec votre chien sans tirer sur la laisse. <br>&#8211; <a rel=\"noreferrer noopener\" href=\"http:\/\/www.taalvandehond.be\" target=\"_blank\">Walter Hens<\/a><br>Walter vous aide \u00e0 r\u00e9soudre les probl\u00e8mes de comportement et travaille toujours en \u00e9troite collaboration avec les v\u00e9t\u00e9rinaires.<\/p>\r\n\r\n\r\n\r\n<div class=\"wp-block-cover is-light\"><span aria-hidden=\"true\" class=\"wp-block-cover__background has-background-dim-0 has-background-dim\"><\/span><img loading=\"lazy\" decoding=\"async\" width=\"2560\" height=\"1696\" class=\"wp-block-cover__image-background wp-image-1778\" alt=\"\" src=\"https:\/\/iscavets.designproject.be\/wp-content\/uploads\/2023\/01\/13-scaled.jpg\" data-object-fit=\"cover\" srcset=\"https:\/\/iscavets.be\/wp-content\/uploads\/2023\/01\/13-scaled.jpg 2560w, https:\/\/iscavets.be\/wp-content\/uploads\/2023\/01\/13-300x199.jpg 300w, https:\/\/iscavets.be\/wp-content\/uploads\/2023\/01\/13-1024x678.jpg 1024w, https:\/\/iscavets.be\/wp-content\/uploads\/2023\/01\/13-768x509.jpg 768w, https:\/\/iscavets.be\/wp-content\/uploads\/2023\/01\/13-1536x1017.jpg 1536w, https:\/\/iscavets.be\/wp-content\/uploads\/2023\/01\/13-2048x1356.jpg 2048w, https:\/\/iscavets.be\/wp-content\/uploads\/2023\/01\/13-175x116.jpg 175w\" sizes=\"auto, (max-width: 2560px) 100vw, 2560px\" \/><div class=\"wp-block-cover__inner-container is-layout-flow wp-block-cover-is-layout-flow\">\r\n<p class=\"has-text-align-center has-large-font-size\"><\/p>\r\n<\/div><\/div>\r\n","protected":false},"excerpt":{"rendered":"<p>Chez Iscavets, nous nous int\u00e9ressons tout particuli\u00e8rement au comportement. Nous mettons \u00e0 profit toutes nos connaissances pour que la visite chez le v\u00e9t\u00e9rinaire soit la plus conviviale possible pour l&#8217;animal.N&#8217;h\u00e9sitez donc pas \u00e0 nous demander conseil si vous avez des doutes sur le comportement de votre animal. Bien que certains comportements soient normaux pour l&#8217;esp\u00e8ce,&hellip;&nbsp;<a href=\"https:\/\/iscavets.be\/fr\/comportement\/\" rel=\"bookmark\">Read More &raquo;<span class=\"screen-reader-text\">Comportement<\/span><\/a><\/p>\n","protected":false},"author":1,"featured_media":0,"parent":0,"menu_order":0,"comment_status":"closed","ping_status":"closed","template":"","meta":{"neve_meta_sidebar":"","neve_meta_container":"","neve_meta_enable_content_width":"","neve_meta_content_width":0,"neve_meta_title_alignment":"","neve_meta_author_avatar":"","neve_post_elements_order":"","neve_meta_disable_header":"","neve_meta_disable_footer":"","neve_meta_disable_title":"","footnotes":""},"class_list":["post-201","page","type-page","status-publish","hentry"],"jetpack_sharing_enabled":true,"_links":{"self":[{"href":"https:\/\/iscavets.be\/fr\/wp-json\/wp\/v2\/pages\/201","targetHints":{"allow":["GET"]}}],"collection":[{"href":"https:\/\/iscavets.be\/fr\/wp-json\/wp\/v2\/pages"}],"about":[{"href":"https:\/\/iscavets.be\/fr\/wp-json\/wp\/v2\/types\/page"}],"author":[{"embeddable":true,"href":"https:\/\/iscavets.be\/fr\/wp-json\/wp\/v2\/users\/1"}],"replies":[{"embeddable":true,"href":"https:\/\/iscavets.be\/fr\/wp-json\/wp\/v2\/comments?post=201"}],"version-history":[{"count":8,"href":"https:\/\/iscavets.be\/fr\/wp-json\/wp\/v2\/pages\/201\/revisions"}],"predecessor-version":[{"id":2343,"href":"https:\/\/iscavets.be\/fr\/wp-json\/wp\/v2\/pages\/201\/revisions\/2343"}],"wp:attachment":[{"href":"https:\/\/iscavets.be\/fr\/wp-json\/wp\/v2\/media?parent=201"}],"curies":[{"name":"wp","href":"https:\/\/api.w.org\/{rel}","templated":true}]}}