{"id":198,"date":"2021-11-22T16:14:20","date_gmt":"2021-11-22T16:14:20","guid":{"rendered":"https:\/\/iscavets.designproject.be\/?page_id=198"},"modified":"2023-01-25T14:59:29","modified_gmt":"2023-01-25T14:59:29","slug":"voeding","status":"publish","type":"page","link":"https:\/\/iscavets.be\/fr\/nutrition\/","title":{"rendered":"Nutrition"},"content":{"rendered":"\r\n<p>L&#8217;offre d&#8217;aliments pour animaux de compagnie est ph\u00e9nom\u00e9nale et il est souvent difficile de faire le bon choix. Surtout lorsqu&#8217;on sait qu&#8217;il existe de grandes diff\u00e9rences de qualit\u00e9 et que certains aliments pr\u00e9sentent des risques pour la sant\u00e9. Les nombreuse campagnes publicitaires rendent le choix encore plus difficile.<\/p>\r\n\r\n\r\n\r\n<p>Pourtant, une bonne alimentation est la base d&#8217;une bonne sant\u00e9, d&#8217;une meilleure qualit\u00e9 de vie et d&#8217;une plus longue esp\u00e9rance de vie. Ce n&#8217;est pas pour rien que l&#8217;alimentation est consid\u00e9r\u00e9e comme la cinqui\u00e8me fonction vitale.<\/p>\r\n\r\n\r\n\r\n<p>Nous nous ferons un plaisir de vous guider dans le choix d&#8217;une bonne alimentation et friandises.<\/p>\r\n\r\n\r\n\r\n<p>Iscavets propose \u00e9galement plusieurs gammes d&#8217;aliments pour animaux de qualit\u00e9 :<\/p>\r\n\r\n\r\n\r\n<ol class=\"wp-block-list\">\r\n<li>L&#8217;aliment physiologique &#8220;Health food&#8221; pour les animaux ne pr\u00e9sentant pas de probl\u00e8mes m\u00e9dicaux, adapt\u00e9 \u00e0 la phase de vie de votre animal et aux risques de sant\u00e9.<\/li>\r\n\r\n\r\n\r\n<li>Aliments m\u00e9dicaux&#8221; pour soutenir une maladie particuli\u00e8re, comme les probl\u00e8mes digestifs, les probl\u00e8mes r\u00e9naux, les probl\u00e8mes h\u00e9patiques, les probl\u00e8mes de peau, etc.<\/li>\r\n<\/ol>\r\n\r\n\r\n\r\n<p>Aliments humides contre aliments secs : en construction<\/p>\r\n\r\n\r\n\r\n<p>Aliments complets contre aliments compl\u00e9mentaires : en construction<\/p>\r\n\r\n\r\n\r\n<p>Aliments press\u00e9s \u00e0 froid ou extrud\u00e9s : en construction<\/p>\r\n\r\n\r\n\r\n<p>Sans c\u00e9r\u00e9ales : en construction<\/p>\r\n\r\n\r\n\r\n<p>Aliments naturels : en construction<\/p>\r\n\r\n\r\n\r\n<p>BARF et CDV : en construction<\/p>\r\n\r\n\r\n\r\n<figure class=\"wp-block-image size-large\"><img loading=\"lazy\" decoding=\"async\" width=\"678\" height=\"1024\" src=\"https:\/\/iscavets.designproject.be\/wp-content\/uploads\/2023\/01\/12-2-2-678x1024.jpg\" alt=\"\" class=\"wp-image-2221\" srcset=\"https:\/\/iscavets.be\/wp-content\/uploads\/2023\/01\/12-2-2-678x1024.jpg 678w, https:\/\/iscavets.be\/wp-content\/uploads\/2023\/01\/12-2-2-199x300.jpg 199w, https:\/\/iscavets.be\/wp-content\/uploads\/2023\/01\/12-2-2-768x1160.jpg 768w, https:\/\/iscavets.be\/wp-content\/uploads\/2023\/01\/12-2-2-1017x1536.jpg 1017w, https:\/\/iscavets.be\/wp-content\/uploads\/2023\/01\/12-2-2-1356x2048.jpg 1356w, https:\/\/iscavets.be\/wp-content\/uploads\/2023\/01\/12-2-2-77x116.jpg 77w, https:\/\/iscavets.be\/wp-content\/uploads\/2023\/01\/12-2-2-scaled.jpg 1696w\" sizes=\"auto, (max-width: 678px) 100vw, 678px\" \/><\/figure>\r\n\r\n\r\n\r\n<p><\/p>\r\n","protected":false},"excerpt":{"rendered":"<p>L&#8217;offre d&#8217;aliments pour animaux de compagnie est ph\u00e9nom\u00e9nale et il est souvent difficile de faire le bon choix. Surtout lorsqu&#8217;on sait qu&#8217;il existe de grandes diff\u00e9rences de qualit\u00e9 et que certains aliments pr\u00e9sentent des risques pour la sant\u00e9. Les nombreuse campagnes publicitaires rendent le choix encore plus difficile. Pourtant, une bonne alimentation est la base&hellip;&nbsp;<a href=\"https:\/\/iscavets.be\/fr\/nutrition\/\" rel=\"bookmark\">Read More &raquo;<span class=\"screen-reader-text\">Nutrition<\/span><\/a><\/p>\n","protected":false},"author":1,"featured_media":0,"parent":0,"menu_order":0,"comment_status":"closed","ping_status":"closed","template":"","meta":{"neve_meta_sidebar":"","neve_meta_container":"","neve_meta_enable_content_width":"","neve_meta_content_width":0,"neve_meta_title_alignment":"","neve_meta_author_avatar":"","neve_post_elements_order":"","neve_meta_disable_header":"","neve_meta_disable_footer":"","neve_meta_disable_title":"","footnotes":""},"class_list":["post-198","page","type-page","status-publish","hentry"],"jetpack_sharing_enabled":true,"_links":{"self":[{"href":"https:\/\/iscavets.be\/fr\/wp-json\/wp\/v2\/pages\/198","targetHints":{"allow":["GET"]}}],"collection":[{"href":"https:\/\/iscavets.be\/fr\/wp-json\/wp\/v2\/pages"}],"about":[{"href":"https:\/\/iscavets.be\/fr\/wp-json\/wp\/v2\/types\/page"}],"author":[{"embeddable":true,"href":"https:\/\/iscavets.be\/fr\/wp-json\/wp\/v2\/users\/1"}],"replies":[{"embeddable":true,"href":"https:\/\/iscavets.be\/fr\/wp-json\/wp\/v2\/comments?post=198"}],"version-history":[{"count":4,"href":"https:\/\/iscavets.be\/fr\/wp-json\/wp\/v2\/pages\/198\/revisions"}],"predecessor-version":[{"id":2222,"href":"https:\/\/iscavets.be\/fr\/wp-json\/wp\/v2\/pages\/198\/revisions\/2222"}],"wp:attachment":[{"href":"https:\/\/iscavets.be\/fr\/wp-json\/wp\/v2\/media?parent=198"}],"curies":[{"name":"wp","href":"https:\/\/api.w.org\/{rel}","templated":true}]}}