{"id":196,"date":"2021-11-22T16:13:35","date_gmt":"2021-11-22T16:13:35","guid":{"rendered":"https:\/\/iscavets.designproject.be\/?page_id=196"},"modified":"2023-03-30T14:29:27","modified_gmt":"2023-03-30T14:29:27","slug":"gezondheidszorgprogramma","status":"publish","type":"page","link":"https:\/\/iscavets.be\/fr\/gezondheidszorgprogramma\/","title":{"rendered":"Programme de sant\u00e9"},"content":{"rendered":"\r\n<p>Vous avez un chien, un chat ou un lapin ? Cet adorable animal de compagnie fait manifestement partie de votre famille et vous avez \u00e0 c\u0153ur de d\u00e9fendre ses int\u00e9r\u00eats. Vous allez donc chez le v\u00e9t\u00e9rinaire au moins une fois par an, n&#8217;est-ce pas ? Une vie plus longue et plus saine pour votre animal ? Ensemble, nous y travaillons !<br>Nous vous donnons volontiers des conseils sur les soins corporels de votre animal (pelage, oreilles, yeux, ongles, dents,&#8230;), sur la pr\u00e9vention et le traitement des visiteurs ind\u00e9sirables tels que les puces, les tiques et les vers, ainsi que sur la pr\u00e9vention des maladies. Nous \u00e9laborons ensuite ensemble un programme de soins individualis\u00e9. Du sur-mesure, en d&#8217;autres termes.<br>Nos amis \u00e0 quatre pattes ne parlent pas notre langue. En tant que propri\u00e9taires, nous faisons de notre mieux, mais le langage animalier n&#8217;est pas encore notre langue maternelle. C&#8217;est pourquoi de petits probl\u00e8mes de sant\u00e9 peuvent rester cach\u00e9s pendant longtemps, jusqu&#8217;\u00e0 ce qu&#8217;ils deviennent soudainement tr\u00e8s importants. C&#8217;est pourquoi nous d\u00e9pistons tous les probl\u00e8mes de sant\u00e9 en m\u00eame temps.<\/p>\r\n\r\n\r\n\r\n<p>Bien que la plupart des \u00e9l\u00e9ments du bilan de sant\u00e9 annuel ne soient pas vraiment li\u00e9s \u00e0 l&#8217;\u00e2ge, l&#8217;accent est mis sur diff\u00e9rents points selon l&#8217;\u00e2ge de l&#8217;animal.<\/p>\r\n\r\n\r\n\r\n<ul class=\"wp-block-list\">\r\n<li><a href=\"https:\/\/iscavets.be\/fr\/jaarlijkse-gezondheidscontrole\/\" data-type=\"URL\">Importance d&#8217;un bilan de sant\u00e9 annuel<\/a><\/li>\r\n\r\n\r\n\r\n<li><a href=\"https:\/\/iscavets.be\/fr\/gezondheidscontrole-voor-het-groeiende-dier\/\" data-type=\"URL\">Importance du suivi de la croissance<\/a><\/li>\r\n\r\n\r\n\r\n<li><a href=\"https:\/\/iscavets.be\/fr\/controle-bij-de-puberteit\/\" data-type=\"URL\">Importance du contr\u00f4le de la pubert\u00e9<\/a><\/li>\r\n\r\n\r\n\r\n<li><a href=\"https:\/\/iscavets.be\/fr\/controle-bij-de-senior\/\" data-type=\"URL\">Importance de la surveillance d&#8217;un animal \u00e2g\u00e9<\/a><\/li>\r\n<\/ul>\r\n\r\n\r\n\r\n<div class=\"wp-block-cover is-light\" style=\"min-height:860px;aspect-ratio:unset;\"><span aria-hidden=\"true\" class=\"wp-block-cover__background has-background-dim-0 has-background-dim\"><\/span><img loading=\"lazy\" decoding=\"async\" width=\"1696\" height=\"2560\" class=\"wp-block-cover__image-background wp-image-1589\" alt=\"\" src=\"https:\/\/iscavets.designproject.be\/wp-content\/uploads\/2022\/12\/27-scaled.jpg\" style=\"object-position:44% 8%\" data-object-fit=\"cover\" data-object-position=\"44% 8%\" srcset=\"https:\/\/iscavets.be\/wp-content\/uploads\/2022\/12\/27-scaled.jpg 1696w, https:\/\/iscavets.be\/wp-content\/uploads\/2022\/12\/27-199x300.jpg 199w, https:\/\/iscavets.be\/wp-content\/uploads\/2022\/12\/27-678x1024.jpg 678w, https:\/\/iscavets.be\/wp-content\/uploads\/2022\/12\/27-768x1160.jpg 768w, https:\/\/iscavets.be\/wp-content\/uploads\/2022\/12\/27-1017x1536.jpg 1017w, https:\/\/iscavets.be\/wp-content\/uploads\/2022\/12\/27-1356x2048.jpg 1356w, https:\/\/iscavets.be\/wp-content\/uploads\/2022\/12\/27-77x116.jpg 77w\" sizes=\"auto, (max-width: 1696px) 100vw, 1696px\" \/><div class=\"wp-block-cover__inner-container is-layout-flow wp-block-cover-is-layout-flow\">\r\n<p class=\"has-text-align-center has-large-font-size\"><\/p>\r\n<\/div><\/div>\r\n","protected":false},"excerpt":{"rendered":"<p>Vous avez un chien, un chat ou un lapin ? Cet adorable animal de compagnie fait manifestement partie de votre famille et vous avez \u00e0 c\u0153ur de d\u00e9fendre ses int\u00e9r\u00eats. Vous allez donc chez le v\u00e9t\u00e9rinaire au moins une fois par an, n&#8217;est-ce pas ? Une vie plus longue et plus saine pour votre animal&hellip;&nbsp;<a href=\"https:\/\/iscavets.be\/fr\/gezondheidszorgprogramma\/\" rel=\"bookmark\">Read More &raquo;<span class=\"screen-reader-text\">Programme de sant\u00e9<\/span><\/a><\/p>\n","protected":false},"author":1,"featured_media":0,"parent":0,"menu_order":0,"comment_status":"closed","ping_status":"closed","template":"","meta":{"neve_meta_sidebar":"","neve_meta_container":"default","neve_meta_enable_content_width":"","neve_meta_content_width":0,"neve_meta_title_alignment":"","neve_meta_author_avatar":"","neve_post_elements_order":"","neve_meta_disable_header":"","neve_meta_disable_footer":"","neve_meta_disable_title":"","footnotes":""},"class_list":["post-196","page","type-page","status-publish","hentry"],"jetpack_sharing_enabled":true,"_links":{"self":[{"href":"https:\/\/iscavets.be\/fr\/wp-json\/wp\/v2\/pages\/196","targetHints":{"allow":["GET"]}}],"collection":[{"href":"https:\/\/iscavets.be\/fr\/wp-json\/wp\/v2\/pages"}],"about":[{"href":"https:\/\/iscavets.be\/fr\/wp-json\/wp\/v2\/types\/page"}],"author":[{"embeddable":true,"href":"https:\/\/iscavets.be\/fr\/wp-json\/wp\/v2\/users\/1"}],"replies":[{"embeddable":true,"href":"https:\/\/iscavets.be\/fr\/wp-json\/wp\/v2\/comments?post=196"}],"version-history":[{"count":26,"href":"https:\/\/iscavets.be\/fr\/wp-json\/wp\/v2\/pages\/196\/revisions"}],"predecessor-version":[{"id":2317,"href":"https:\/\/iscavets.be\/fr\/wp-json\/wp\/v2\/pages\/196\/revisions\/2317"}],"wp:attachment":[{"href":"https:\/\/iscavets.be\/fr\/wp-json\/wp\/v2\/media?parent=196"}],"curies":[{"name":"wp","href":"https:\/\/api.w.org\/{rel}","templated":true}]}}