{"id":193,"date":"2021-11-22T16:12:48","date_gmt":"2021-11-22T16:12:48","guid":{"rendered":"https:\/\/iscavets.designproject.be\/?page_id=193"},"modified":"2026-04-16T15:25:10","modified_gmt":"2026-04-16T13:25:10","slug":"vakantiepreventieadvies","status":"publish","type":"page","link":"https:\/\/iscavets.be\/fr\/vakantiepreventieadvies\/","title":{"rendered":"Conseils de pr\u00e9vention pour les vacances"},"content":{"rendered":"\r\n<p>La pr\u00e9paration de vacances reposantes passe aussi par la recherche d&#8217;une solution adapt\u00e9e pour les animaux de la famille : partent-ils avec vous ou restent-ils \u00e0 la maison ? Les deux ont leurs avantages et leurs inconv\u00e9nients et la meilleure solution d\u00e9pend souvent de l&#8217;animal. Une devise s&#8217;impose : les vacances doivent aussi \u00eatre un plaisir pour votre animal de compagnie.<br>Nous vous donnons quelques conseils dans les fiches ci-dessous.<\/p>\r\n\r\n\r\n\r\n<p><a href=\"https:\/\/iscavets.be\/wp-content\/uploads\/2026\/04\/Vakantie-dier-gaat-mee-fr.pdf\" data-type=\"URL\">Votre animal vous accompagne?<\/a><\/p>\r\n\r\n\r\n\r\n<p><a href=\"https:\/\/iscavets.be\/wp-content\/uploads\/2026\/04\/Vakantie-dier-gaat-niet-mee-fr.pdf\" data-type=\"URL\">Votre animal reste-t-il \u00e0 la maison?<\/a><\/p>\r\n\r\n\r\n\r\n<p>Si vous emmenez votre animal avec vous, n&#8217;oubliez pas de nous contacter \u00e0 temps. En fonction de la destination et de la dur\u00e9e de vos vacances, nous nous assurerons que votre animal est l\u00e9galement apte \u00e0 voyager et nous \u00e9tablirons ensemble un programme de pr\u00e9vention afin que votre animal ne rentre pas \u00e0 la maison avec des maladies. Celles-ci peuvent \u00eatre difficiles \u00e0 traiter et, dans le pire des cas, fatales.<\/p>\r\n\r\n\r\n\r\n<div class=\"wp-block-cover alignwide is-light\" style=\"min-height:316px;aspect-ratio:unset;\"><span aria-hidden=\"true\" class=\"wp-block-cover__background has-background-dim-0 has-background-dim\"><\/span><img loading=\"lazy\" decoding=\"async\" width=\"2560\" height=\"1696\" class=\"wp-block-cover__image-background wp-image-446\" alt=\"\" src=\"https:\/\/iscavets.be\/wp-content\/uploads\/2022\/07\/hond-kaartje-5-scaled.jpg\" style=\"object-position:52% 82%\" data-object-fit=\"cover\" data-object-position=\"52% 82%\" srcset=\"https:\/\/iscavets.be\/wp-content\/uploads\/2022\/07\/hond-kaartje-5-scaled.jpg 2560w, https:\/\/iscavets.be\/wp-content\/uploads\/2022\/07\/hond-kaartje-5-300x199.jpg 300w, https:\/\/iscavets.be\/wp-content\/uploads\/2022\/07\/hond-kaartje-5-1024x678.jpg 1024w, https:\/\/iscavets.be\/wp-content\/uploads\/2022\/07\/hond-kaartje-5-768x509.jpg 768w, https:\/\/iscavets.be\/wp-content\/uploads\/2022\/07\/hond-kaartje-5-1536x1017.jpg 1536w, https:\/\/iscavets.be\/wp-content\/uploads\/2022\/07\/hond-kaartje-5-2048x1356.jpg 2048w, https:\/\/iscavets.be\/wp-content\/uploads\/2022\/07\/hond-kaartje-5-175x116.jpg 175w\" sizes=\"auto, (max-width: 2560px) 100vw, 2560px\" \/><div class=\"wp-block-cover__inner-container is-layout-flow wp-block-cover-is-layout-flow\">\r\n<p><\/p>\r\n<\/div><\/div>\r\n","protected":false},"excerpt":{"rendered":"<p>La pr\u00e9paration de vacances reposantes passe aussi par la recherche d&#8217;une solution adapt\u00e9e pour les animaux de la famille : partent-ils avec vous ou restent-ils \u00e0 la maison ? Les deux ont leurs avantages et leurs inconv\u00e9nients et la meilleure solution d\u00e9pend souvent de l&#8217;animal. Une devise s&#8217;impose : les vacances doivent aussi \u00eatre un&hellip;&nbsp;<a href=\"https:\/\/iscavets.be\/fr\/vakantiepreventieadvies\/\" rel=\"bookmark\">Read More &raquo;<span class=\"screen-reader-text\">Conseils de pr\u00e9vention pour les vacances<\/span><\/a><\/p>\n","protected":false},"author":1,"featured_media":0,"parent":0,"menu_order":0,"comment_status":"closed","ping_status":"closed","template":"","meta":{"neve_meta_sidebar":"","neve_meta_container":"","neve_meta_enable_content_width":"","neve_meta_content_width":0,"neve_meta_title_alignment":"","neve_meta_author_avatar":"","neve_post_elements_order":"","neve_meta_disable_header":"","neve_meta_disable_footer":"","neve_meta_disable_title":"","footnotes":""},"class_list":["post-193","page","type-page","status-publish","hentry"],"jetpack_sharing_enabled":true,"_links":{"self":[{"href":"https:\/\/iscavets.be\/fr\/wp-json\/wp\/v2\/pages\/193","targetHints":{"allow":["GET"]}}],"collection":[{"href":"https:\/\/iscavets.be\/fr\/wp-json\/wp\/v2\/pages"}],"about":[{"href":"https:\/\/iscavets.be\/fr\/wp-json\/wp\/v2\/types\/page"}],"author":[{"embeddable":true,"href":"https:\/\/iscavets.be\/fr\/wp-json\/wp\/v2\/users\/1"}],"replies":[{"embeddable":true,"href":"https:\/\/iscavets.be\/fr\/wp-json\/wp\/v2\/comments?post=193"}],"version-history":[{"count":21,"href":"https:\/\/iscavets.be\/fr\/wp-json\/wp\/v2\/pages\/193\/revisions"}],"predecessor-version":[{"id":2670,"href":"https:\/\/iscavets.be\/fr\/wp-json\/wp\/v2\/pages\/193\/revisions\/2670"}],"wp:attachment":[{"href":"https:\/\/iscavets.be\/fr\/wp-json\/wp\/v2\/media?parent=193"}],"curies":[{"name":"wp","href":"https:\/\/api.w.org\/{rel}","templated":true}]}}