{"id":190,"date":"2021-11-22T16:11:49","date_gmt":"2021-11-22T16:11:49","guid":{"rendered":"https:\/\/iscavets.designproject.be\/?page_id=190"},"modified":"2023-06-08T16:16:37","modified_gmt":"2023-06-08T16:16:37","slug":"aanschaf-huisdier","status":"publish","type":"page","link":"https:\/\/iscavets.be\/fr\/achat-dun-animal-de-compagnie\/","title":{"rendered":"Achat d'un animal de compagnie"},"content":{"rendered":"\r\n<div class=\"wp-block-media-text alignwide is-image-fill\" style=\"grid-template-columns:40% auto\"><figure class=\"wp-block-media-text__media\" style=\"background-image:url(https:\/\/iscavets.be\/wp-content\/uploads\/2022\/12\/DSC_0206-2-678x1024.jpg);background-position:50% 50%\"><img loading=\"lazy\" decoding=\"async\" width=\"678\" height=\"1024\" src=\"https:\/\/iscavets.be\/wp-content\/uploads\/2022\/12\/DSC_0206-2-678x1024.jpg\" alt=\"\" class=\"wp-image-1571 size-full\" srcset=\"https:\/\/iscavets.be\/wp-content\/uploads\/2022\/12\/DSC_0206-2-678x1024.jpg 678w, https:\/\/iscavets.be\/wp-content\/uploads\/2022\/12\/DSC_0206-2-199x300.jpg 199w, https:\/\/iscavets.be\/wp-content\/uploads\/2022\/12\/DSC_0206-2-768x1160.jpg 768w, https:\/\/iscavets.be\/wp-content\/uploads\/2022\/12\/DSC_0206-2-1017x1536.jpg 1017w, https:\/\/iscavets.be\/wp-content\/uploads\/2022\/12\/DSC_0206-2-1356x2048.jpg 1356w, https:\/\/iscavets.be\/wp-content\/uploads\/2022\/12\/DSC_0206-2-77x116.jpg 77w, https:\/\/iscavets.be\/wp-content\/uploads\/2022\/12\/DSC_0206-2-scaled.jpg 1696w\" sizes=\"auto, (max-width: 678px) 100vw, 678px\" \/><\/figure><div class=\"wp-block-media-text__content\">\r\n<p>Nous sommes heureux de prendre du temps pour vous si vous souhaitez acheter un animal de compagnie, afin que nous puissions discuter du type d&#8217;animal et de la race qui conviendraient le mieux \u00e0 votre situation familiale.<br>Quelques consid\u00e9rations&#8230;<br>Si vous avez des horaires irr\u00e9guliers ou peu de temps, un chien n&#8217;est pas toujours appropri\u00e9. Il existe d&#8217;autres esp\u00e8ces qui font \u00e9galement de bons animaux de compagnie et qui n&#8217;ont pas n\u00e9cessairement besoin d&#8217;une routine et d&#8217;une r\u00e9gularit\u00e9 comme un chien.<br>Si vous vivez dans un appartement, un Golden Retriever n&#8217;est probablement pas le choix id\u00e9al.<br>Si vous avez des enfants ou beaucoup de monde, le temp\u00e9rament du chien est \u00e9galement important.<br>Si vous voulez un chat et qu&#8217;il ne peut pas sortir, vous devrez investir dans l&#8217;am\u00e9nagement de votre maison pour qu&#8217;il puisse satisfaire ses besoins essentiels et ne soit pas stress\u00e9.<br>Le type, la race et l&#8217;\u00e2ge de l&#8217;animal jouent \u00e9galement un r\u00f4le dans les co\u00fbts que vous aurez. L&#8217;achat d&#8217;un animal est g\u00e9n\u00e9ralement le point le moins co\u00fbteux. \u00c0 cela s&#8217;ajoutent les frais de nourriture, de soins et de v\u00e9t\u00e9rinaire.<br>En r\u00e9sum\u00e9, apr\u00e8s une bonne discussion, vous aurez une id\u00e9e plus claire des aspects \u00e0 prendre en compte lors de l&#8217;achat d&#8217;un animal de compagnie et vous risquerez moins d&#8217;\u00eatre d\u00e9\u00e7u.<\/p>\r\n<\/div><\/div>\r\n","protected":false},"excerpt":{"rendered":"<p>Nous sommes heureux de prendre du temps pour vous si vous souhaitez acheter un animal de compagnie, afin que nous puissions discuter du type d&#8217;animal et de la race qui conviendraient le mieux \u00e0 votre situation familiale.Quelques consid\u00e9rations&#8230;Si vous avez des horaires irr\u00e9guliers ou peu de temps, un chien n&#8217;est pas toujours appropri\u00e9. Il existe&hellip;&nbsp;<a href=\"https:\/\/iscavets.be\/fr\/achat-dun-animal-de-compagnie\/\" rel=\"bookmark\">Read More &raquo;<span class=\"screen-reader-text\">Achat d&#8217;un animal de compagnie<\/span><\/a><\/p>\n","protected":false},"author":1,"featured_media":0,"parent":0,"menu_order":0,"comment_status":"closed","ping_status":"closed","template":"","meta":{"neve_meta_sidebar":"","neve_meta_container":"contained","neve_meta_enable_content_width":"","neve_meta_content_width":0,"neve_meta_title_alignment":"","neve_meta_author_avatar":"","neve_post_elements_order":"","neve_meta_disable_header":"off","neve_meta_disable_footer":"off","neve_meta_disable_title":"","footnotes":""},"class_list":["post-190","page","type-page","status-publish","hentry"],"jetpack_sharing_enabled":true,"_links":{"self":[{"href":"https:\/\/iscavets.be\/fr\/wp-json\/wp\/v2\/pages\/190","targetHints":{"allow":["GET"]}}],"collection":[{"href":"https:\/\/iscavets.be\/fr\/wp-json\/wp\/v2\/pages"}],"about":[{"href":"https:\/\/iscavets.be\/fr\/wp-json\/wp\/v2\/types\/page"}],"author":[{"embeddable":true,"href":"https:\/\/iscavets.be\/fr\/wp-json\/wp\/v2\/users\/1"}],"replies":[{"embeddable":true,"href":"https:\/\/iscavets.be\/fr\/wp-json\/wp\/v2\/comments?post=190"}],"version-history":[{"count":18,"href":"https:\/\/iscavets.be\/fr\/wp-json\/wp\/v2\/pages\/190\/revisions"}],"predecessor-version":[{"id":2385,"href":"https:\/\/iscavets.be\/fr\/wp-json\/wp\/v2\/pages\/190\/revisions\/2385"}],"wp:attachment":[{"href":"https:\/\/iscavets.be\/fr\/wp-json\/wp\/v2\/media?parent=190"}],"curies":[{"name":"wp","href":"https:\/\/api.w.org\/{rel}","templated":true}]}}