{"id":184,"date":"2021-11-15T12:14:01","date_gmt":"2021-11-15T12:14:01","guid":{"rendered":"http:\/\/iscavets.designproject.be\/?page_id=184"},"modified":"2023-03-30T14:25:30","modified_gmt":"2023-03-30T14:25:30","slug":"advies","status":"publish","type":"page","link":"https:\/\/iscavets.be\/fr\/advies\/","title":{"rendered":"Pr\u00e9vention"},"content":{"rendered":"\r\n<p>La pr\u00e9vention consiste \u00e0 \u00e9viter les probl\u00e8mes. Parce qu&#8217;il vaut mieux pr\u00e9venir que gu\u00e9rir.<br>La pr\u00e9vention consiste \u00e9galement \u00e0 d\u00e9tecter et \u00e0 traiter les probl\u00e8mes qui ne sont pas encore visibles. Parce qu&#8217;une intervention opportune permet de prolonger la vie de l&#8217;animal et de le rendre plus heureux et en bonne sant\u00e9.<br>Donner des conseils sur tous les aspects de votre compagnon \u00e0 quatre pattes, de la t\u00eate \u00e0 la queue, du c\u0153ur aux reins, de l&#8217;int\u00e9rieur \u00e0 l&#8217;ext\u00e9rieur, est tout aussi important pour nous.<br><\/p>\r\n\r\n\r\n\r\n<ul class=\"wp-block-list\">\r\n<li><a href=\"http:\/\/iscavets.be\/fr\/aanschaf-huisdier\/\">Achat<\/a> <\/li>\r\n\r\n\r\n\r\n<li><a href=\"http:\/\/iscavets.be\/fr\/speelgoed\/\">Jouets<\/a><\/li>\r\n\r\n\r\n\r\n<li><a href=\"http:\/\/iscavets.be\/fr\/gedrag\/\">Comportement<\/a><\/li>\r\n\r\n\r\n\r\n<li><a href=\"http:\/\/iscavets.be\/fr\/gezondheidszorgprogramma\/\">Programme de sant\u00e9<\/a><\/li>\r\n\r\n\r\n\r\n<li><a href=\"https:\/\/iscavets.be\/fr\/voeding\/\" data-type=\"URL\">L&#8217;alimentation<\/a><\/li>\r\n\r\n\r\n\r\n<li><a href=\"http:\/\/iscavets.be\/fr\/gewichtsopvolging\/\">Suivi du poids<\/a><\/li>\r\n\r\n\r\n\r\n<li><a href=\"http:\/\/iscavets.be\/fr\/vakantiepreventieadvies\/\">Conseils de pr\u00e9vention pour les vacances<\/a><\/li>\r\n<\/ul>\r\n\r\n\r\n\r\n<div class=\"wp-block-cover is-light\"><span aria-hidden=\"true\" class=\"wp-block-cover__background has-background-dim-0 has-background-dim\"><\/span><img loading=\"lazy\" decoding=\"async\" width=\"2560\" height=\"1696\" class=\"wp-block-cover__image-background wp-image-1563\" alt=\"\" src=\"http:\/\/iscavets.designproject.be\/wp-content\/uploads\/2022\/12\/DSC_0347-scaled.jpg\" data-object-fit=\"cover\" srcset=\"https:\/\/iscavets.be\/wp-content\/uploads\/2022\/12\/DSC_0347-scaled.jpg 2560w, https:\/\/iscavets.be\/wp-content\/uploads\/2022\/12\/DSC_0347-300x199.jpg 300w, https:\/\/iscavets.be\/wp-content\/uploads\/2022\/12\/DSC_0347-1024x678.jpg 1024w, https:\/\/iscavets.be\/wp-content\/uploads\/2022\/12\/DSC_0347-768x509.jpg 768w, https:\/\/iscavets.be\/wp-content\/uploads\/2022\/12\/DSC_0347-1536x1017.jpg 1536w, https:\/\/iscavets.be\/wp-content\/uploads\/2022\/12\/DSC_0347-2048x1356.jpg 2048w, https:\/\/iscavets.be\/wp-content\/uploads\/2022\/12\/DSC_0347-175x116.jpg 175w\" sizes=\"auto, (max-width: 2560px) 100vw, 2560px\" \/><div class=\"wp-block-cover__inner-container is-layout-flow wp-block-cover-is-layout-flow\">\r\n<p class=\"has-text-align-center has-large-font-size\"><\/p>\r\n<\/div><\/div>\r\n","protected":false},"excerpt":{"rendered":"<p>La pr\u00e9vention consiste \u00e0 \u00e9viter les probl\u00e8mes. Parce qu&#8217;il vaut mieux pr\u00e9venir que gu\u00e9rir.La pr\u00e9vention consiste \u00e9galement \u00e0 d\u00e9tecter et \u00e0 traiter les probl\u00e8mes qui ne sont pas encore visibles. Parce qu&#8217;une intervention opportune permet de prolonger la vie de l&#8217;animal et de le rendre plus heureux et en bonne sant\u00e9.Donner des conseils sur tous&hellip;&nbsp;<a href=\"https:\/\/iscavets.be\/fr\/advies\/\" rel=\"bookmark\">Read More &raquo;<span class=\"screen-reader-text\">Pr\u00e9vention<\/span><\/a><\/p>\n","protected":false},"author":1,"featured_media":0,"parent":0,"menu_order":0,"comment_status":"closed","ping_status":"closed","template":"","meta":{"neve_meta_sidebar":"","neve_meta_container":"","neve_meta_enable_content_width":"","neve_meta_content_width":0,"neve_meta_title_alignment":"","neve_meta_author_avatar":"","neve_post_elements_order":"","neve_meta_disable_header":"","neve_meta_disable_footer":"","neve_meta_disable_title":"","footnotes":""},"class_list":["post-184","page","type-page","status-publish","hentry"],"jetpack_sharing_enabled":true,"_links":{"self":[{"href":"https:\/\/iscavets.be\/fr\/wp-json\/wp\/v2\/pages\/184","targetHints":{"allow":["GET"]}}],"collection":[{"href":"https:\/\/iscavets.be\/fr\/wp-json\/wp\/v2\/pages"}],"about":[{"href":"https:\/\/iscavets.be\/fr\/wp-json\/wp\/v2\/types\/page"}],"author":[{"embeddable":true,"href":"https:\/\/iscavets.be\/fr\/wp-json\/wp\/v2\/users\/1"}],"replies":[{"embeddable":true,"href":"https:\/\/iscavets.be\/fr\/wp-json\/wp\/v2\/comments?post=184"}],"version-history":[{"count":23,"href":"https:\/\/iscavets.be\/fr\/wp-json\/wp\/v2\/pages\/184\/revisions"}],"predecessor-version":[{"id":2314,"href":"https:\/\/iscavets.be\/fr\/wp-json\/wp\/v2\/pages\/184\/revisions\/2314"}],"wp:attachment":[{"href":"https:\/\/iscavets.be\/fr\/wp-json\/wp\/v2\/media?parent=184"}],"curies":[{"name":"wp","href":"https:\/\/api.w.org\/{rel}","templated":true}]}}