{"id":182,"date":"2021-11-15T12:12:10","date_gmt":"2021-11-15T12:12:10","guid":{"rendered":"http:\/\/iscavets.designproject.be\/?page_id=182"},"modified":"2022-10-05T07:36:38","modified_gmt":"2022-10-05T07:36:38","slug":"gemeentelijk-zwerfkattenplan","status":"publish","type":"page","link":"https:\/\/iscavets.be\/fr\/gemeentelijk-zwerfkattenplan\/","title":{"rendered":"L'approche des chats errants"},"content":{"rendered":"\r\n<p>Une chatte peut \u00eatre f\u00e9conde d\u00e8s l&#8217;\u00e2ge de 5 mois environ. Plusieurs port\u00e9es par an avec plusieurs chatons qui peuvent devenir fertiles la m\u00eame ann\u00e9e : cela devient rapidement un probl\u00e8me difficile \u00e0 contr\u00f4ler, ce qui conduit \u00e0 des chats errants qui peuvent causer une certaine nuisance.<br>Les chats errants proviennent toujours de chats domestiques. Il s&#8217;agit l\u00e0 d&#8217;un message important pour tout propri\u00e9taire de chat : prenez vos responsabilit\u00e9s et faites st\u00e9riliser votre chatte \u00e0 temps. Le fait d&#8217;avoir une port\u00e9e ne pr\u00e9sente aucun avantage pour la sant\u00e9 de votre chat, que ce soit sur le plan mental ou physique. Elle ne fait qu&#8217;aggraver le probl\u00e8me des chats errants et peut entra\u00eener la transmission de maladies infectieuses (telles que le coryza, la leucose f\u00e9line et le sida f\u00e9lin).<br>Les chats errants constituent un probl\u00e8me complexe et la commune d&#8217;Overijse assume sa responsabilit\u00e9 \u00e0 cet \u00e9gard. Si vous constatez un probl\u00e8me de chats errants, vous pouvez contacter l&#8217;asbl Cattitude (0468\/491.503), avec laquelle la commune d&#8217;Overijse a conclu un accord. Les b\u00e9n\u00e9voles et le personnel de Cattitude placent des cages de capture, les animaux captur\u00e9s sont emmen\u00e9s chez un v\u00e9t\u00e9rinaire qui les rend infertiles, puis les animaux sont replac\u00e9s \u00e0 l&#8217;endroit o\u00f9 ils ont \u00e9t\u00e9 captur\u00e9s.<\/p>\r\n\r\n\r\n\r\n<p><\/p>\r\n\r\n\r\n\r\n<div class=\"wp-block-cover\"><span aria-hidden=\"true\" class=\"wp-block-cover__background has-background-dim-0 has-background-dim\"><\/span><img loading=\"lazy\" decoding=\"async\" width=\"2560\" height=\"1696\" class=\"wp-block-cover__image-background wp-image-927\" alt=\"\" src=\"http:\/\/iscavets.designproject.be\/wp-content\/uploads\/2022\/10\/DSC_0411-2-scaled.jpg\" style=\"object-position:47% 62%\" data-object-fit=\"cover\" data-object-position=\"47% 62%\" srcset=\"https:\/\/iscavets.be\/wp-content\/uploads\/2022\/10\/DSC_0411-2-scaled.jpg 2560w, https:\/\/iscavets.be\/wp-content\/uploads\/2022\/10\/DSC_0411-2-300x199.jpg 300w, https:\/\/iscavets.be\/wp-content\/uploads\/2022\/10\/DSC_0411-2-1024x678.jpg 1024w, https:\/\/iscavets.be\/wp-content\/uploads\/2022\/10\/DSC_0411-2-768x509.jpg 768w, https:\/\/iscavets.be\/wp-content\/uploads\/2022\/10\/DSC_0411-2-1536x1017.jpg 1536w, https:\/\/iscavets.be\/wp-content\/uploads\/2022\/10\/DSC_0411-2-2048x1356.jpg 2048w, https:\/\/iscavets.be\/wp-content\/uploads\/2022\/10\/DSC_0411-2-175x116.jpg 175w\" sizes=\"auto, (max-width: 2560px) 100vw, 2560px\" \/><div class=\"wp-block-cover__inner-container is-layout-flow wp-block-cover-is-layout-flow\">\r\n<p class=\"has-text-align-center has-large-font-size\"><\/p>\r\n<\/div><\/div>\r\n","protected":false},"excerpt":{"rendered":"<p>Une chatte peut \u00eatre f\u00e9conde d\u00e8s l&#8217;\u00e2ge de 5 mois environ. Plusieurs port\u00e9es par an avec plusieurs chatons qui peuvent devenir fertiles la m\u00eame ann\u00e9e : cela devient rapidement un probl\u00e8me difficile \u00e0 contr\u00f4ler, ce qui conduit \u00e0 des chats errants qui peuvent causer une certaine nuisance.Les chats errants proviennent toujours de chats domestiques. Il&hellip;&nbsp;<a href=\"https:\/\/iscavets.be\/fr\/gemeentelijk-zwerfkattenplan\/\" rel=\"bookmark\">Read More &raquo;<span class=\"screen-reader-text\">L&#8217;approche des chats errants<\/span><\/a><\/p>\n","protected":false},"author":1,"featured_media":0,"parent":0,"menu_order":0,"comment_status":"closed","ping_status":"closed","template":"","meta":{"neve_meta_sidebar":"","neve_meta_container":"","neve_meta_enable_content_width":"","neve_meta_content_width":0,"neve_meta_title_alignment":"","neve_meta_author_avatar":"","neve_post_elements_order":"","neve_meta_disable_header":"","neve_meta_disable_footer":"","neve_meta_disable_title":"","footnotes":""},"class_list":["post-182","page","type-page","status-publish","hentry"],"jetpack_sharing_enabled":true,"_links":{"self":[{"href":"https:\/\/iscavets.be\/fr\/wp-json\/wp\/v2\/pages\/182","targetHints":{"allow":["GET"]}}],"collection":[{"href":"https:\/\/iscavets.be\/fr\/wp-json\/wp\/v2\/pages"}],"about":[{"href":"https:\/\/iscavets.be\/fr\/wp-json\/wp\/v2\/types\/page"}],"author":[{"embeddable":true,"href":"https:\/\/iscavets.be\/fr\/wp-json\/wp\/v2\/users\/1"}],"replies":[{"embeddable":true,"href":"https:\/\/iscavets.be\/fr\/wp-json\/wp\/v2\/comments?post=182"}],"version-history":[{"count":10,"href":"https:\/\/iscavets.be\/fr\/wp-json\/wp\/v2\/pages\/182\/revisions"}],"predecessor-version":[{"id":1174,"href":"https:\/\/iscavets.be\/fr\/wp-json\/wp\/v2\/pages\/182\/revisions\/1174"}],"wp:attachment":[{"href":"https:\/\/iscavets.be\/fr\/wp-json\/wp\/v2\/media?parent=182"}],"curies":[{"name":"wp","href":"https:\/\/api.w.org\/{rel}","templated":true}]}}