{"id":180,"date":"2021-11-15T12:10:28","date_gmt":"2021-11-15T12:10:28","guid":{"rendered":"http:\/\/iscavets.designproject.be\/?page_id=180"},"modified":"2023-01-24T07:41:06","modified_gmt":"2023-01-24T07:41:06","slug":"bijzondere-huisdieren","status":"publish","type":"page","link":"https:\/\/iscavets.be\/fr\/bijzondere-huisdieren\/","title":{"rendered":"NAC's : Nouveaux animaux de compagnie"},"content":{"rendered":"\r\n<p>Par &#8220;NAC&#8217;s&#8221;, c&#8217;est-\u00e0-dire les nouveaux animaux de compagnie, nous entendons tous les animaux de compagnie qui ne sont pas des chiens ou des chats : oiseaux, reptiles, amphibiens, poissons, lapins et rongeurs. Pour ces animaux, nous collaborons avec le v\u00e9t\u00e9rinaire Dieter Everaert \u00e0 Lubbeek. Il ne soigne pas les chiens et les chats, mais ses connaissances et son expertise sur les NAC&#8217;s sont presque infinies.<br>Ne sous-estimez pas l&#8217;importance du v\u00e9t\u00e9rinaire Dieter. Les animaux particuliers n\u00e9cessitent une approche particuli\u00e8re. L&#8217;internet regorge d&#8217;informations, mais malheureusement il contient aussi beaucoup d&#8217;absurdit\u00e9s.<\/p>\r\n\r\n\r\n\r\n<h2 class=\"wp-block-heading\">Information Dieter Everaert<\/h2>\r\n\r\n\r\n\r\n<ul class=\"wp-block-list\">\r\n<li>Curiovet<\/li>\r\n\r\n\r\n\r\n<li>Staatsbaan 187 3210 Lubbeek<\/li>\r\n\r\n\r\n\r\n<li>+32 479 78 46 93<\/li>\r\n\r\n\r\n\r\n<li>info@curiovet.be<\/li>\r\n<\/ul>\r\n\r\n\r\n\r\n<p><\/p>\r\n\r\n\r\n\r\n<p><strong>V\u00e9t\u00e9rinaires alternatifs en cas d&#8217;urgence pour les animaux sp\u00e9ciaux : <\/strong><\/p>\r\n\r\n\r\n\r\n<ul class=\"wp-block-list\">\r\n<li>Els Janssens I DAP De Heikant, Houwaart I 0495 \/ 90.63.42<\/li>\r\n\r\n\r\n\r\n<li>Inge Thas I DAP Thas, Merelbeke I 0477 \/ 29.65.45<\/li>\r\n\r\n\r\n\r\n<li>Tom Verbeek I DAC Trigenio, Nijlen I  03 \/ 380.00.30<\/li>\r\n\r\n\r\n\r\n<li>Henk Decock I Gezelschapsdierenpraktijk, Aartselaar I 03 \/ 877.42.41<\/li>\r\n\r\n\r\n\r\n<li>Facult\u00e9 de m\u00e9decine v\u00e9t\u00e9rinaire, Merelbeke I 09 \/ 264.74.41<\/li>\r\n<\/ul>\r\n\r\n\r\n\r\n<p><\/p>\r\n\r\n\r\n\r\n<div class=\"wp-block-cover alignwide is-light\"><span aria-hidden=\"true\" class=\"wp-block-cover__background has-background-dim-0 has-background-dim\"><\/span><img loading=\"lazy\" decoding=\"async\" width=\"2560\" height=\"1696\" class=\"wp-block-cover__image-background wp-image-924\" alt=\"\" src=\"http:\/\/iscavets.designproject.be\/wp-content\/uploads\/2022\/10\/cavias-scaled.jpg\" data-object-fit=\"cover\" srcset=\"https:\/\/iscavets.be\/wp-content\/uploads\/2022\/10\/cavias-scaled.jpg 2560w, https:\/\/iscavets.be\/wp-content\/uploads\/2022\/10\/cavias-300x199.jpg 300w, https:\/\/iscavets.be\/wp-content\/uploads\/2022\/10\/cavias-1024x678.jpg 1024w, https:\/\/iscavets.be\/wp-content\/uploads\/2022\/10\/cavias-768x509.jpg 768w, https:\/\/iscavets.be\/wp-content\/uploads\/2022\/10\/cavias-1536x1017.jpg 1536w, https:\/\/iscavets.be\/wp-content\/uploads\/2022\/10\/cavias-2048x1356.jpg 2048w, https:\/\/iscavets.be\/wp-content\/uploads\/2022\/10\/cavias-175x116.jpg 175w\" sizes=\"auto, (max-width: 2560px) 100vw, 2560px\" \/><div class=\"wp-block-cover__inner-container is-layout-flow wp-block-cover-is-layout-flow\">\r\n<p class=\"has-text-align-center has-large-font-size\"><\/p>\r\n<\/div><\/div>\r\n","protected":false},"excerpt":{"rendered":"<p>Par &#8220;NAC&#8217;s&#8221;, c&#8217;est-\u00e0-dire les nouveaux animaux de compagnie, nous entendons tous les animaux de compagnie qui ne sont pas des chiens ou des chats : oiseaux, reptiles, amphibiens, poissons, lapins et rongeurs. Pour ces animaux, nous collaborons avec le v\u00e9t\u00e9rinaire Dieter Everaert \u00e0 Lubbeek. Il ne soigne pas les chiens et les chats, mais ses&hellip;&nbsp;<a href=\"https:\/\/iscavets.be\/fr\/bijzondere-huisdieren\/\" rel=\"bookmark\">Read More &raquo;<span class=\"screen-reader-text\">NAC&#8217;s : Nouveaux animaux de compagnie<\/span><\/a><\/p>\n","protected":false},"author":1,"featured_media":0,"parent":0,"menu_order":0,"comment_status":"closed","ping_status":"closed","template":"","meta":{"neve_meta_sidebar":"","neve_meta_container":"","neve_meta_enable_content_width":"","neve_meta_content_width":0,"neve_meta_title_alignment":"","neve_meta_author_avatar":"","neve_post_elements_order":"","neve_meta_disable_header":"","neve_meta_disable_footer":"","neve_meta_disable_title":"","footnotes":""},"class_list":["post-180","page","type-page","status-publish","hentry"],"jetpack_sharing_enabled":true,"_links":{"self":[{"href":"https:\/\/iscavets.be\/fr\/wp-json\/wp\/v2\/pages\/180","targetHints":{"allow":["GET"]}}],"collection":[{"href":"https:\/\/iscavets.be\/fr\/wp-json\/wp\/v2\/pages"}],"about":[{"href":"https:\/\/iscavets.be\/fr\/wp-json\/wp\/v2\/types\/page"}],"author":[{"embeddable":true,"href":"https:\/\/iscavets.be\/fr\/wp-json\/wp\/v2\/users\/1"}],"replies":[{"embeddable":true,"href":"https:\/\/iscavets.be\/fr\/wp-json\/wp\/v2\/comments?post=180"}],"version-history":[{"count":24,"href":"https:\/\/iscavets.be\/fr\/wp-json\/wp\/v2\/pages\/180\/revisions"}],"predecessor-version":[{"id":1998,"href":"https:\/\/iscavets.be\/fr\/wp-json\/wp\/v2\/pages\/180\/revisions\/1998"}],"wp:attachment":[{"href":"https:\/\/iscavets.be\/fr\/wp-json\/wp\/v2\/media?parent=180"}],"curies":[{"name":"wp","href":"https:\/\/api.w.org\/{rel}","templated":true}]}}