{"id":176,"date":"2021-11-15T12:05:30","date_gmt":"2021-11-15T12:05:30","guid":{"rendered":"http:\/\/iscavets.designproject.be\/?page_id=176"},"modified":"2024-02-08T15:53:13","modified_gmt":"2024-02-08T14:53:13","slug":"consultaties-2","status":"publish","type":"page","link":"https:\/\/iscavets.be\/fr\/consultaties-2\/","title":{"rendered":"Consultations"},"content":{"rendered":"\r\n<p class=\"has-text-align-left\">Le cabinet v\u00e9t\u00e9rinaire Iscavets est un cabinet qui traite les animaux de compagnie et travaille uniquement sur rendez-vous.<br>En r\u00e8gle g\u00e9n\u00e9rale, nous accordons une demi-heure par rendez-vous. Pour certains probl\u00e8mes (comme les affections cutan\u00e9es, les probl\u00e8mes de comportement, les consultations de chiots ou plusieurs animaux \u00e0 la fois), nous prenons plus de temps.<br>Si vous nous transmettez votre adresse e-mail, vous recevez une confirmation imm\u00e9diate lorsque vous prenez un rendez-vous et un rappel 48 heures \u00e0 l&#8217;avance. Nous vous aidons ainsi \u00e0 ne pas oublier votre rendez-vous.<br>Bien entendu, votre emploi du temps peut changer. Contactez-nous au moins 24 heures \u00e0 l&#8217;avance si vous ne pouvez pas venir \u00e0 votre rendez-vous, afin que notre agenda ne soit pas trop perturb\u00e9. N&#8217;oubliez pas que si vous n&#8217;annulez pas ou si vous annulez tardivement, nous nous r\u00e9servons le droit de vous facturer des frais.<\/p>\r\n\r\n\r\n\r\n<p>Les rendez-vous sont possibles pendant les heures d&#8217;ouverture:<\/p>\r\n\r\n\r\n\r\n<div class=\"wp-block-media-text has-media-on-the-right is-stacked-on-mobile is-vertically-aligned-top is-image-fill\" style=\"grid-template-columns:auto 66%\"><div class=\"wp-block-media-text__content\">\r\n<ul class=\"wp-block-list\">\r\n<li>Lundi          9.00 &#8211; 19.00  <\/li>\r\n\r\n\r\n\r\n<li>Mardi            9.00 &#8211; 19.00<\/li>\r\n\r\n\r\n\r\n<li>Mercredi        9.00 &#8211; 19.00<\/li>\r\n\r\n\r\n\r\n<li>Jeudi       9.00 &#8211; 19.00<\/li>\r\n\r\n\r\n\r\n<li>Vendredi             9.00 &#8211; 19.00<\/li>\r\n\r\n\r\n\r\n<li>Samedi          9.00 &#8211; 12.00<\/li>\r\n\r\n\r\n\r\n<li>Dimanche ferm\u00e9<\/li>\r\n<\/ul>\r\n<\/div><figure class=\"wp-block-media-text__media\" style=\"background-image:url(https:\/\/iscavets.be\/wp-content\/uploads\/2024\/01\/FR-1024x1024.jpg);background-position:50% 50%\"><img loading=\"lazy\" decoding=\"async\" width=\"1024\" height=\"1024\" src=\"https:\/\/iscavets.be\/wp-content\/uploads\/2024\/01\/FR-1024x1024.jpg\" alt=\"\" class=\"wp-image-2436 size-full\" srcset=\"https:\/\/iscavets.be\/wp-content\/uploads\/2024\/01\/FR-1024x1024.jpg 1024w, https:\/\/iscavets.be\/wp-content\/uploads\/2024\/01\/FR-300x300.jpg 300w, https:\/\/iscavets.be\/wp-content\/uploads\/2024\/01\/FR-150x150.jpg 150w, https:\/\/iscavets.be\/wp-content\/uploads\/2024\/01\/FR-768x768.jpg 768w, https:\/\/iscavets.be\/wp-content\/uploads\/2024\/01\/FR-116x116.jpg 116w, https:\/\/iscavets.be\/wp-content\/uploads\/2024\/01\/FR.jpg 1417w\" sizes=\"auto, (max-width: 1024px) 100vw, 1024px\" \/><\/figure><\/div>\r\n","protected":false},"excerpt":{"rendered":"<p>Le cabinet v\u00e9t\u00e9rinaire Iscavets est un cabinet qui traite les animaux de compagnie et travaille uniquement sur rendez-vous.En r\u00e8gle g\u00e9n\u00e9rale, nous accordons une demi-heure par rendez-vous. Pour certains probl\u00e8mes (comme les affections cutan\u00e9es, les probl\u00e8mes de comportement, les consultations de chiots ou plusieurs animaux \u00e0 la fois), nous prenons plus de temps.Si vous nous transmettez&hellip;&nbsp;<a href=\"https:\/\/iscavets.be\/fr\/consultaties-2\/\" rel=\"bookmark\">Read More &raquo;<span class=\"screen-reader-text\">Consultations<\/span><\/a><\/p>\n","protected":false},"author":1,"featured_media":0,"parent":0,"menu_order":0,"comment_status":"closed","ping_status":"closed","template":"","meta":{"neve_meta_sidebar":"right","neve_meta_container":"default","neve_meta_enable_content_width":"","neve_meta_content_width":70,"neve_meta_title_alignment":"center","neve_meta_author_avatar":"","neve_post_elements_order":"","neve_meta_disable_header":"","neve_meta_disable_footer":"","neve_meta_disable_title":"","footnotes":""},"class_list":["post-176","page","type-page","status-publish","hentry"],"jetpack_sharing_enabled":true,"_links":{"self":[{"href":"https:\/\/iscavets.be\/fr\/wp-json\/wp\/v2\/pages\/176","targetHints":{"allow":["GET"]}}],"collection":[{"href":"https:\/\/iscavets.be\/fr\/wp-json\/wp\/v2\/pages"}],"about":[{"href":"https:\/\/iscavets.be\/fr\/wp-json\/wp\/v2\/types\/page"}],"author":[{"embeddable":true,"href":"https:\/\/iscavets.be\/fr\/wp-json\/wp\/v2\/users\/1"}],"replies":[{"embeddable":true,"href":"https:\/\/iscavets.be\/fr\/wp-json\/wp\/v2\/comments?post=176"}],"version-history":[{"count":54,"href":"https:\/\/iscavets.be\/fr\/wp-json\/wp\/v2\/pages\/176\/revisions"}],"predecessor-version":[{"id":2449,"href":"https:\/\/iscavets.be\/fr\/wp-json\/wp\/v2\/pages\/176\/revisions\/2449"}],"wp:attachment":[{"href":"https:\/\/iscavets.be\/fr\/wp-json\/wp\/v2\/media?parent=176"}],"curies":[{"name":"wp","href":"https:\/\/api.w.org\/{rel}","templated":true}]}}