{"id":173,"date":"2021-11-15T11:58:23","date_gmt":"2021-11-15T11:58:23","guid":{"rendered":"http:\/\/iscavets.designproject.be\/?page_id=173"},"modified":"2023-01-24T07:37:02","modified_gmt":"2023-01-24T07:37:02","slug":"uw-eerste-bezoek","status":"publish","type":"page","link":"https:\/\/iscavets.be\/fr\/uw-eerste-bezoek\/","title":{"rendered":"Premi\u00e8re visite"},"content":{"rendered":"\r\n<p><\/p>\r\n\r\n\r\n\r\n<div class=\"wp-block-media-text alignwide\" style=\"grid-template-columns:39% auto\"><figure class=\"wp-block-media-text__media\"><img loading=\"lazy\" decoding=\"async\" width=\"678\" height=\"1024\" src=\"http:\/\/iscavets.designproject.be\/wp-content\/uploads\/2022\/09\/116-678x1024.jpg\" alt=\"\" class=\"wp-image-816 size-full\" srcset=\"https:\/\/iscavets.be\/wp-content\/uploads\/2022\/09\/116-678x1024.jpg 678w, https:\/\/iscavets.be\/wp-content\/uploads\/2022\/09\/116-199x300.jpg 199w, https:\/\/iscavets.be\/wp-content\/uploads\/2022\/09\/116-768x1160.jpg 768w, https:\/\/iscavets.be\/wp-content\/uploads\/2022\/09\/116-1017x1536.jpg 1017w, https:\/\/iscavets.be\/wp-content\/uploads\/2022\/09\/116-1356x2048.jpg 1356w, https:\/\/iscavets.be\/wp-content\/uploads\/2022\/09\/116-77x116.jpg 77w, https:\/\/iscavets.be\/wp-content\/uploads\/2022\/09\/116-scaled.jpg 1696w\" sizes=\"auto, (max-width: 678px) 100vw, 678px\" \/><\/figure><div class=\"wp-block-media-text__content\">\r\n<p>Si vous pr\u00e9voyez de venir pour la premi\u00e8re fois dans notre cabinet v\u00e9t\u00e9rinaire, veuillez apporter tous les documents concernant votre animal. Pensez notamment au carnet de vaccination\/de sant\u00e9, son passeport et \u00e0 toutes les informations concernant les maladies et traitements ant\u00e9rieurs.<\/p>\r\n\r\n\r\n\r\n<p>Nous vous invitons \u00e9galement \u00e0 vous pr\u00e9senter \u00e0 votre rendez-vous 15 minutes \u00e0 l&#8217;avance afin que nos assistantes puissent pr\u00e9parer la visite chez le v\u00e9t\u00e9rinaire et ouvrir votre dossier.<\/p>\r\n\r\n\r\n\r\n<p><\/p>\r\n\r\n\r\n\r\n<p><\/p>\r\n<\/div><\/div>\r\n","protected":false},"excerpt":{"rendered":"<p>Si vous pr\u00e9voyez de venir pour la premi\u00e8re fois dans notre cabinet v\u00e9t\u00e9rinaire, veuillez apporter tous les documents concernant votre animal. Pensez notamment au carnet de vaccination\/de sant\u00e9, son passeport et \u00e0 toutes les informations concernant les maladies et traitements ant\u00e9rieurs. Nous vous invitons \u00e9galement \u00e0 vous pr\u00e9senter \u00e0 votre rendez-vous 15 minutes \u00e0 l&#8217;avance&hellip;&nbsp;<a href=\"https:\/\/iscavets.be\/fr\/uw-eerste-bezoek\/\" rel=\"bookmark\">Read More &raquo;<span class=\"screen-reader-text\">Premi\u00e8re visite<\/span><\/a><\/p>\n","protected":false},"author":1,"featured_media":0,"parent":0,"menu_order":0,"comment_status":"closed","ping_status":"closed","template":"","meta":{"neve_meta_sidebar":"","neve_meta_container":"","neve_meta_enable_content_width":"","neve_meta_content_width":0,"neve_meta_title_alignment":"","neve_meta_author_avatar":"","neve_post_elements_order":"","neve_meta_disable_header":"","neve_meta_disable_footer":"","neve_meta_disable_title":"","footnotes":""},"class_list":["post-173","page","type-page","status-publish","hentry"],"jetpack_sharing_enabled":true,"_links":{"self":[{"href":"https:\/\/iscavets.be\/fr\/wp-json\/wp\/v2\/pages\/173","targetHints":{"allow":["GET"]}}],"collection":[{"href":"https:\/\/iscavets.be\/fr\/wp-json\/wp\/v2\/pages"}],"about":[{"href":"https:\/\/iscavets.be\/fr\/wp-json\/wp\/v2\/types\/page"}],"author":[{"embeddable":true,"href":"https:\/\/iscavets.be\/fr\/wp-json\/wp\/v2\/users\/1"}],"replies":[{"embeddable":true,"href":"https:\/\/iscavets.be\/fr\/wp-json\/wp\/v2\/comments?post=173"}],"version-history":[{"count":12,"href":"https:\/\/iscavets.be\/fr\/wp-json\/wp\/v2\/pages\/173\/revisions"}],"predecessor-version":[{"id":1996,"href":"https:\/\/iscavets.be\/fr\/wp-json\/wp\/v2\/pages\/173\/revisions\/1996"}],"wp:attachment":[{"href":"https:\/\/iscavets.be\/fr\/wp-json\/wp\/v2\/media?parent=173"}],"curies":[{"name":"wp","href":"https:\/\/api.w.org\/{rel}","templated":true}]}}