{"id":159,"date":"2021-11-08T13:37:07","date_gmt":"2021-11-08T13:37:07","guid":{"rendered":"http:\/\/iscavets.designproject.be\/?page_id=159"},"modified":"2023-01-25T14:36:01","modified_gmt":"2023-01-25T14:36:01","slug":"onze-engagementen","status":"publish","type":"page","link":"https:\/\/iscavets.be\/fr\/onze-engagementen\/","title":{"rendered":"Nos engagements"},"content":{"rendered":"\r\n\r\n\r\n\r\n\r\n\r\n\r\n\r\n\r\n\r\n\r\n\r\n\r\n<div class=\"wp-block-media-text alignwide is-stacked-on-mobile\">\r\n<figure class=\"wp-block-media-text__media\"><img loading=\"lazy\" decoding=\"async\" width=\"360\" height=\"238\" class=\"wp-image-2193 size-full\" src=\"https:\/\/iscavets.designproject.be\/wp-content\/uploads\/2023\/01\/1452684693451.jpg\" alt=\"\" srcset=\"https:\/\/iscavets.be\/wp-content\/uploads\/2023\/01\/1452684693451.jpg 360w, https:\/\/iscavets.be\/wp-content\/uploads\/2023\/01\/1452684693451-300x198.jpg 300w, https:\/\/iscavets.be\/wp-content\/uploads\/2023\/01\/1452684693451-175x116.jpg 175w\" sizes=\"auto, (max-width: 360px) 100vw, 360px\" \/><\/figure>\r\n<div class=\"wp-block-media-text__content\">\r\n\r\n\r\n<p class=\"has-nv-c-1-color has-text-color\" style=\"font-size: 30px;\"><strong>Approche personnelle<\/strong><\/p>\r\n\r\n\r\n\r\n\r\nNous aimons conna\u00eetre nos clients et nos patients.\r\n\r\n\r\n\r\n<\/div>\r\n<\/div>\r\n\r\n\r\n\r\n<div class=\"wp-block-media-text alignwide has-media-on-the-right is-stacked-on-mobile\">\r\n<div class=\"wp-block-media-text__content\">\r\n\r\n\r\n<p class=\"has-nv-c-1-color has-text-color\" style=\"font-size: 30px;\"><strong>Ambiance chaleureuse<\/strong><\/p>\r\n\r\n\r\n\r\n\r\nNous appr\u00e9cions l&#8217;humour, sans pour autant sacrifier le professionnalisme.\r\n\r\n\r\n\r\n<\/div>\r\n<figure class=\"wp-block-media-text__media\"><img loading=\"lazy\" decoding=\"async\" width=\"1024\" height=\"678\" class=\"wp-image-750 size-full\" src=\"http:\/\/iscavets.designproject.be\/wp-content\/uploads\/2022\/09\/DSC_0305-1024x678.jpg\" alt=\"\" srcset=\"https:\/\/iscavets.be\/wp-content\/uploads\/2022\/09\/DSC_0305-1024x678.jpg 1024w, https:\/\/iscavets.be\/wp-content\/uploads\/2022\/09\/DSC_0305-300x199.jpg 300w, https:\/\/iscavets.be\/wp-content\/uploads\/2022\/09\/DSC_0305-768x509.jpg 768w, https:\/\/iscavets.be\/wp-content\/uploads\/2022\/09\/DSC_0305-1536x1017.jpg 1536w, https:\/\/iscavets.be\/wp-content\/uploads\/2022\/09\/DSC_0305-2048x1356.jpg 2048w, https:\/\/iscavets.be\/wp-content\/uploads\/2022\/09\/DSC_0305-175x116.jpg 175w\" sizes=\"auto, (max-width: 1024px) 100vw, 1024px\" \/><\/figure>\r\n<\/div>\r\n\r\n\r\n\r\n<div class=\"wp-block-media-text alignwide is-stacked-on-mobile\">\r\n<figure class=\"wp-block-media-text__media\"><img loading=\"lazy\" decoding=\"async\" width=\"1024\" height=\"678\" class=\"wp-image-751 size-full\" src=\"http:\/\/iscavets.designproject.be\/wp-content\/uploads\/2022\/09\/KWGV3247-1024x678.jpg\" alt=\"\" srcset=\"https:\/\/iscavets.be\/wp-content\/uploads\/2022\/09\/KWGV3247-1024x678.jpg 1024w, https:\/\/iscavets.be\/wp-content\/uploads\/2022\/09\/KWGV3247-300x199.jpg 300w, https:\/\/iscavets.be\/wp-content\/uploads\/2022\/09\/KWGV3247-768x509.jpg 768w, https:\/\/iscavets.be\/wp-content\/uploads\/2022\/09\/KWGV3247-1536x1017.jpg 1536w, https:\/\/iscavets.be\/wp-content\/uploads\/2022\/09\/KWGV3247-2048x1356.jpg 2048w, https:\/\/iscavets.be\/wp-content\/uploads\/2022\/09\/KWGV3247-175x116.jpg 175w\" sizes=\"auto, (max-width: 1024px) 100vw, 1024px\" \/><\/figure>\r\n<div class=\"wp-block-media-text__content\">\r\n\r\n\r\n<p class=\"has-nv-c-1-color has-text-color\" style=\"font-size: 30px;\"><strong>Convivialit\u00e9<\/strong><\/p>\r\n\r\n\r\n\r\n\r\nNous prenons le temps de mettre vos patients \u00e0 l&#8217;aise, afin qu&#8217;ils reviennent avec plaisir.\r\n\r\n\r\n\r\n<\/div>\r\n<\/div>\r\n\r\n\r\n\r\n<div class=\"wp-block-media-text alignwide has-media-on-the-right is-stacked-on-mobile\">\r\n<div class=\"wp-block-media-text__content\">\r\n\r\n\r\n<p class=\"has-nv-c-1-color has-text-color\" style=\"font-size: 30px;\"><strong>Rigueur<\/strong><\/p>\r\n\r\n\r\n\r\n\r\nChaque patient m\u00e9rite toute notre attention et un examen complet.\r\n\r\n\r\n\r\n<\/div>\r\n<figure class=\"wp-block-media-text__media\"><img loading=\"lazy\" decoding=\"async\" width=\"1024\" height=\"678\" class=\"wp-image-752 size-full\" src=\"http:\/\/iscavets.designproject.be\/wp-content\/uploads\/2022\/09\/3-1024x678.jpg\" alt=\"\" srcset=\"https:\/\/iscavets.be\/wp-content\/uploads\/2022\/09\/3-1024x678.jpg 1024w, https:\/\/iscavets.be\/wp-content\/uploads\/2022\/09\/3-300x199.jpg 300w, https:\/\/iscavets.be\/wp-content\/uploads\/2022\/09\/3-768x509.jpg 768w, https:\/\/iscavets.be\/wp-content\/uploads\/2022\/09\/3-1536x1017.jpg 1536w, https:\/\/iscavets.be\/wp-content\/uploads\/2022\/09\/3-2048x1356.jpg 2048w, https:\/\/iscavets.be\/wp-content\/uploads\/2022\/09\/3-175x116.jpg 175w\" sizes=\"auto, (max-width: 1024px) 100vw, 1024px\" \/><\/figure>\r\n<\/div>\r\n\r\n\r\n\r\n<div class=\"wp-block-media-text alignwide is-stacked-on-mobile\">\r\n<figure class=\"wp-block-media-text__media\"><img loading=\"lazy\" decoding=\"async\" width=\"1024\" height=\"678\" class=\"wp-image-753 size-full\" src=\"http:\/\/iscavets.designproject.be\/wp-content\/uploads\/2022\/09\/DSC_0095-3-1024x678.jpg\" alt=\"\" srcset=\"https:\/\/iscavets.be\/wp-content\/uploads\/2022\/09\/DSC_0095-3-1024x678.jpg 1024w, https:\/\/iscavets.be\/wp-content\/uploads\/2022\/09\/DSC_0095-3-300x199.jpg 300w, https:\/\/iscavets.be\/wp-content\/uploads\/2022\/09\/DSC_0095-3-768x509.jpg 768w, https:\/\/iscavets.be\/wp-content\/uploads\/2022\/09\/DSC_0095-3-1536x1017.jpg 1536w, https:\/\/iscavets.be\/wp-content\/uploads\/2022\/09\/DSC_0095-3-2048x1356.jpg 2048w, https:\/\/iscavets.be\/wp-content\/uploads\/2022\/09\/DSC_0095-3-175x116.jpg 175w\" sizes=\"auto, (max-width: 1024px) 100vw, 1024px\" \/><\/figure>\r\n<div class=\"wp-block-media-text__content\">\r\n\r\n\r\n<p class=\"has-nv-c-1-color has-text-color\" style=\"font-size: 30px;\"><strong>Connaissances<\/strong><\/p>\r\n\r\n\r\n\r\n\r\nAfin de maintenir nos connaissances \u00e0 jour en permanence, nous suivons r\u00e9guli\u00e8rement des cours de formation continue et lisons la litt\u00e9rature professionnelle.\r\n\r\n\r\n\r\n<\/div>\r\n<\/div>\r\n\r\n\r\n\r\n<div class=\"wp-block-media-text alignwide has-media-on-the-right is-stacked-on-mobile\">\r\n<div class=\"wp-block-media-text__content\">\r\n\r\n\r\n<p class=\"has-nv-c-1-color has-text-color\" style=\"font-size: 30px;\"><strong>Transparence<\/strong><\/p>\r\n\r\n\r\n\r\n\r\nNous disons ce que nous faisons et nous faisons ce que nous disons.\r\n\r\n\r\n\r\n<\/div>\r\n<figure class=\"wp-block-media-text__media\"><img loading=\"lazy\" decoding=\"async\" width=\"1024\" height=\"678\" class=\"wp-image-754 size-full\" src=\"http:\/\/iscavets.designproject.be\/wp-content\/uploads\/2022\/09\/DSC_0459klaar-1024x678.jpg\" alt=\"\" srcset=\"https:\/\/iscavets.be\/wp-content\/uploads\/2022\/09\/DSC_0459klaar-1024x678.jpg 1024w, https:\/\/iscavets.be\/wp-content\/uploads\/2022\/09\/DSC_0459klaar-300x199.jpg 300w, https:\/\/iscavets.be\/wp-content\/uploads\/2022\/09\/DSC_0459klaar-768x509.jpg 768w, https:\/\/iscavets.be\/wp-content\/uploads\/2022\/09\/DSC_0459klaar-1536x1017.jpg 1536w, https:\/\/iscavets.be\/wp-content\/uploads\/2022\/09\/DSC_0459klaar-2048x1356.jpg 2048w, https:\/\/iscavets.be\/wp-content\/uploads\/2022\/09\/DSC_0459klaar-175x116.jpg 175w\" sizes=\"auto, (max-width: 1024px) 100vw, 1024px\" \/><\/figure>\r\n<\/div>\r\n\r\n\r\n\r\n<div class=\"wp-block-media-text alignwide is-stacked-on-mobile\">\r\n<figure class=\"wp-block-media-text__media\"><img loading=\"lazy\" decoding=\"async\" width=\"1024\" height=\"678\" class=\"wp-image-755 size-full\" src=\"http:\/\/iscavets.designproject.be\/wp-content\/uploads\/2022\/09\/8-1024x678.jpg\" alt=\"\" srcset=\"https:\/\/iscavets.be\/wp-content\/uploads\/2022\/09\/8-1024x678.jpg 1024w, https:\/\/iscavets.be\/wp-content\/uploads\/2022\/09\/8-300x199.jpg 300w, https:\/\/iscavets.be\/wp-content\/uploads\/2022\/09\/8-768x509.jpg 768w, https:\/\/iscavets.be\/wp-content\/uploads\/2022\/09\/8-1536x1017.jpg 1536w, https:\/\/iscavets.be\/wp-content\/uploads\/2022\/09\/8-2048x1356.jpg 2048w, https:\/\/iscavets.be\/wp-content\/uploads\/2022\/09\/8-175x116.jpg 175w\" sizes=\"auto, (max-width: 1024px) 100vw, 1024px\" \/><\/figure>\r\n<div class=\"wp-block-media-text__content\">\r\n\r\n\r\n<p class=\"has-nv-c-1-color has-text-color\" style=\"font-size: 30px;\"><strong>Professionnel des animaux<\/strong><\/p>\r\n\r\n\r\n\r\n\r\nNous vous conseillons sur tous les aspects de votre animal (\u00e9ducation et comportement, alimentation, entretien du pelage, soins des dents, des yeux, des oreilles, des ongles,&#8230;).\r\n\r\n\r\n\r\n<\/div>\r\n<\/div>\r\n\r\n\r\n\r\n<div class=\"wp-block-media-text alignwide has-media-on-the-right is-stacked-on-mobile\">\r\n<div class=\"wp-block-media-text__content\">\r\n\r\n\r\n<p class=\"has-nv-c-1-color has-text-color\" style=\"font-size: 30px;\"><strong>La pr\u00e9vention<\/strong><\/p>\r\n\r\n\r\n\r\n\r\nPour assurer \u00e0 l&#8217;animal la meilleure et la plus longue vie possible, il est important de d\u00e9tecter les probl\u00e8mes \u00e0 temps, avant m\u00eame que vous, en tant que propri\u00e9taire, ne remarquiez quoi que ce soit.\r\n\r\n\r\n\r\n<\/div>\r\n<figure class=\"wp-block-media-text__media\"><img loading=\"lazy\" decoding=\"async\" width=\"1024\" height=\"678\" class=\"wp-image-756 size-full\" src=\"http:\/\/iscavets.designproject.be\/wp-content\/uploads\/2022\/09\/DSC_0482-1024x678.jpg\" alt=\"\" srcset=\"https:\/\/iscavets.be\/wp-content\/uploads\/2022\/09\/DSC_0482-1024x678.jpg 1024w, https:\/\/iscavets.be\/wp-content\/uploads\/2022\/09\/DSC_0482-300x199.jpg 300w, https:\/\/iscavets.be\/wp-content\/uploads\/2022\/09\/DSC_0482-768x509.jpg 768w, https:\/\/iscavets.be\/wp-content\/uploads\/2022\/09\/DSC_0482-1536x1017.jpg 1536w, https:\/\/iscavets.be\/wp-content\/uploads\/2022\/09\/DSC_0482-2048x1356.jpg 2048w, https:\/\/iscavets.be\/wp-content\/uploads\/2022\/09\/DSC_0482-175x116.jpg 175w\" sizes=\"auto, (max-width: 1024px) 100vw, 1024px\" \/><\/figure>\r\n<\/div>\r\n\r\n\r\n\r\n<div class=\"wp-block-media-text alignwide is-stacked-on-mobile\">\r\n<figure class=\"wp-block-media-text__media\"><img loading=\"lazy\" decoding=\"async\" width=\"1024\" height=\"678\" class=\"wp-image-757 size-full\" src=\"http:\/\/iscavets.designproject.be\/wp-content\/uploads\/2022\/09\/DSC_0577-1024x678.jpg\" alt=\"\" srcset=\"https:\/\/iscavets.be\/wp-content\/uploads\/2022\/09\/DSC_0577-1024x678.jpg 1024w, https:\/\/iscavets.be\/wp-content\/uploads\/2022\/09\/DSC_0577-300x199.jpg 300w, https:\/\/iscavets.be\/wp-content\/uploads\/2022\/09\/DSC_0577-768x509.jpg 768w, https:\/\/iscavets.be\/wp-content\/uploads\/2022\/09\/DSC_0577-1536x1017.jpg 1536w, https:\/\/iscavets.be\/wp-content\/uploads\/2022\/09\/DSC_0577-2048x1356.jpg 2048w, https:\/\/iscavets.be\/wp-content\/uploads\/2022\/09\/DSC_0577-175x116.jpg 175w\" sizes=\"auto, (max-width: 1024px) 100vw, 1024px\" \/><\/figure>\r\n<div class=\"wp-block-media-text__content\">\r\n\r\n\r\n<p class=\"has-nv-c-1-color has-text-color\" style=\"font-size: 30px;\"><strong>Une \u00e9quipe solide<\/strong><\/p>\r\n\r\n\r\n\r\n\r\nPour assurer des soins optimaux, une excellente communication au sein de l&#8217;\u00e9quipe est indispensable.\r\n\r\n\r\n\r\n<\/div>\r\n<\/div>\r\n","protected":false},"excerpt":{"rendered":"<p>Approche personnelle Nous aimons conna\u00eetre nos clients et nos patients. Ambiance chaleureuse Nous appr\u00e9cions l&#8217;humour, sans pour autant sacrifier le professionnalisme. Convivialit\u00e9 Nous prenons le temps de mettre vos patients \u00e0 l&#8217;aise, afin qu&#8217;ils reviennent avec plaisir. Rigueur Chaque patient m\u00e9rite toute notre attention et un examen complet. Connaissances Afin de maintenir nos connaissances \u00e0&hellip;&nbsp;<a href=\"https:\/\/iscavets.be\/fr\/onze-engagementen\/\" rel=\"bookmark\">Read More &raquo;<span class=\"screen-reader-text\">Nos engagements<\/span><\/a><\/p>\n","protected":false},"author":1,"featured_media":0,"parent":0,"menu_order":0,"comment_status":"closed","ping_status":"closed","template":"","meta":{"neve_meta_sidebar":"default","neve_meta_container":"full-width","neve_meta_enable_content_width":"on","neve_meta_content_width":100,"neve_meta_title_alignment":"center","neve_meta_author_avatar":"","neve_post_elements_order":"","neve_meta_disable_header":"","neve_meta_disable_footer":"","neve_meta_disable_title":"","footnotes":""},"class_list":["post-159","page","type-page","status-publish","hentry"],"jetpack_sharing_enabled":true,"_links":{"self":[{"href":"https:\/\/iscavets.be\/fr\/wp-json\/wp\/v2\/pages\/159","targetHints":{"allow":["GET"]}}],"collection":[{"href":"https:\/\/iscavets.be\/fr\/wp-json\/wp\/v2\/pages"}],"about":[{"href":"https:\/\/iscavets.be\/fr\/wp-json\/wp\/v2\/types\/page"}],"author":[{"embeddable":true,"href":"https:\/\/iscavets.be\/fr\/wp-json\/wp\/v2\/users\/1"}],"replies":[{"embeddable":true,"href":"https:\/\/iscavets.be\/fr\/wp-json\/wp\/v2\/comments?post=159"}],"version-history":[{"count":17,"href":"https:\/\/iscavets.be\/fr\/wp-json\/wp\/v2\/pages\/159\/revisions"}],"predecessor-version":[{"id":2194,"href":"https:\/\/iscavets.be\/fr\/wp-json\/wp\/v2\/pages\/159\/revisions\/2194"}],"wp:attachment":[{"href":"https:\/\/iscavets.be\/fr\/wp-json\/wp\/v2\/media?parent=159"}],"curies":[{"name":"wp","href":"https:\/\/api.w.org\/{rel}","templated":true}]}}