{"id":157,"date":"2021-11-08T13:35:06","date_gmt":"2021-11-08T13:35:06","guid":{"rendered":"http:\/\/iscavets.designproject.be\/?page_id=157"},"modified":"2023-06-01T14:50:10","modified_gmt":"2023-06-01T14:50:10","slug":"assistente-ameline","status":"publish","type":"page","link":"https:\/\/iscavets.be\/fr\/assistante-ameline\/","title":{"rendered":"Assistante Am\u00e9line"},"content":{"rendered":"\r\n<h2 class=\"wp-block-heading\"><\/h2>\r\n\r\n\r\n\r\n<div class=\"wp-block-media-text alignwide is-stacked-on-mobile is-image-fill\"><figure class=\"wp-block-media-text__media\" style=\"background-image:url(https:\/\/iscavets.be\/wp-content\/uploads\/2022\/11\/Iscavets-39-1024x683.jpg);background-position:50% 50%\"><img loading=\"lazy\" decoding=\"async\" width=\"1024\" height=\"683\" src=\"https:\/\/iscavets.be\/wp-content\/uploads\/2022\/11\/Iscavets-39-1024x683.jpg\" alt=\"\" class=\"wp-image-1326 size-full\" srcset=\"https:\/\/iscavets.be\/wp-content\/uploads\/2022\/11\/Iscavets-39-1024x683.jpg 1024w, https:\/\/iscavets.be\/wp-content\/uploads\/2022\/11\/Iscavets-39-300x200.jpg 300w, https:\/\/iscavets.be\/wp-content\/uploads\/2022\/11\/Iscavets-39-768x512.jpg 768w, https:\/\/iscavets.be\/wp-content\/uploads\/2022\/11\/Iscavets-39-1536x1024.jpg 1536w, https:\/\/iscavets.be\/wp-content\/uploads\/2022\/11\/Iscavets-39-2048x1365.jpg 2048w, https:\/\/iscavets.be\/wp-content\/uploads\/2022\/11\/Iscavets-39-930x620.jpg 930w, https:\/\/iscavets.be\/wp-content\/uploads\/2022\/11\/Iscavets-39-174x116.jpg 174w\" sizes=\"auto, (max-width: 1024px) 100vw, 1024px\" \/><\/figure><div class=\"wp-block-media-text__content\">\r\n<p>Am\u00e9line a obtenu son dipl\u00f4me d&#8217;assistante v\u00e9t\u00e9rinaire en 2020 \u00e0 Thomas More \u00e0 Geel. Elle a un grand c\u0153ur pour les animaux. Le travail d&#8217;assistante est donc fait pour elle et elle rayonne depuis qu&#8217;elle nous a rejoints en juin 2021.<\/p>\r\n\r\n\r\n\r\n<p>Tout pour les animaux ! A la fin de la journ\u00e9e, elle rentre chez elle et retrouve ses propres animaux : chats, chevaux, chiens, mule,&#8230; Le week-end, elle est b\u00e9n\u00e9vole au refuge pour Buddykat, un refuge qui donne une nouvelle chance aux chats FIV+.<\/p>\r\n\r\n\r\n\r\n<p>On peut r\u00e9guli\u00e8rement voir Am\u00e9line \u00e0 l&#8217;accueil et l&#8217;entendre au t\u00e9l\u00e9phone. Elle s&#8217;occupe de la contention de votre animal pendant les consultations si n\u00e9cessaire. Elle aime par-dessus tout \u00eatre au bloc op\u00e9ratoire ou s&#8217;occuper des patients hospitalis\u00e9s.<\/p>\r\n\r\n\r\n\r\n<p>Elle adore la photographie d&#8217;animaux. Elle a donc r\u00e9alis\u00e9 toutes les photographies de ce site internet.<\/p>\r\n\r\n\r\n\r\n<p>Une perle \u00e0 ch\u00e9rir.<\/p>\r\n<\/div><\/div>\r\n\r\n\r\n\r\n<p><\/p>\r\n\r\n\r\n\r\n<p><\/p>\r\n","protected":false},"excerpt":{"rendered":"<p>Am\u00e9line a obtenu son dipl\u00f4me d&#8217;assistante v\u00e9t\u00e9rinaire en 2020 \u00e0 Thomas More \u00e0 Geel. Elle a un grand c\u0153ur pour les animaux. Le travail d&#8217;assistante est donc fait pour elle et elle rayonne depuis qu&#8217;elle nous a rejoints en juin 2021. Tout pour les animaux ! A la fin de la journ\u00e9e, elle rentre chez&hellip;&nbsp;<a href=\"https:\/\/iscavets.be\/fr\/assistante-ameline\/\" rel=\"bookmark\">Read More &raquo;<span class=\"screen-reader-text\">Assistante Am\u00e9line<\/span><\/a><\/p>\n","protected":false},"author":1,"featured_media":0,"parent":0,"menu_order":0,"comment_status":"closed","ping_status":"closed","template":"","meta":{"neve_meta_sidebar":"","neve_meta_container":"","neve_meta_enable_content_width":"","neve_meta_content_width":0,"neve_meta_title_alignment":"","neve_meta_author_avatar":"","neve_post_elements_order":"","neve_meta_disable_header":"","neve_meta_disable_footer":"","neve_meta_disable_title":"","footnotes":""},"class_list":["post-157","page","type-page","status-publish","hentry"],"jetpack_sharing_enabled":true,"_links":{"self":[{"href":"https:\/\/iscavets.be\/fr\/wp-json\/wp\/v2\/pages\/157","targetHints":{"allow":["GET"]}}],"collection":[{"href":"https:\/\/iscavets.be\/fr\/wp-json\/wp\/v2\/pages"}],"about":[{"href":"https:\/\/iscavets.be\/fr\/wp-json\/wp\/v2\/types\/page"}],"author":[{"embeddable":true,"href":"https:\/\/iscavets.be\/fr\/wp-json\/wp\/v2\/users\/1"}],"replies":[{"embeddable":true,"href":"https:\/\/iscavets.be\/fr\/wp-json\/wp\/v2\/comments?post=157"}],"version-history":[{"count":20,"href":"https:\/\/iscavets.be\/fr\/wp-json\/wp\/v2\/pages\/157\/revisions"}],"predecessor-version":[{"id":2364,"href":"https:\/\/iscavets.be\/fr\/wp-json\/wp\/v2\/pages\/157\/revisions\/2364"}],"wp:attachment":[{"href":"https:\/\/iscavets.be\/fr\/wp-json\/wp\/v2\/media?parent=157"}],"curies":[{"name":"wp","href":"https:\/\/api.w.org\/{rel}","templated":true}]}}