{"id":150,"date":"2021-11-08T13:31:13","date_gmt":"2021-11-08T13:31:13","guid":{"rendered":"http:\/\/iscavets.designproject.be\/?page_id=150"},"modified":"2023-06-01T14:52:13","modified_gmt":"2023-06-01T14:52:13","slug":"femke-vandenbussche","status":"publish","type":"page","link":"https:\/\/iscavets.be\/fr\/femke-vandenbussche\/","title":{"rendered":"V\u00e9t\u00e9rinaire Femke"},"content":{"rendered":"\r\n<div class=\"wp-block-media-text alignwide is-stacked-on-mobile is-vertically-aligned-top is-image-fill\"><figure class=\"wp-block-media-text__media\" style=\"background-image:url(https:\/\/iscavets.be\/wp-content\/uploads\/2022\/11\/Iscavets-26-1024x683.jpg);background-position:46% 26%\"><img loading=\"lazy\" decoding=\"async\" width=\"1024\" height=\"683\" src=\"https:\/\/iscavets.be\/wp-content\/uploads\/2022\/11\/Iscavets-26-1024x683.jpg\" alt=\"\" class=\"wp-image-1319 size-full\" srcset=\"https:\/\/iscavets.be\/wp-content\/uploads\/2022\/11\/Iscavets-26-1024x683.jpg 1024w, https:\/\/iscavets.be\/wp-content\/uploads\/2022\/11\/Iscavets-26-300x200.jpg 300w, https:\/\/iscavets.be\/wp-content\/uploads\/2022\/11\/Iscavets-26-768x512.jpg 768w, https:\/\/iscavets.be\/wp-content\/uploads\/2022\/11\/Iscavets-26-1536x1024.jpg 1536w, https:\/\/iscavets.be\/wp-content\/uploads\/2022\/11\/Iscavets-26-2048x1365.jpg 2048w, https:\/\/iscavets.be\/wp-content\/uploads\/2022\/11\/Iscavets-26-930x620.jpg 930w, https:\/\/iscavets.be\/wp-content\/uploads\/2022\/11\/Iscavets-26-174x116.jpg 174w\" sizes=\"auto, (max-width: 1024px) 100vw, 1024px\" \/><\/figure><div class=\"wp-block-media-text__content\">\r\n<p>Femke Vandenbussche a obtenu son dipl\u00f4me de v\u00e9t\u00e9rinaire \u00e0 l&#8217;Universit\u00e9 de Gand en 2013, avec l&#8217;option &#8220;animaux de compagnie&#8221;. Apr\u00e8s ses \u00e9tudes, elle a travaill\u00e9 pendant deux ans dans une clinique v\u00e9t\u00e9rinaire sur la c\u00f4te et fait partie de l&#8217;\u00e9quipe d&#8217;Iscavets depuis d\u00e9cembre 2015. <\/p>\r\n\r\n\r\n\r\n<p>Femke s&#8217;occupe de vos amis \u00e0 quatre pattes avec beaucoup de d\u00e9vouement et d&#8217;enthousiasme, et vous pouvez la contacter pour des consultations et de l&#8217;imagerie m\u00e9dicale, en particulier l&#8217;\u00e9chographie abdominale.<\/p>\r\n\r\n\r\n\r\n<p>L&#8217;apprentissage tout au long de la vie est la devise de Femke, donc lorsqu&#8217;elle n&#8217;est pas au cabinet, elle est probablement en train de suivre un cours de perfectionnement en Belgique ou \u00e0 l&#8217;\u00e9tranger afin d&#8217;acqu\u00e9rir constamment les derni\u00e8res connaissances pour aider ses patients du mieux qu&#8217;elle peut.<\/p>\r\n\r\n\r\n\r\n<p>Pendant son temps libre, Femke aime le sport, la randonn\u00e9e, la cuisine et les voyages, en plus de passer du temps avec sa famille, avec son fils et avec son chat Oscar.<\/p>\r\n<\/div><\/div>\r\n","protected":false},"excerpt":{"rendered":"<p>Femke Vandenbussche a obtenu son dipl\u00f4me de v\u00e9t\u00e9rinaire \u00e0 l&#8217;Universit\u00e9 de Gand en 2013, avec l&#8217;option &#8220;animaux de compagnie&#8221;. Apr\u00e8s ses \u00e9tudes, elle a travaill\u00e9 pendant deux ans dans une clinique v\u00e9t\u00e9rinaire sur la c\u00f4te et fait partie de l&#8217;\u00e9quipe d&#8217;Iscavets depuis d\u00e9cembre 2015. Femke s&#8217;occupe de vos amis \u00e0 quatre pattes avec beaucoup de&hellip;&nbsp;<a href=\"https:\/\/iscavets.be\/fr\/femke-vandenbussche\/\" rel=\"bookmark\">Read More &raquo;<span class=\"screen-reader-text\">V\u00e9t\u00e9rinaire Femke<\/span><\/a><\/p>\n","protected":false},"author":1,"featured_media":0,"parent":0,"menu_order":0,"comment_status":"closed","ping_status":"closed","template":"","meta":{"neve_meta_sidebar":"","neve_meta_container":"","neve_meta_enable_content_width":"","neve_meta_content_width":0,"neve_meta_title_alignment":"","neve_meta_author_avatar":"","neve_post_elements_order":"","neve_meta_disable_header":"","neve_meta_disable_footer":"","neve_meta_disable_title":"","footnotes":""},"class_list":["post-150","page","type-page","status-publish","hentry"],"jetpack_sharing_enabled":true,"_links":{"self":[{"href":"https:\/\/iscavets.be\/fr\/wp-json\/wp\/v2\/pages\/150","targetHints":{"allow":["GET"]}}],"collection":[{"href":"https:\/\/iscavets.be\/fr\/wp-json\/wp\/v2\/pages"}],"about":[{"href":"https:\/\/iscavets.be\/fr\/wp-json\/wp\/v2\/types\/page"}],"author":[{"embeddable":true,"href":"https:\/\/iscavets.be\/fr\/wp-json\/wp\/v2\/users\/1"}],"replies":[{"embeddable":true,"href":"https:\/\/iscavets.be\/fr\/wp-json\/wp\/v2\/comments?post=150"}],"version-history":[{"count":16,"href":"https:\/\/iscavets.be\/fr\/wp-json\/wp\/v2\/pages\/150\/revisions"}],"predecessor-version":[{"id":2369,"href":"https:\/\/iscavets.be\/fr\/wp-json\/wp\/v2\/pages\/150\/revisions\/2369"}],"wp:attachment":[{"href":"https:\/\/iscavets.be\/fr\/wp-json\/wp\/v2\/media?parent=150"}],"curies":[{"name":"wp","href":"https:\/\/api.w.org\/{rel}","templated":true}]}}