{"id":145,"date":"2021-11-08T13:28:49","date_gmt":"2021-11-08T13:28:49","guid":{"rendered":"http:\/\/iscavets.designproject.be\/?page_id=145"},"modified":"2023-05-26T13:13:47","modified_gmt":"2023-05-26T13:13:47","slug":"team","status":"publish","type":"page","link":"https:\/\/iscavets.be\/fr\/team\/","title":{"rendered":"V\u00e9t\u00e9rinaire Cathy"},"content":{"rendered":"\r\n<div class=\"wp-block-media-text alignwide is-stacked-on-mobile is-image-fill\"><figure class=\"wp-block-media-text__media\" style=\"background-image:url(https:\/\/iscavets.be\/wp-content\/uploads\/2022\/11\/Iscavets-7-1-1024x683.jpg);background-position:50% 50%\"><img loading=\"lazy\" decoding=\"async\" width=\"1024\" height=\"683\" src=\"https:\/\/iscavets.be\/wp-content\/uploads\/2022\/11\/Iscavets-7-1-1024x683.jpg\" alt=\"\" class=\"wp-image-1317 size-full\" srcset=\"https:\/\/iscavets.be\/wp-content\/uploads\/2022\/11\/Iscavets-7-1-1024x683.jpg 1024w, https:\/\/iscavets.be\/wp-content\/uploads\/2022\/11\/Iscavets-7-1-300x200.jpg 300w, https:\/\/iscavets.be\/wp-content\/uploads\/2022\/11\/Iscavets-7-1-768x512.jpg 768w, https:\/\/iscavets.be\/wp-content\/uploads\/2022\/11\/Iscavets-7-1-1536x1024.jpg 1536w, https:\/\/iscavets.be\/wp-content\/uploads\/2022\/11\/Iscavets-7-1-2048x1365.jpg 2048w, https:\/\/iscavets.be\/wp-content\/uploads\/2022\/11\/Iscavets-7-1-930x620.jpg 930w, https:\/\/iscavets.be\/wp-content\/uploads\/2022\/11\/Iscavets-7-1-174x116.jpg 174w\" sizes=\"auto, (max-width: 1024px) 100vw, 1024px\" \/><\/figure><div class=\"wp-block-media-text__content\">\r\n<p>Cathy Tourlouse a obtenu son dipl\u00f4me en 1994. Au cours des neuf premi\u00e8res ann\u00e9es de sa carri\u00e8re, elle a acquis une exp\u00e9rience pratique en Belgique et \u00e0 l&#8217;\u00e9tranger. En 2003, elle a ouvert son propre cabinet v\u00e9t\u00e9rinaire \u00e0 Overijse, qui s&#8217;appellera plus tard Iscavets, et qui s&#8217;est d\u00e9velopp\u00e9 pour devenir le cabinet de groupe actuel.<\/p>\r\n\r\n\r\n\r\n<p>Cathy est membre du VDWE (Groupe de travail flamand sur l&#8217;\u00e9thologie v\u00e9t\u00e9rinaire). Elle en sait beaucoup sur le comportement et c&#8217;est elle qui est \u00e0 l&#8217;origine de l&#8217;approche respectueuse des animaux que nous adoptons \u00e0 l&#8217;\u00e9gard de nos patients.<br>En raison de son int\u00e9r\u00eat particulier pour les chats, elle est \u00e9galement membre de l&#8217;ISFM (International Society of Feline Medicine).<br>Elle aime prendre part aux op\u00e9rations, principalement pour les soins dentaires.<\/p>\r\n\r\n\r\n\r\n<p>En dehors de sa vie professionnelle, elle est fi\u00e8re d&#8217;\u00eatre la maman de trois enfants. Depuis peu, Lisa, sa petite fille, les a rejoints. Une jeune Omi, c&#8217;est le bonheur ! Son compagnon Marc a une affinit\u00e9 particuli\u00e8re avec les animaux et on le retrouve donc r\u00e9guli\u00e8rement au cabinet. Taiga, le chien le plus beau et le plus doux du monde, compl\u00e8te la famille. Pendant son temps libre, elle aime se baigner avec son compagnon et faire preuve de cr\u00e9ativit\u00e9.<\/p>\r\n<\/div><\/div>\r\n","protected":false},"excerpt":{"rendered":"<p>Cathy Tourlouse a obtenu son dipl\u00f4me en 1994. Au cours des neuf premi\u00e8res ann\u00e9es de sa carri\u00e8re, elle a acquis une exp\u00e9rience pratique en Belgique et \u00e0 l&#8217;\u00e9tranger. En 2003, elle a ouvert son propre cabinet v\u00e9t\u00e9rinaire \u00e0 Overijse, qui s&#8217;appellera plus tard Iscavets, et qui s&#8217;est d\u00e9velopp\u00e9 pour devenir le cabinet de groupe actuel.&hellip;&nbsp;<a href=\"https:\/\/iscavets.be\/fr\/team\/\" rel=\"bookmark\">Read More &raquo;<span class=\"screen-reader-text\">V\u00e9t\u00e9rinaire Cathy<\/span><\/a><\/p>\n","protected":false},"author":1,"featured_media":0,"parent":0,"menu_order":0,"comment_status":"closed","ping_status":"closed","template":"","meta":{"neve_meta_sidebar":"","neve_meta_container":"","neve_meta_enable_content_width":"","neve_meta_content_width":0,"neve_meta_title_alignment":"","neve_meta_author_avatar":"","neve_post_elements_order":"","neve_meta_disable_header":"","neve_meta_disable_footer":"","neve_meta_disable_title":"","footnotes":""},"class_list":["post-145","page","type-page","status-publish","hentry"],"jetpack_sharing_enabled":true,"_links":{"self":[{"href":"https:\/\/iscavets.be\/fr\/wp-json\/wp\/v2\/pages\/145","targetHints":{"allow":["GET"]}}],"collection":[{"href":"https:\/\/iscavets.be\/fr\/wp-json\/wp\/v2\/pages"}],"about":[{"href":"https:\/\/iscavets.be\/fr\/wp-json\/wp\/v2\/types\/page"}],"author":[{"embeddable":true,"href":"https:\/\/iscavets.be\/fr\/wp-json\/wp\/v2\/users\/1"}],"replies":[{"embeddable":true,"href":"https:\/\/iscavets.be\/fr\/wp-json\/wp\/v2\/comments?post=145"}],"version-history":[{"count":11,"href":"https:\/\/iscavets.be\/fr\/wp-json\/wp\/v2\/pages\/145\/revisions"}],"predecessor-version":[{"id":2358,"href":"https:\/\/iscavets.be\/fr\/wp-json\/wp\/v2\/pages\/145\/revisions\/2358"}],"wp:attachment":[{"href":"https:\/\/iscavets.be\/fr\/wp-json\/wp\/v2\/media?parent=145"}],"curies":[{"name":"wp","href":"https:\/\/api.w.org\/{rel}","templated":true}]}}