{"id":1350,"date":"2022-11-30T14:54:32","date_gmt":"2022-11-30T14:54:32","guid":{"rendered":"http:\/\/iscavets.designproject.be\/?page_id=1350"},"modified":"2026-01-09T16:54:01","modified_gmt":"2026-01-09T15:54:01","slug":"stagiaire-ines","status":"publish","type":"page","link":"https:\/\/iscavets.be\/fr\/stagiaire-ines\/","title":{"rendered":"\u00c9tudiante Perrine"},"content":{"rendered":"\r\n<div class=\"wp-block-media-text alignwide is-stacked-on-mobile\"><figure class=\"wp-block-media-text__media\"><img loading=\"lazy\" decoding=\"async\" width=\"557\" height=\"1024\" src=\"https:\/\/iscavets.be\/wp-content\/uploads\/2026\/01\/PV-website-557x1024.jpg\" alt=\"\" class=\"wp-image-2532 size-full\" srcset=\"https:\/\/iscavets.be\/wp-content\/uploads\/2026\/01\/PV-website-557x1024.jpg 557w, https:\/\/iscavets.be\/wp-content\/uploads\/2026\/01\/PV-website-163x300.jpg 163w, https:\/\/iscavets.be\/wp-content\/uploads\/2026\/01\/PV-website-768x1411.jpg 768w, https:\/\/iscavets.be\/wp-content\/uploads\/2026\/01\/PV-website-836x1536.jpg 836w, https:\/\/iscavets.be\/wp-content\/uploads\/2026\/01\/PV-website-1114x2048.jpg 1114w, https:\/\/iscavets.be\/wp-content\/uploads\/2026\/01\/PV-website-63x116.jpg 63w, https:\/\/iscavets.be\/wp-content\/uploads\/2026\/01\/PV-website-scaled.jpg 1393w\" sizes=\"auto, (max-width: 557px) 100vw, 557px\" \/><\/figure><div class=\"wp-block-media-text__content\">\r\n<p>Perrine est v\u00e9t\u00e9rinaire en formation et vous pouvez la rencontrer le samedi matin et pendant les p\u00e9riodes de vacances. Elle est en premier master et a donc fait la moiti\u00e9 du chemin !<\/p>\r\n<\/div><\/div>\r\n","protected":false},"excerpt":{"rendered":"<p>Perrine est v\u00e9t\u00e9rinaire en formation et vous pouvez la rencontrer le samedi matin et pendant les p\u00e9riodes de vacances. Elle est en premier master et a donc fait la moiti\u00e9 du chemin !<\/p>\n","protected":false},"author":2,"featured_media":0,"parent":0,"menu_order":0,"comment_status":"closed","ping_status":"closed","template":"","meta":{"neve_meta_sidebar":"","neve_meta_container":"","neve_meta_enable_content_width":"","neve_meta_content_width":0,"neve_meta_title_alignment":"","neve_meta_author_avatar":"","neve_post_elements_order":"","neve_meta_disable_header":"","neve_meta_disable_footer":"","neve_meta_disable_title":"","footnotes":""},"class_list":["post-1350","page","type-page","status-publish","hentry"],"jetpack_sharing_enabled":true,"_links":{"self":[{"href":"https:\/\/iscavets.be\/fr\/wp-json\/wp\/v2\/pages\/1350","targetHints":{"allow":["GET"]}}],"collection":[{"href":"https:\/\/iscavets.be\/fr\/wp-json\/wp\/v2\/pages"}],"about":[{"href":"https:\/\/iscavets.be\/fr\/wp-json\/wp\/v2\/types\/page"}],"author":[{"embeddable":true,"href":"https:\/\/iscavets.be\/fr\/wp-json\/wp\/v2\/users\/2"}],"replies":[{"embeddable":true,"href":"https:\/\/iscavets.be\/fr\/wp-json\/wp\/v2\/comments?post=1350"}],"version-history":[{"count":8,"href":"https:\/\/iscavets.be\/fr\/wp-json\/wp\/v2\/pages\/1350\/revisions"}],"predecessor-version":[{"id":2533,"href":"https:\/\/iscavets.be\/fr\/wp-json\/wp\/v2\/pages\/1350\/revisions\/2533"}],"wp:attachment":[{"href":"https:\/\/iscavets.be\/fr\/wp-json\/wp\/v2\/media?parent=1350"}],"curies":[{"name":"wp","href":"https:\/\/api.w.org\/{rel}","templated":true}]}}