{"id":1277,"date":"2022-11-15T13:35:45","date_gmt":"2022-11-15T13:35:45","guid":{"rendered":"http:\/\/iscavets.designproject.be\/?page_id=1277"},"modified":"2026-04-02T11:57:59","modified_gmt":"2026-04-02T09:57:59","slug":"dierenarts-kara","status":"publish","type":"page","link":"https:\/\/iscavets.be\/fr\/dierenarts-kara\/","title":{"rendered":"V\u00e9t\u00e9rinaire Kara"},"content":{"rendered":"\r\n<p><\/p>\r\n\r\n\r\n\r\n<div class=\"wp-block-media-text alignwide is-stacked-on-mobile is-image-fill-element\" style=\"grid-template-columns:49% auto\"><figure class=\"wp-block-media-text__media\"><img loading=\"lazy\" decoding=\"async\" width=\"1024\" height=\"683\" src=\"https:\/\/iscavets.be\/wp-content\/uploads\/2026\/01\/Kara-website-1024x683.jpg\" alt=\"\" class=\"wp-image-2529 size-full\" style=\"object-position:50% 50%\" srcset=\"https:\/\/iscavets.be\/wp-content\/uploads\/2026\/01\/Kara-website-1024x683.jpg 1024w, https:\/\/iscavets.be\/wp-content\/uploads\/2026\/01\/Kara-website-300x200.jpg 300w, https:\/\/iscavets.be\/wp-content\/uploads\/2026\/01\/Kara-website-768x512.jpg 768w, https:\/\/iscavets.be\/wp-content\/uploads\/2026\/01\/Kara-website-1536x1024.jpg 1536w, https:\/\/iscavets.be\/wp-content\/uploads\/2026\/01\/Kara-website-2048x1365.jpg 2048w, https:\/\/iscavets.be\/wp-content\/uploads\/2026\/01\/Kara-website-930x620.jpg 930w, https:\/\/iscavets.be\/wp-content\/uploads\/2026\/01\/Kara-website-174x116.jpg 174w\" sizes=\"auto, (max-width: 1024px) 100vw, 1024px\" \/><\/figure><div class=\"wp-block-media-text__content\">\r\n<p>Kara est notre nouvelle coll\u00e8gue v\u00e9t\u00e9rinaire. Elle a obtenu son dipl\u00f4me en 2012 et poss\u00e8de une tr\u00e8s riche exp\u00e9rience en Belgique et surtout au Royaume-Uni. <\/p>\r\n\r\n\r\n\r\n<p>Mais l&#8217;attrait de la patrie s&#8217;est av\u00e9r\u00e9 plus grand. Ses attentes en mati\u00e8re de bonne m\u00e9decine v\u00e9t\u00e9rinaire correspondaient parfaitement \u00e0 l&#8217;approche, aux valeurs, aux connaissances et \u00e0 l&#8217;\u00e9quipement d&#8217;Iscavets. <\/p>\r\n\r\n\r\n\r\n<p>Outre les consultations, elle prend en charge les op\u00e9rations chirurgicales et envisage de se consacrer davantage \u00e0 la dentisterie. Enfin, elle est trilingue.<\/p>\r\n\r\n\r\n\r\n<p><\/p>\r\n<\/div><\/div>\r\n\r\n\r\n\r\n<p><\/p>\r\n\r\n\r\n\r\n<p><\/p>\r\n","protected":false},"excerpt":{"rendered":"<p>Kara est notre nouvelle coll\u00e8gue v\u00e9t\u00e9rinaire. Elle a obtenu son dipl\u00f4me en 2012 et poss\u00e8de une tr\u00e8s riche exp\u00e9rience en Belgique et surtout au Royaume-Uni. Mais l&#8217;attrait de la patrie s&#8217;est av\u00e9r\u00e9 plus grand. Ses attentes en mati\u00e8re de bonne m\u00e9decine v\u00e9t\u00e9rinaire correspondaient parfaitement \u00e0 l&#8217;approche, aux valeurs, aux connaissances et \u00e0 l&#8217;\u00e9quipement d&#8217;Iscavets. Outre&hellip;&nbsp;<a href=\"https:\/\/iscavets.be\/fr\/dierenarts-kara\/\" rel=\"bookmark\">Read More &raquo;<span class=\"screen-reader-text\">V\u00e9t\u00e9rinaire Kara<\/span><\/a><\/p>\n","protected":false},"author":2,"featured_media":0,"parent":0,"menu_order":0,"comment_status":"closed","ping_status":"closed","template":"","meta":{"neve_meta_sidebar":"","neve_meta_container":"","neve_meta_enable_content_width":"","neve_meta_content_width":0,"neve_meta_title_alignment":"","neve_meta_author_avatar":"","neve_post_elements_order":"","neve_meta_disable_header":"","neve_meta_disable_footer":"","neve_meta_disable_title":"","footnotes":""},"class_list":["post-1277","page","type-page","status-publish","hentry"],"jetpack_sharing_enabled":true,"_links":{"self":[{"href":"https:\/\/iscavets.be\/fr\/wp-json\/wp\/v2\/pages\/1277","targetHints":{"allow":["GET"]}}],"collection":[{"href":"https:\/\/iscavets.be\/fr\/wp-json\/wp\/v2\/pages"}],"about":[{"href":"https:\/\/iscavets.be\/fr\/wp-json\/wp\/v2\/types\/page"}],"author":[{"embeddable":true,"href":"https:\/\/iscavets.be\/fr\/wp-json\/wp\/v2\/users\/2"}],"replies":[{"embeddable":true,"href":"https:\/\/iscavets.be\/fr\/wp-json\/wp\/v2\/comments?post=1277"}],"version-history":[{"count":16,"href":"https:\/\/iscavets.be\/fr\/wp-json\/wp\/v2\/pages\/1277\/revisions"}],"predecessor-version":[{"id":2530,"href":"https:\/\/iscavets.be\/fr\/wp-json\/wp\/v2\/pages\/1277\/revisions\/2530"}],"wp:attachment":[{"href":"https:\/\/iscavets.be\/fr\/wp-json\/wp\/v2\/media?parent=1277"}],"curies":[{"name":"wp","href":"https:\/\/api.w.org\/{rel}","templated":true}]}}