{"id":1272,"date":"2022-11-15T13:32:53","date_gmt":"2022-11-15T13:32:53","guid":{"rendered":"http:\/\/iscavets.designproject.be\/?page_id=1272"},"modified":"2023-10-27T14:53:11","modified_gmt":"2023-10-27T12:53:11","slug":"studente-juliette","status":"publish","type":"page","link":"https:\/\/iscavets.be\/fr\/studente-juliette\/","title":{"rendered":"\u00c9tudiante Juliette"},"content":{"rendered":"\r\n<div class=\"wp-block-media-text alignwide is-stacked-on-mobile is-image-fill\"><figure class=\"wp-block-media-text__media\" style=\"background-image:url(https:\/\/iscavets.be\/wp-content\/uploads\/2022\/11\/IMG_4190-768x1024.jpg);background-position:54% 28%\"><img loading=\"lazy\" decoding=\"async\" width=\"768\" height=\"1024\" src=\"https:\/\/iscavets.be\/wp-content\/uploads\/2022\/11\/IMG_4190-768x1024.jpg\" alt=\"\" class=\"wp-image-1335 size-full\" srcset=\"https:\/\/iscavets.be\/wp-content\/uploads\/2022\/11\/IMG_4190-768x1024.jpg 768w, https:\/\/iscavets.be\/wp-content\/uploads\/2022\/11\/IMG_4190-225x300.jpg 225w, https:\/\/iscavets.be\/wp-content\/uploads\/2022\/11\/IMG_4190-1152x1536.jpg 1152w, https:\/\/iscavets.be\/wp-content\/uploads\/2022\/11\/IMG_4190-1536x2048.jpg 1536w, https:\/\/iscavets.be\/wp-content\/uploads\/2022\/11\/IMG_4190-87x116.jpg 87w, https:\/\/iscavets.be\/wp-content\/uploads\/2022\/11\/IMG_4190-scaled.jpg 1920w\" sizes=\"auto, (max-width: 768px) 100vw, 768px\" \/><\/figure><div class=\"wp-block-media-text__content\">\r\n<p>Juliette est v\u00e9t\u00e9rinaire en formation et vous pouvez la rencontrer le samedi matin et pendant les p\u00e9riodes de vacances. Elle est en premier master et a donc fait la moiti\u00e9 du chemin !<\/p>\r\n<\/div><\/div>\r\n","protected":false},"excerpt":{"rendered":"<p>Juliette est v\u00e9t\u00e9rinaire en formation et vous pouvez la rencontrer le samedi matin et pendant les p\u00e9riodes de vacances. Elle est en premier master et a donc fait la moiti\u00e9 du chemin !<\/p>\n","protected":false},"author":2,"featured_media":0,"parent":0,"menu_order":0,"comment_status":"closed","ping_status":"closed","template":"","meta":{"neve_meta_sidebar":"","neve_meta_container":"","neve_meta_enable_content_width":"","neve_meta_content_width":0,"neve_meta_title_alignment":"","neve_meta_author_avatar":"","neve_post_elements_order":"","neve_meta_disable_header":"","neve_meta_disable_footer":"","neve_meta_disable_title":"","footnotes":""},"class_list":["post-1272","page","type-page","status-publish","hentry"],"jetpack_sharing_enabled":true,"_links":{"self":[{"href":"https:\/\/iscavets.be\/fr\/wp-json\/wp\/v2\/pages\/1272","targetHints":{"allow":["GET"]}}],"collection":[{"href":"https:\/\/iscavets.be\/fr\/wp-json\/wp\/v2\/pages"}],"about":[{"href":"https:\/\/iscavets.be\/fr\/wp-json\/wp\/v2\/types\/page"}],"author":[{"embeddable":true,"href":"https:\/\/iscavets.be\/fr\/wp-json\/wp\/v2\/users\/2"}],"replies":[{"embeddable":true,"href":"https:\/\/iscavets.be\/fr\/wp-json\/wp\/v2\/comments?post=1272"}],"version-history":[{"count":8,"href":"https:\/\/iscavets.be\/fr\/wp-json\/wp\/v2\/pages\/1272\/revisions"}],"predecessor-version":[{"id":2417,"href":"https:\/\/iscavets.be\/fr\/wp-json\/wp\/v2\/pages\/1272\/revisions\/2417"}],"wp:attachment":[{"href":"https:\/\/iscavets.be\/fr\/wp-json\/wp\/v2\/media?parent=1272"}],"curies":[{"name":"wp","href":"https:\/\/api.w.org\/{rel}","templated":true}]}}