{"id":1204,"date":"2022-10-07T11:47:38","date_gmt":"2022-10-07T11:47:38","guid":{"rendered":"http:\/\/iscavets.designproject.be\/?page_id=1204"},"modified":"2023-06-13T13:30:46","modified_gmt":"2023-06-13T13:30:46","slug":"gewichtsopvolging","status":"publish","type":"page","link":"https:\/\/iscavets.be\/fr\/suivi-du-poids\/","title":{"rendered":"Contr\u00f4le du poids"},"content":{"rendered":"\r\n<p>Un contr\u00f4le objectif et r\u00e9gulier du poids est tr\u00e8s important pour tout animal. En tant que propri\u00e9taire, vous voyez votre animal tous les jours et les changements graduels ne sont donc pas tr\u00e8s perceptibles.<br>Le suivi de la courbe de croissance d&#8217;un jeune animal est particuli\u00e8rement utile. Un chiot para\u00eet toujours un peu maigre, m\u00eame s&#8217;il est suraliment\u00e9. Pourtant, un exc\u00e8s de nutriments peut engendrer une croissance trop rapide qui entra\u00eene une croissance de moins bonne qualit\u00e9 qui peut contribuer \u00e0 des douleurs de croissance ou \u00e0 diverses dysplasies.<br>L&#8217;ob\u00e9sit\u00e9, quant \u00e0 elle, est aussi meurtri\u00e8re que pour nous. Les risques sont nombreux : diab\u00e8te, probl\u00e8mes urinaires, st\u00e9atose h\u00e9patique, rupture des ligaments crois\u00e9s, diminution de l&#8217;endurance, pelage de moins bonne qualit\u00e9, baisse de l&#8217;immunit\u00e9, risque accru d&#8217;anesth\u00e9sie, hernie&#8230; L&#8217;ob\u00e9sit\u00e9 peut \u00e9galement aggraver des probl\u00e8mes existants (arthrose, insuffisance cardiaque).<br>Une insuffisance pond\u00e9rale ou une perte de poids inattendue est toujours un signe d&#8217;alarme. Cela indique un probl\u00e8me sous-jacent qui n\u00e9cessite une investigation plus pouss\u00e9e.<br>C&#8217;est pourquoi nous pesons votre animal \u00e0 chaque visite. Cela nous permet de proc\u00e9der \u00e0 des ajustements en temps voulu ou de tirer la sonnette d&#8217;alarme \u00e0 temps. Parfois, nous proposons un programme de suivi du poids. Ce service est enti\u00e8rement gratuit pour les personnes qui ach\u00e8tent leur nourriture chez nous.<\/p>\r\n\r\n\r\n\r\n<div class=\"wp-block-cover is-light\" style=\"min-height:797px;aspect-ratio:unset;\"><span aria-hidden=\"true\" class=\"wp-block-cover__background has-background-dim-0 has-background-dim\"><\/span><img loading=\"lazy\" decoding=\"async\" width=\"1696\" height=\"2560\" class=\"wp-block-cover__image-background wp-image-2080\" alt=\"\" src=\"https:\/\/iscavets.be\/wp-content\/uploads\/2023\/01\/DSC_0411-2-scaled.jpg\" style=\"object-position:52% 84%\" data-object-fit=\"cover\" data-object-position=\"52% 84%\" srcset=\"https:\/\/iscavets.be\/wp-content\/uploads\/2023\/01\/DSC_0411-2-scaled.jpg 1696w, https:\/\/iscavets.be\/wp-content\/uploads\/2023\/01\/DSC_0411-2-199x300.jpg 199w, https:\/\/iscavets.be\/wp-content\/uploads\/2023\/01\/DSC_0411-2-678x1024.jpg 678w, https:\/\/iscavets.be\/wp-content\/uploads\/2023\/01\/DSC_0411-2-768x1160.jpg 768w, https:\/\/iscavets.be\/wp-content\/uploads\/2023\/01\/DSC_0411-2-1017x1536.jpg 1017w, https:\/\/iscavets.be\/wp-content\/uploads\/2023\/01\/DSC_0411-2-1356x2048.jpg 1356w, https:\/\/iscavets.be\/wp-content\/uploads\/2023\/01\/DSC_0411-2-77x116.jpg 77w\" sizes=\"auto, (max-width: 1696px) 100vw, 1696px\" \/><div class=\"wp-block-cover__inner-container is-layout-flow wp-block-cover-is-layout-flow\">\r\n<p class=\"has-text-align-center has-large-font-size\"><\/p>\r\n<\/div><\/div>\r\n","protected":false},"excerpt":{"rendered":"<p>Un contr\u00f4le objectif et r\u00e9gulier du poids est tr\u00e8s important pour tout animal. En tant que propri\u00e9taire, vous voyez votre animal tous les jours et les changements graduels ne sont donc pas tr\u00e8s perceptibles.Le suivi de la courbe de croissance d&#8217;un jeune animal est particuli\u00e8rement utile. Un chiot para\u00eet toujours un peu maigre, m\u00eame s&#8217;il&hellip;&nbsp;<a href=\"https:\/\/iscavets.be\/fr\/suivi-du-poids\/\" rel=\"bookmark\">Read More &raquo;<span class=\"screen-reader-text\">Contr\u00f4le du poids<\/span><\/a><\/p>\n","protected":false},"author":2,"featured_media":0,"parent":0,"menu_order":0,"comment_status":"closed","ping_status":"closed","template":"","meta":{"neve_meta_sidebar":"","neve_meta_container":"","neve_meta_enable_content_width":"","neve_meta_content_width":0,"neve_meta_title_alignment":"","neve_meta_author_avatar":"","neve_post_elements_order":"","neve_meta_disable_header":"","neve_meta_disable_footer":"","neve_meta_disable_title":"","footnotes":""},"class_list":["post-1204","page","type-page","status-publish","hentry"],"jetpack_sharing_enabled":true,"_links":{"self":[{"href":"https:\/\/iscavets.be\/fr\/wp-json\/wp\/v2\/pages\/1204","targetHints":{"allow":["GET"]}}],"collection":[{"href":"https:\/\/iscavets.be\/fr\/wp-json\/wp\/v2\/pages"}],"about":[{"href":"https:\/\/iscavets.be\/fr\/wp-json\/wp\/v2\/types\/page"}],"author":[{"embeddable":true,"href":"https:\/\/iscavets.be\/fr\/wp-json\/wp\/v2\/users\/2"}],"replies":[{"embeddable":true,"href":"https:\/\/iscavets.be\/fr\/wp-json\/wp\/v2\/comments?post=1204"}],"version-history":[{"count":6,"href":"https:\/\/iscavets.be\/fr\/wp-json\/wp\/v2\/pages\/1204\/revisions"}],"predecessor-version":[{"id":2390,"href":"https:\/\/iscavets.be\/fr\/wp-json\/wp\/v2\/pages\/1204\/revisions\/2390"}],"wp:attachment":[{"href":"https:\/\/iscavets.be\/fr\/wp-json\/wp\/v2\/media?parent=1204"}],"curies":[{"name":"wp","href":"https:\/\/api.w.org\/{rel}","templated":true}]}}