{"id":120,"date":"2021-11-08T12:18:05","date_gmt":"2021-11-08T12:18:05","guid":{"rendered":"http:\/\/iscavets.designproject.be\/?page_id=120"},"modified":"2022-12-14T08:15:10","modified_gmt":"2022-12-14T08:15:10","slug":"praktijkfilosofie","status":"publish","type":"page","link":"https:\/\/iscavets.be\/fr\/praktijkfilosofie\/","title":{"rendered":"Philosophie de la pratique"},"content":{"rendered":"\r\n<p><\/p>\r\n\r\n\r\n\r\n<h3 class=\"alignwide has-text-align-center has-medium-font-size wp-block-heading\">Un cabinet qui a du c\u0153ur <br>une vie longue et saine pour votre animal<br>C&#8217;EST CE QUE NOUS FAISONS ENSEMBLE<\/h3>\r\n\r\n\r\n\r\n<p><\/p>\r\n\r\n\r\n\r\n<p>Notre \u00e9quipe de v\u00e9t\u00e9rinaires travaille avec le c\u0153ur et l&#8217;\u00e2me et en rayonne, aid\u00e9e par nos assistantes. Une \u00e9quipe au top!<br>L&#8217;homme et l&#8217;animal, nous les portons dans notre c\u0153ur. Nous aimons en faire une relation triangulaire. Il y a votre animal en tant que patient. Il y a vous et de votre famille. Et il y a nos connaissances et notre expertise. C&#8217;est pr\u00e9cis\u00e9ment pour cela que nous aimons parler. Nous prenons le temps de recueillir les ant\u00e9c\u00e9dents de votre animal, de lui \u00e9viter le plus de stress possible, de proc\u00e9der \u00e0 un examen approfondi et de discuter avec vous de nos conclusions et d&#8217;un plan d&#8217;action. <br>Ce n&#8217;est qu&#8217;ainsi que nous pourrons traduire le langage des animaux en informations utiles.<br>Ce n&#8217;est qu&#8217;ainsi que nous pourrons vous guider dans un choix r\u00e9fl\u00e9chi, sans rien vous imposer. <br>Ce n&#8217;est qu&#8217;ainsi que nous pouvons vous proposer une approche qui soit \u00e9galement r\u00e9alisable.<\/p>\r\n\r\n\r\n\r\n<p><\/p>\r\n\r\n\r\n\r\n<p>Nous \u00e9tudions en permanence pour rester au fait des derni\u00e8res \u00e9volutions de la m\u00e9decine v\u00e9t\u00e9rinaire. Rester immobile, c&#8217;est reculer : apprendre tout au long de la vie, telle est notre devise ! C&#8217;est pr\u00e9cis\u00e9ment pour cette raison que nous pouvons offrir \u00e0 votre animal de compagnie des soins optimaux.<\/p>\r\n\r\n\r\n\r\n<p>Nous avons donc quelques cerveaux et quelques mains qui nous aident. Mais les d\u00e9placements et l&#8217;imposition des mains appartiennent au pass\u00e9. Nous sommes donc fiers de travailler dans un cabinet bien \u00e9quip\u00e9, ce qui signifie que la plupart des examens et des interventions sont effectu\u00e9s dans le cabinet m\u00eame. Pour les examens sp\u00e9cialis\u00e9s ou les op\u00e9rations complexes, nous avons soigneusement s\u00e9lectionn\u00e9 une \u00e9quipe de coll\u00e8gues sp\u00e9cialis\u00e9s. Certains viennent dans notre cabinet. Si ce n&#8217;est pas possible nous vous r\u00e9f\u00e9rerons vers un sp\u00e9cialiste adapt\u00e9 aux besoins de votre animal.<\/p>\r\n\r\n\r\n\r\n<p><\/p>\r\n\r\n\r\n\r\n<figure class=\"wp-block-image size-large\"><img loading=\"lazy\" decoding=\"async\" width=\"1024\" height=\"678\" src=\"http:\/\/iscavets.designproject.be\/wp-content\/uploads\/2022\/12\/24-1024x678.jpg\" alt=\"\" class=\"wp-image-1473\" srcset=\"https:\/\/iscavets.be\/wp-content\/uploads\/2022\/12\/24-1024x678.jpg 1024w, https:\/\/iscavets.be\/wp-content\/uploads\/2022\/12\/24-300x199.jpg 300w, https:\/\/iscavets.be\/wp-content\/uploads\/2022\/12\/24-768x509.jpg 768w, https:\/\/iscavets.be\/wp-content\/uploads\/2022\/12\/24-1536x1017.jpg 1536w, https:\/\/iscavets.be\/wp-content\/uploads\/2022\/12\/24-2048x1356.jpg 2048w, https:\/\/iscavets.be\/wp-content\/uploads\/2022\/12\/24-175x116.jpg 175w\" sizes=\"auto, (max-width: 1024px) 100vw, 1024px\" \/><\/figure>\r\n","protected":false},"excerpt":{"rendered":"<p>Un cabinet qui a du c\u0153ur une vie longue et saine pour votre animalC&#8217;EST CE QUE NOUS FAISONS ENSEMBLE Notre \u00e9quipe de v\u00e9t\u00e9rinaires travaille avec le c\u0153ur et l&#8217;\u00e2me et en rayonne, aid\u00e9e par nos assistantes. Une \u00e9quipe au top!L&#8217;homme et l&#8217;animal, nous les portons dans notre c\u0153ur. Nous aimons en faire une relation triangulaire.&hellip;&nbsp;<a href=\"https:\/\/iscavets.be\/fr\/praktijkfilosofie\/\" rel=\"bookmark\">Read More &raquo;<span class=\"screen-reader-text\">Philosophie de la pratique<\/span><\/a><\/p>\n","protected":false},"author":1,"featured_media":0,"parent":0,"menu_order":0,"comment_status":"closed","ping_status":"closed","template":"","meta":{"neve_meta_sidebar":"right","neve_meta_container":"","neve_meta_enable_content_width":"on","neve_meta_content_width":70,"neve_meta_title_alignment":"center","neve_meta_author_avatar":"","neve_post_elements_order":"","neve_meta_disable_header":"off","neve_meta_disable_footer":"","neve_meta_disable_title":"","footnotes":""},"class_list":["post-120","page","type-page","status-publish","hentry"],"jetpack_sharing_enabled":true,"_links":{"self":[{"href":"https:\/\/iscavets.be\/fr\/wp-json\/wp\/v2\/pages\/120","targetHints":{"allow":["GET"]}}],"collection":[{"href":"https:\/\/iscavets.be\/fr\/wp-json\/wp\/v2\/pages"}],"about":[{"href":"https:\/\/iscavets.be\/fr\/wp-json\/wp\/v2\/types\/page"}],"author":[{"embeddable":true,"href":"https:\/\/iscavets.be\/fr\/wp-json\/wp\/v2\/users\/1"}],"replies":[{"embeddable":true,"href":"https:\/\/iscavets.be\/fr\/wp-json\/wp\/v2\/comments?post=120"}],"version-history":[{"count":25,"href":"https:\/\/iscavets.be\/fr\/wp-json\/wp\/v2\/pages\/120\/revisions"}],"predecessor-version":[{"id":1474,"href":"https:\/\/iscavets.be\/fr\/wp-json\/wp\/v2\/pages\/120\/revisions\/1474"}],"wp:attachment":[{"href":"https:\/\/iscavets.be\/fr\/wp-json\/wp\/v2\/media?parent=120"}],"curies":[{"name":"wp","href":"https:\/\/api.w.org\/{rel}","templated":true}]}}