{"id":1182,"date":"2022-10-05T07:45:01","date_gmt":"2022-10-05T07:45:01","guid":{"rendered":"http:\/\/iscavets.designproject.be\/?page_id=1182"},"modified":"2023-01-25T13:34:21","modified_gmt":"2023-01-25T13:34:21","slug":"oogdrukmeting","status":"publish","type":"page","link":"https:\/\/iscavets.be\/fr\/oogdrukmeting\/","title":{"rendered":"Mesure de la pression oculaire"},"content":{"rendered":"\r\n<p>Les animaux peuvent d\u00e9velopper divers probl\u00e8mes oculaires. L&#8217;un des tests effectu\u00e9s pour parvenir \u00e0 un diagnostic et \u00e0 un traitement cibl\u00e9 est la mesure de la pression intra-oculaire. La pression intra-oculaire peut \u00eatre diminu\u00e9e, par exemple en cas d&#8217;inflammation de l&#8217;iris, ou \u00e9lev\u00e9e en cas de glaucome. Dans les deux cas, elle peut entra\u00eener la perte de la vision, voire de l&#8217;\u0153il, si le probl\u00e8me n&#8217;estpas diagnostiqu\u00e9 \u00e0 temps.<br>Pour mesurer la pression dans l&#8217;\u0153il, nous utilisons une jauge de pression oculaire, le TonoVet\u00ae. Il s&#8217;agit d&#8217;un moyen simple et indolore d&#8217;obtenir une mesure fiable en quelques minutes.<\/p>\r\n\r\n\r\n\r\n<div class=\"wp-block-cover is-light\" style=\"min-height:443px;aspect-ratio:unset;\"><span aria-hidden=\"true\" class=\"wp-block-cover__background has-background-dim-0 has-background-dim\"><\/span><img loading=\"lazy\" decoding=\"async\" width=\"1024\" height=\"678\" class=\"wp-block-cover__image-background wp-image-2146\" alt=\"\" src=\"https:\/\/iscavets.designproject.be\/wp-content\/uploads\/2023\/01\/DSC_0471-1024x678.jpg\" style=\"object-position:50% 21%\" data-object-fit=\"cover\" data-object-position=\"50% 21%\" srcset=\"https:\/\/iscavets.be\/wp-content\/uploads\/2023\/01\/DSC_0471-1024x678.jpg 1024w, https:\/\/iscavets.be\/wp-content\/uploads\/2023\/01\/DSC_0471-300x199.jpg 300w, https:\/\/iscavets.be\/wp-content\/uploads\/2023\/01\/DSC_0471-768x509.jpg 768w, https:\/\/iscavets.be\/wp-content\/uploads\/2023\/01\/DSC_0471-1536x1017.jpg 1536w, https:\/\/iscavets.be\/wp-content\/uploads\/2023\/01\/DSC_0471-2048x1356.jpg 2048w, https:\/\/iscavets.be\/wp-content\/uploads\/2023\/01\/DSC_0471-175x116.jpg 175w\" sizes=\"auto, (max-width: 1024px) 100vw, 1024px\" \/><div class=\"wp-block-cover__inner-container is-layout-flow wp-block-cover-is-layout-flow\">\r\n<p class=\"has-text-align-center has-large-font-size\"><\/p>\r\n<\/div><\/div>\r\n","protected":false},"excerpt":{"rendered":"<p>Les animaux peuvent d\u00e9velopper divers probl\u00e8mes oculaires. L&#8217;un des tests effectu\u00e9s pour parvenir \u00e0 un diagnostic et \u00e0 un traitement cibl\u00e9 est la mesure de la pression intra-oculaire. La pression intra-oculaire peut \u00eatre diminu\u00e9e, par exemple en cas d&#8217;inflammation de l&#8217;iris, ou \u00e9lev\u00e9e en cas de glaucome. Dans les deux cas, elle peut entra\u00eener la&hellip;&nbsp;<a href=\"https:\/\/iscavets.be\/fr\/oogdrukmeting\/\" rel=\"bookmark\">Read More &raquo;<span class=\"screen-reader-text\">Mesure de la pression oculaire<\/span><\/a><\/p>\n","protected":false},"author":2,"featured_media":0,"parent":0,"menu_order":0,"comment_status":"closed","ping_status":"closed","template":"","meta":{"neve_meta_sidebar":"","neve_meta_container":"","neve_meta_enable_content_width":"","neve_meta_content_width":0,"neve_meta_title_alignment":"","neve_meta_author_avatar":"","neve_post_elements_order":"","neve_meta_disable_header":"","neve_meta_disable_footer":"","neve_meta_disable_title":"","footnotes":""},"class_list":["post-1182","page","type-page","status-publish","hentry"],"jetpack_sharing_enabled":true,"_links":{"self":[{"href":"https:\/\/iscavets.be\/fr\/wp-json\/wp\/v2\/pages\/1182","targetHints":{"allow":["GET"]}}],"collection":[{"href":"https:\/\/iscavets.be\/fr\/wp-json\/wp\/v2\/pages"}],"about":[{"href":"https:\/\/iscavets.be\/fr\/wp-json\/wp\/v2\/types\/page"}],"author":[{"embeddable":true,"href":"https:\/\/iscavets.be\/fr\/wp-json\/wp\/v2\/users\/2"}],"replies":[{"embeddable":true,"href":"https:\/\/iscavets.be\/fr\/wp-json\/wp\/v2\/comments?post=1182"}],"version-history":[{"count":5,"href":"https:\/\/iscavets.be\/fr\/wp-json\/wp\/v2\/pages\/1182\/revisions"}],"predecessor-version":[{"id":2148,"href":"https:\/\/iscavets.be\/fr\/wp-json\/wp\/v2\/pages\/1182\/revisions\/2148"}],"wp:attachment":[{"href":"https:\/\/iscavets.be\/fr\/wp-json\/wp\/v2\/media?parent=1182"}],"curies":[{"name":"wp","href":"https:\/\/api.w.org\/{rel}","templated":true}]}}