{"id":1168,"date":"2022-10-05T07:33:32","date_gmt":"2022-10-05T07:33:32","guid":{"rendered":"http:\/\/iscavets.designproject.be\/?page_id=1168"},"modified":"2026-03-17T15:49:59","modified_gmt":"2026-03-17T14:49:59","slug":"praktijksoftware","status":"publish","type":"page","link":"https:\/\/iscavets.be\/fr\/praktijksoftware\/","title":{"rendered":"Logiciel "},"content":{"rendered":"\r\n<p>Iscavets a choisi avec soin son logiciel professionel pour le cabinet. Fuga r\u00e9pond \u00e0 toutes nos attentes.<br>La gestion de nos fiches patients est fluide et claire. Pour assurer la communication entre les v\u00e9t\u00e9rinaires, nous veillons \u00e0 ce que toutes les informations n\u00e9cessaires soient reprises sur la fiche de consultation. Indispensable!<br>Les radiographies, les \u00e9chographies et les r\u00e9sultats sanguins sont automatiquement li\u00e9s \u00e0 la fiche de votre animal. Dans votre bo\u00eete mail en quelques clics !<br>Les e-mails de rappel (contr\u00f4le annuel, moments de vermifuges, visites de suivi \u00e9chographie cardiaque) sont cr\u00e9\u00e9s automatiquement. Fini les oublis!<br>L&#8217;application <a href=\"http:\/\/mypets.eu\/iscavets\" data-type=\"link\" data-id=\"mypets.eu\/iscavets\">mypets.eu\/iscavets<\/a> vous donne un aper\u00e7u de toutes les consultations de votre animal, y compris le diagnostic, le traitement et le suivi. Transparent et super pratique!<br>JVous pouvez \u00e9galement t\u00e9l\u00e9charger une photo de votre (vos) animal(aux), qui appara\u00eetra ensuite dans le dossier du patient. C&#8217;est super!<br>Via cette application, vous pouvez \u00e9galement prendre des rendez-vous en ligne, commander des produits que vous avez d\u00e9j\u00e0 achet\u00e9s et consulter vos rappels de vaccins et autres. M\u00eame en dehors de nos heures d&#8217;ouverture!<br>La facture peut \u00eatre envoy\u00e9e par e-mail d&#8217;une simple pression sur un bouton. Vous pouvez savoir ce que vous payez!<br>Nous pouvons facilement vous envoyer par e-mail des documents d&#8217;information (par exemple, un plan \u00e9tape par \u00e9tape pour le brossage des dents, la nourriture pour lapins, la chirurgie post-traitement, des conseils pour les vacances lorsque vous voyagez (avec ou sans votre animal de compagnie),&#8230;). La bonne info au bon moment !<br><\/p>\r\n\r\n\r\n\r\n<div class=\"wp-block-cover is-light\" style=\"min-height:528px;aspect-ratio:unset;\"><img loading=\"lazy\" decoding=\"async\" width=\"1024\" height=\"678\" class=\"wp-block-cover__image-background wp-image-2225 size-large\" alt=\"\" src=\"https:\/\/iscavets.be\/wp-content\/uploads\/2023\/01\/DSC_0769-1024x678.jpg\" data-object-fit=\"cover\" srcset=\"https:\/\/iscavets.be\/wp-content\/uploads\/2023\/01\/DSC_0769-1024x678.jpg 1024w, https:\/\/iscavets.be\/wp-content\/uploads\/2023\/01\/DSC_0769-300x199.jpg 300w, https:\/\/iscavets.be\/wp-content\/uploads\/2023\/01\/DSC_0769-768x509.jpg 768w, https:\/\/iscavets.be\/wp-content\/uploads\/2023\/01\/DSC_0769-1536x1017.jpg 1536w, https:\/\/iscavets.be\/wp-content\/uploads\/2023\/01\/DSC_0769-2048x1356.jpg 2048w, https:\/\/iscavets.be\/wp-content\/uploads\/2023\/01\/DSC_0769-175x116.jpg 175w\" sizes=\"auto, (max-width: 1024px) 100vw, 1024px\" \/><span aria-hidden=\"true\" class=\"wp-block-cover__background has-background-dim-0 has-background-dim\" style=\"background-color:#93a4b2\"><\/span><div class=\"wp-block-cover__inner-container is-layout-flow wp-block-cover-is-layout-flow\">\r\n<p class=\"has-text-align-center has-large-font-size\"><\/p>\r\n<\/div><\/div>\r\n","protected":false},"excerpt":{"rendered":"<p>Iscavets a choisi avec soin son logiciel professionel pour le cabinet. Fuga r\u00e9pond \u00e0 toutes nos attentes.La gestion de nos fiches patients est fluide et claire. Pour assurer la communication entre les v\u00e9t\u00e9rinaires, nous veillons \u00e0 ce que toutes les informations n\u00e9cessaires soient reprises sur la fiche de consultation. Indispensable!Les radiographies, les \u00e9chographies et les&hellip;&nbsp;<a href=\"https:\/\/iscavets.be\/fr\/praktijksoftware\/\" rel=\"bookmark\">Read More &raquo;<span class=\"screen-reader-text\">Logiciel <\/span><\/a><\/p>\n","protected":false},"author":2,"featured_media":0,"parent":0,"menu_order":0,"comment_status":"closed","ping_status":"closed","template":"","meta":{"neve_meta_sidebar":"","neve_meta_container":"","neve_meta_enable_content_width":"","neve_meta_content_width":0,"neve_meta_title_alignment":"","neve_meta_author_avatar":"","neve_post_elements_order":"","neve_meta_disable_header":"","neve_meta_disable_footer":"","neve_meta_disable_title":"","footnotes":""},"class_list":["post-1168","page","type-page","status-publish","hentry"],"jetpack_sharing_enabled":true,"_links":{"self":[{"href":"https:\/\/iscavets.be\/fr\/wp-json\/wp\/v2\/pages\/1168","targetHints":{"allow":["GET"]}}],"collection":[{"href":"https:\/\/iscavets.be\/fr\/wp-json\/wp\/v2\/pages"}],"about":[{"href":"https:\/\/iscavets.be\/fr\/wp-json\/wp\/v2\/types\/page"}],"author":[{"embeddable":true,"href":"https:\/\/iscavets.be\/fr\/wp-json\/wp\/v2\/users\/2"}],"replies":[{"embeddable":true,"href":"https:\/\/iscavets.be\/fr\/wp-json\/wp\/v2\/comments?post=1168"}],"version-history":[{"count":9,"href":"https:\/\/iscavets.be\/fr\/wp-json\/wp\/v2\/pages\/1168\/revisions"}],"predecessor-version":[{"id":2629,"href":"https:\/\/iscavets.be\/fr\/wp-json\/wp\/v2\/pages\/1168\/revisions\/2629"}],"wp:attachment":[{"href":"https:\/\/iscavets.be\/fr\/wp-json\/wp\/v2\/media?parent=1168"}],"curies":[{"name":"wp","href":"https:\/\/api.w.org\/{rel}","templated":true}]}}