{"id":1161,"date":"2022-10-05T07:17:50","date_gmt":"2022-10-05T07:17:50","guid":{"rendered":"http:\/\/iscavets.designproject.be\/?page_id=1161"},"modified":"2023-05-17T12:24:38","modified_gmt":"2023-05-17T12:24:38","slug":"low-stress-handling","status":"publish","type":"page","link":"https:\/\/iscavets.be\/fr\/low-stress-handling\/","title":{"rendered":"Manipulation sans stress"},"content":{"rendered":"\r\n<p>Depuis des ann\u00e9es, chez Iscavets, nous attachons une grande importance au respect de nos amis \u00e0 quatre pattes. Ils aiment revenir, et nous sommes plus satisfaits de notre travail.<br>Nous avons d\u00e9velopp\u00e9 notre propre approche pour minimiser le stress de nos petits visiteurs. Nous affinons constamment cette approche sur la base de notre exp\u00e9rience, de la litt\u00e9rature et des cours de formation continue.<br>C\u2019est aussi la raison pour laquelle nous disposons d\u2019une hospitalisation s\u00e9par\u00e9e pour les chiens et les chats et que nous allons bient\u00f4t commencer \u00e0 r\u00e9nover les salles d\u2019attente et de consultation afin de les s\u00e9parer.<\/p>\r\n\r\n\r\n\r\n<p class=\"has-medium-font-size\"><strong><a href=\"https:\/\/iscavets.be\/fr\/katvriendelijk\/\" data-type=\"URL\">Cat Friendly: Qu&#8217;est-ce que c&#8217;est ?<\/a><\/strong><\/p>\r\n\r\n\r\n\r\n<div class=\"wp-block-cover is-light\"><span aria-hidden=\"true\" class=\"wp-block-cover__background has-background-dim-0 has-background-dim\"><\/span><img loading=\"lazy\" decoding=\"async\" width=\"2560\" height=\"1696\" class=\"wp-block-cover__image-background wp-image-1024\" alt=\"\" src=\"https:\/\/iscavets.be\/wp-content\/uploads\/2022\/10\/lilly-scaled.jpg\" data-object-fit=\"cover\" srcset=\"https:\/\/iscavets.be\/wp-content\/uploads\/2022\/10\/lilly-scaled.jpg 2560w, https:\/\/iscavets.be\/wp-content\/uploads\/2022\/10\/lilly-300x199.jpg 300w, https:\/\/iscavets.be\/wp-content\/uploads\/2022\/10\/lilly-1024x678.jpg 1024w, https:\/\/iscavets.be\/wp-content\/uploads\/2022\/10\/lilly-768x509.jpg 768w, https:\/\/iscavets.be\/wp-content\/uploads\/2022\/10\/lilly-1536x1017.jpg 1536w, https:\/\/iscavets.be\/wp-content\/uploads\/2022\/10\/lilly-2048x1356.jpg 2048w, https:\/\/iscavets.be\/wp-content\/uploads\/2022\/10\/lilly-175x116.jpg 175w\" sizes=\"auto, (max-width: 2560px) 100vw, 2560px\" \/><div class=\"wp-block-cover__inner-container is-layout-flow wp-block-cover-is-layout-flow\">\r\n<p class=\"has-text-align-center has-large-font-size\"><\/p>\r\n<\/div><\/div>\r\n","protected":false},"excerpt":{"rendered":"<p>Depuis des ann\u00e9es, chez Iscavets, nous attachons une grande importance au respect de nos amis \u00e0 quatre pattes. Ils aiment revenir, et nous sommes plus satisfaits de notre travail.Nous avons d\u00e9velopp\u00e9 notre propre approche pour minimiser le stress de nos petits visiteurs. Nous affinons constamment cette approche sur la base de notre exp\u00e9rience, de la&hellip;&nbsp;<a href=\"https:\/\/iscavets.be\/fr\/low-stress-handling\/\" rel=\"bookmark\">Read More &raquo;<span class=\"screen-reader-text\">Manipulation sans stress<\/span><\/a><\/p>\n","protected":false},"author":2,"featured_media":0,"parent":0,"menu_order":0,"comment_status":"closed","ping_status":"closed","template":"","meta":{"neve_meta_sidebar":"right","neve_meta_container":"contained","neve_meta_enable_content_width":"on","neve_meta_content_width":70,"neve_meta_title_alignment":"","neve_meta_author_avatar":"","neve_post_elements_order":"","neve_meta_disable_header":"","neve_meta_disable_footer":"","neve_meta_disable_title":"","footnotes":""},"class_list":["post-1161","page","type-page","status-publish","hentry"],"jetpack_sharing_enabled":true,"_links":{"self":[{"href":"https:\/\/iscavets.be\/fr\/wp-json\/wp\/v2\/pages\/1161","targetHints":{"allow":["GET"]}}],"collection":[{"href":"https:\/\/iscavets.be\/fr\/wp-json\/wp\/v2\/pages"}],"about":[{"href":"https:\/\/iscavets.be\/fr\/wp-json\/wp\/v2\/types\/page"}],"author":[{"embeddable":true,"href":"https:\/\/iscavets.be\/fr\/wp-json\/wp\/v2\/users\/2"}],"replies":[{"embeddable":true,"href":"https:\/\/iscavets.be\/fr\/wp-json\/wp\/v2\/comments?post=1161"}],"version-history":[{"count":10,"href":"https:\/\/iscavets.be\/fr\/wp-json\/wp\/v2\/pages\/1161\/revisions"}],"predecessor-version":[{"id":2351,"href":"https:\/\/iscavets.be\/fr\/wp-json\/wp\/v2\/pages\/1161\/revisions\/2351"}],"wp:attachment":[{"href":"https:\/\/iscavets.be\/fr\/wp-json\/wp\/v2\/media?parent=1161"}],"curies":[{"name":"wp","href":"https:\/\/api.w.org\/{rel}","templated":true}]}}